{"id":1813,"date":"2024-03-15T20:03:08","date_gmt":"2024-03-15T19:03:08","guid":{"rendered":"https:\/\/womenworldplatform.com\/?page_id=1813"},"modified":"2024-03-15T20:03:45","modified_gmt":"2024-03-15T19:03:45","slug":"politica-de-privacidad","status":"publish","type":"page","link":"https:\/\/womenworldplatform.com\/de\/politica-de-privacidad\/","title":{"rendered":"Datenschutzbestimmungen"},"content":{"rendered":"<div data-elementor-type=\"wp-page\" data-elementor-id=\"1813\" class=\"elementor elementor-1813\">\n\t\t\t\t<div class=\"elementor-element elementor-element-c805762 e-flex e-con-boxed e-con e-parent\" data-id=\"c805762\" data-element_type=\"container\" data-e-type=\"container\" data-settings=\"{&quot;background_background&quot;:&quot;classic&quot;}\">\n\t\t\t\t\t<div class=\"e-con-inner\">\n\t\t<div class=\"elementor-element elementor-element-9dbf9da e-con-full e-flex e-con e-child\" data-id=\"9dbf9da\" data-element_type=\"container\" data-e-type=\"container\">\n\t\t\t\t<div class=\"elementor-element elementor-element-af006bf elementor-widget elementor-widget-heading\" data-id=\"af006bf\" data-element_type=\"widget\" data-e-type=\"widget\" data-widget_type=\"heading.default\">\n\t\t\t\t<div class=\"elementor-widget-container\">\n\t\t\t\t\t<h1 class=\"elementor-heading-title elementor-size-default\">Datenschutzbestimmungen<\/h1>\t\t\t\t<\/div>\n\t\t\t\t<\/div>\n\t\t\t\t<\/div>\n\t\t\t\t\t<\/div>\n\t\t\t\t<\/div>\n\t\t<div class=\"elementor-element elementor-element-955ee6b e-flex e-con-boxed e-con e-parent\" data-id=\"955ee6b\" data-element_type=\"container\" data-e-type=\"container\">\n\t\t\t\t\t<div class=\"e-con-inner\">\n\t\t<div class=\"elementor-element elementor-element-4b47077 e-con-full e-flex e-con e-child\" data-id=\"4b47077\" data-element_type=\"container\" data-e-type=\"container\">\n\t\t\t\t<div class=\"elementor-element elementor-element-d952ea0 elementor-widget__width-auto elementor-widget elementor-widget-heading\" data-id=\"d952ea0\" data-element_type=\"widget\" data-e-type=\"widget\" data-widget_type=\"heading.default\">\n\t\t\t\t<div class=\"elementor-widget-container\">\n\t\t\t\t\t<h3 class=\"elementor-heading-title elementor-size-default\">Bedingungen und Konditionen<\/h3>\t\t\t\t<\/div>\n\t\t\t\t<\/div>\n\t\t\t\t<div class=\"elementor-element elementor-element-4e729db elementor-widget__width-auto elementor-widget-divider--view-line elementor-widget elementor-widget-divider\" data-id=\"4e729db\" data-element_type=\"widget\" data-e-type=\"widget\" data-widget_type=\"divider.default\">\n\t\t\t\t<div class=\"elementor-widget-container\">\n\t\t\t\t\t\t\t<div class=\"elementor-divider\">\n\t\t\t<span class=\"elementor-divider-separator\">\n\t\t\t\t\t\t<\/span>\n\t\t<\/div>\n\t\t\t\t\t\t<\/div>\n\t\t\t\t<\/div>\n\t\t\t\t<\/div>\n\t\t\t\t\t<\/div>\n\t\t\t\t<\/div>\n\t\t<div class=\"elementor-element elementor-element-715d5e8 e-flex e-con-boxed e-con e-parent\" data-id=\"715d5e8\" data-element_type=\"container\" data-e-type=\"container\">\n\t\t\t\t\t<div class=\"e-con-inner\">\n\t\t<div class=\"elementor-element elementor-element-49bbb08 e-flex e-con-boxed e-con e-child\" data-id=\"49bbb08\" data-element_type=\"container\" data-e-type=\"container\">\n\t\t\t\t\t<div class=\"e-con-inner\">\n\t\t\t\t<div class=\"elementor-element elementor-element-86432d7 elementor-widget elementor-widget-text-editor\" data-id=\"86432d7\" data-element_type=\"widget\" data-e-type=\"widget\" data-widget_type=\"text-editor.default\">\n\t\t\t\t<div class=\"elementor-widget-container\">\n\t\t\t\t\t\t\t\t\t<p>Women of the World bietet seine Dienstleistungen unter der Marke Women of the World Platform gem\u00e4\u00df den folgenden Bedingungen an:<\/p><p>ERSTENS - In \u00dcbereinstimmung mit den Informationspflichten, die in Artikel 10 des Gesetzes 34\/2002 vom 11. Juli \u00fcber die Dienste der Informationsgesellschaft und den elektronischen Handel enthalten sind, werden die folgenden Einzelheiten dargelegt:<\/p><p>Die Plattform \"Frauen der Welt\" ist Eigentum des Vereins \"Frauen der Welt\" und wird von diesem verwaltet. Die Adresse lautet: Calle Mu\u00f1oz Barrios 2, 28223 Pozuelo de Alarc\u00f3n, Madrid, Spanien, eingetragen im spanischen Vereinsregister unter der Nummer 609490 und dem CIF: G-87658043.<\/p><p>Die Dienstleistungen, die die Plattform Weltfrauen ihren Nutzern anbietet, sind diejenigen, die innerhalb des Netzwerks der Plattform Weltfrauen kostenlos zur Verf\u00fcgung gestellt werden, wobei dieser Umstand gem\u00e4\u00df Klausel neun der vorliegenden Bedingungen ge\u00e4ndert werden kann. Einige der angebotenen Dienstleistungen erfordern eine vorherige Registrierung des Nutzers und stehen nur registrierten Nutzern des Netzwerks der Plattform Frauen der Welt zur Verf\u00fcgung.<\/p><p>ZWEITENS - Durch die Nutzung des Netzes der Plattform Mujer del Mundo best\u00e4tigt der Nutzer die vorbehaltlose Annahme der vorliegenden allgemeinen Bedingungen.<\/p><p>DRITTENS - Der Nutzer verpflichtet sich, die Dienste nicht f\u00fcr Aktivit\u00e4ten zu nutzen, die gegen das Gesetz, die Moral und die \u00f6ffentliche Ordnung versto\u00dfen, und sie im Allgemeinen in \u00dcbereinstimmung mit den vorliegenden Bedingungen zu nutzen. Ebenso verpflichtet er sich, keine Werbung oder kommerziellen Aktivit\u00e4ten durchzuf\u00fchren oder Nachrichten unter falscher Identit\u00e4t oder in einer Weise zu versenden, die den Ursprung der Nachricht verschleiert.<\/p><p>VIERTENS - Die Plattform Women of the World fungiert ausschlie\u00dflich als Service, der die Kommunikation zwischen den Parteien erleichtert, und ist nicht verantwortlich f\u00fcr Inhalte, die im Widerspruch zu den allgemeinen Bedingungen stehen und von den Parteien verschickt werden, wobei der Nutzer das einzige Subjekt ist, das f\u00fcr die Richtigkeit und Rechtm\u00e4\u00dfigkeit derselben verantwortlich ist. Insbesondere ist die Nutzung des Dienstes zum Versenden oder Bewerben von Materialien, die die Dienstanbieter kritisieren, verboten.<\/p><p>F\u00dcNFTENS. - Der Nutzer verpflichtet sich, die von der Plattform Women of the World auferlegten Beschr\u00e4nkungen bei der Nutzung des Dienstes zu beachten.<\/p><p>SECHSTENS - Die Plattform \"Frauen der Welt\" ist nicht verantwortlich f\u00fcr eventuelle Fehler in der Kommunikation, einschlie\u00dflich L\u00f6schung, unvollst\u00e4ndige \u00dcbermittlung oder Verz\u00f6gerungen bei der \u00dcbermittlung, und kann nicht garantieren, dass das Netz jederzeit betriebsbereit ist. Die Plattform \"Frauen der Welt\" haftet auch nicht f\u00fcr den Fall, dass ein Dritter unter Verletzung der von der Plattform \"Frauen der Welt\" getroffenen Sicherheitsvorkehrungen auf die Nachrichten zugreift oder sie f\u00fcr die \u00dcbertragung von Computerviren verwendet.<\/p><p>Die Plattform Frauen der Welt behandelt Ihre pers\u00f6nlichen Daten mit absoluter Vertraulichkeit. Die Plattform Frauen der Welt hat daher angemessene technische und organisatorische Ma\u00dfnahmen ergriffen, um die Sicherheit Ihrer personenbezogenen Daten zu gew\u00e4hrleisten und deren Vernichtung, Verlust, unrechtm\u00e4\u00dfigen Zugriff oder unrechtm\u00e4\u00dfige Ver\u00e4nderung zu verhindern. Diese Ma\u00dfnahmen wurden unter Ber\u00fccksichtigung von Kriterien wie dem Umfang, dem Kontext und dem Zweck der Datenverarbeitung, den technischen Bedingungen und den damit verbundenen Risiken getroffen.<\/p><p>Die Plattform \"Frauen der Welt\" hat alle gesetzlich vorgeschriebenen Sicherheitsma\u00dfnahmen zum Schutz der vom Nutzer bereitgestellten personenbezogenen Daten getroffen. Die Plattform \"Frauen der Welt\" kann jedoch weder die absolute Unverletzlichkeit ihrer Sicherheitssysteme noch die Sicherheit oder Unverletzlichkeit der \u00fcber das Netz \u00fcbermittelten Daten garantieren.<\/p><p>Die Plattform Frauen der Welt garantiert weder die Rechtm\u00e4\u00dfigkeit, Zuverl\u00e4ssigkeit und N\u00fctzlichkeit der Inhalte noch deren Wahrheitsgehalt oder Genauigkeit.<\/p><p>Die Links, die die Website den Nutzern zur Verf\u00fcgung stellt, dienen ausschlie\u00dflich dem Zweck, die gleichen Informationen im Internet zu finden. Die Plattform \"Frauen der Welt\" bietet die auf den verlinkten Seiten verf\u00fcgbaren Produkte und Dienstleistungen weder an noch vermarktet sie diese, noch \u00fcbernimmt sie die Verantwortung f\u00fcr solche Produkte oder Dienstleistungen.<\/p><p>Die Plattform \"Frauen der Welt\" kann die Nutzung des Portals durch die Nutzer nicht kontrollieren und auch nicht garantieren, dass sie in \u00dcbereinstimmung mit diesen Bedingungen erfolgt.<\/p><p>SIEBENTENS - Die Plattform Frauen der Welt kann den Service einstellen oder die Beziehung zum Nutzer sofort beenden, wenn sie feststellt, dass die Nutzung ihrer Website oder einer der dort angebotenen Dienstleistungen gegen die vorliegenden allgemeinen Bedingungen verst\u00f6\u00dft.<\/p><p>ACHT - Die Plattform Frauen der Welt beh\u00e4lt sich das Recht vor, die Bereitstellung eines der Dienste des Netzes einzustellen, gen\u00fcgt es, auf dem Bildschirm Zugang zum Service mit einer Frist von f\u00fcnfzehn Tagen zu kommunizieren. Es hat auch das Recht, jederzeit und ohne Vorank\u00fcndigung die Pr\u00e4sentation und Bedingungen der Website oder Dienstleistungen und die Bedingungen f\u00fcr ihre Nutzung erforderlich zu \u00e4ndern.<\/p><p>NEUNTE - Die Plattform Frauen der Welt kann jederzeit diese Bedingungen \u00e4ndern oder neue Nutzungsbedingungen einf\u00fchren, einschlie\u00dflich der Beendigung der kostenlosen Mitgliedschaft. Diese \u00c4nderungen gelten erst ab dem Datum ihres Inkrafttretens.<\/p><p>ZEHNTENS. - Der Nutzer akzeptiert, dass die der Plattform Frauen der Welt zur Verf\u00fcgung gestellten oder in Zukunft zur Verf\u00fcgung gestellten pers\u00f6nlichen Daten in ein Register der Datenverarbeitung aufgenommen werden, das f\u00fcr die Plattform Frauen der Welt und den Inhaber des Registers verantwortlich ist.<\/p><p>Der Inhaber der Daten akzeptiert die Installation von Cookies in seinem Browser.\u00a0<\/p><p>ELTERN. - Es wird die Erlaubnis erteilt, die auf www.womenworldplatform.com ver\u00f6ffentlichten Inhalte zu vervielf\u00e4ltigen, zu verbreiten und\/oder zu ver\u00e4ndern, sofern dies nicht ausdr\u00fccklich in den Creative-Commons-Bedingungen vorgesehen ist.<\/p><p>TWELFTH. - Die Parteien akzeptieren unter ausdr\u00fccklichem Verzicht auf ihre eigene Zust\u00e4ndigkeit das spanische Recht als die f\u00fcr die allgemeinen Bedingungen geltende Gesetzgebung und unterwerfen sich den Gerichten von Madrid f\u00fcr die Beilegung von Streitigkeiten, die sich daraus ergeben k\u00f6nnten.<\/p>\t\t\t\t\t\t\t\t<\/div>\n\t\t\t\t<\/div>\n\t\t\t\t\t<\/div>\n\t\t\t\t<\/div>\n\t\t\t\t\t<\/div>\n\t\t\t\t<\/div>\n\t\t\t\t<\/div>","protected":false},"excerpt":{"rendered":"<p>Pol\u00edtica de Privacidad T\u00e9rminos y condiciones Women of the World presta sus servicios con la marca comercial Plataforma Women of the World bajo los siguientes T\u00e9rminos y Condiciones: PRIMERA. \u2013 En cumplimiento de las obligaciones de informaci\u00f3n contenidas en el art\u00edculo 10 de la Ley 34\/2002, de 11 de julio, de Servicios de la Sociedad [&hellip;]<\/p>\n","protected":false},"author":1,"featured_media":0,"parent":0,"menu_order":0,"comment_status":"closed","ping_status":"closed","template":"","meta":{"give_campaign_id":0,"_uag_custom_page_level_css":"","_monsterinsights_skip_tracking":false,"_monsterinsights_sitenote_active":false,"_monsterinsights_sitenote_note":"","_monsterinsights_sitenote_category":0,"_uf_show_specific_survey":0,"_uf_disable_surveys":false,"site-sidebar-layout":"no-sidebar","site-content-layout":"page-builder","ast-site-content-layout":"full-width-container","site-content-style":"default","site-sidebar-style":"default","ast-global-header-display":"","ast-banner-title-visibility":"","ast-main-header-display":"","ast-hfb-above-header-display":"","ast-hfb-below-header-display":"","ast-hfb-mobile-header-display":"","site-post-title":"disabled","ast-breadcrumbs-content":"","ast-featured-img":"disabled","footer-sml-layout":"","ast-disable-related-posts":"","theme-transparent-header-meta":"","adv-header-id-meta":"","stick-header-meta":"","header-above-stick-meta":"","header-main-stick-meta":"","header-below-stick-meta":"","astra-migrate-meta-layouts":"set","ast-page-background-enabled":"default","ast-page-background-meta":{"desktop":{"background-color":"","background-image":"","background-repeat":"repeat","background-position":"center center","background-size":"auto","background-attachment":"scroll","background-type":"","background-media":"","overlay-type":"","overlay-color":"","overlay-opacity":"","overlay-gradient":""},"tablet":{"background-color":"","background-image":"","background-repeat":"repeat","background-position":"center center","background-size":"auto","background-attachment":"scroll","background-type":"","background-media":"","overlay-type":"","overlay-color":"","overlay-opacity":"","overlay-gradient":""},"mobile":{"background-color":"","background-image":"","background-repeat":"repeat","background-position":"center center","background-size":"auto","background-attachment":"scroll","background-type":"","background-media":"","overlay-type":"","overlay-color":"","overlay-opacity":"","overlay-gradient":""}},"ast-content-background-meta":{"desktop":{"background-color":"var(--ast-global-color-5)","background-image":"","background-repeat":"repeat","background-position":"center center","background-size":"auto","background-attachment":"scroll","background-type":"","background-media":"","overlay-type":"","overlay-color":"","overlay-opacity":"","overlay-gradient":""},"tablet":{"background-color":"var(--ast-global-color-5)","background-image":"","background-repeat":"repeat","background-position":"center center","background-size":"auto","background-attachment":"scroll","background-type":"","background-media":"","overlay-type":"","overlay-color":"","overlay-opacity":"","overlay-gradient":""},"mobile":{"background-color":"var(--ast-global-color-5)","background-image":"","background-repeat":"repeat","background-position":"center center","background-size":"auto","background-attachment":"scroll","background-type":"","background-media":"","overlay-type":"","overlay-color":"","overlay-opacity":"","overlay-gradient":""}},"footnotes":""},"class_list":["post-1813","page","type-page","status-publish","hentry"],"aioseo_notices":[],"campaignId":"","uagb_featured_image_src":{"full":false,"thumbnail":false,"medium":false,"medium_large":false,"large":false,"1536x1536":false,"2048x2048":false,"trp-custom-language-flag":false},"uagb_author_info":{"display_name":"wowplatform","author_link":"https:\/\/womenworldplatform.com\/de\/author\/brechawow\/"},"uagb_comment_info":0,"uagb_excerpt":"Pol\u00edtica de Privacidad T\u00e9rminos y condiciones Women of the World presta sus servicios con la marca comercial Plataforma Women of the World bajo los siguientes T\u00e9rminos y Condiciones: PRIMERA. \u2013 En cumplimiento de las obligaciones de informaci\u00f3n contenidas en el art\u00edculo 10 de la Ley 34\/2002, de 11 de julio, de Servicios de la Sociedad&hellip;","rttpg_featured_image_url":null,"rttpg_author":{"display_name":"wowplatform","author_link":"https:\/\/womenworldplatform.com\/de\/author\/brechawow\/"},"rttpg_comment":0,"rttpg_category":null,"rttpg_excerpt":"Pol\u00edtica de Privacidad T\u00e9rminos y condiciones Women of the World presta sus servicios con la marca comercial Plataforma Women of the World bajo los siguientes T\u00e9rminos y Condiciones: PRIMERA. \u2013 En cumplimiento de las obligaciones de informaci\u00f3n contenidas en el art\u00edculo 10 de la Ley 34\/2002, de 11 de julio, de Servicios de la Sociedad&hellip;","_links":{"self":[{"href":"https:\/\/womenworldplatform.com\/de\/wp-json\/wp\/v2\/pages\/1813"}],"collection":[{"href":"https:\/\/womenworldplatform.com\/de\/wp-json\/wp\/v2\/pages"}],"about":[{"href":"https:\/\/womenworldplatform.com\/de\/wp-json\/wp\/v2\/types\/page"}],"author":[{"embeddable":true,"href":"https:\/\/womenworldplatform.com\/de\/wp-json\/wp\/v2\/users\/1"}],"replies":[{"embeddable":true,"href":"https:\/\/womenworldplatform.com\/de\/wp-json\/wp\/v2\/comments?post=1813"}],"version-history":[{"count":4,"href":"https:\/\/womenworldplatform.com\/de\/wp-json\/wp\/v2\/pages\/1813\/revisions"}],"predecessor-version":[{"id":1817,"href":"https:\/\/womenworldplatform.com\/de\/wp-json\/wp\/v2\/pages\/1813\/revisions\/1817"}],"wp:attachment":[{"href":"https:\/\/womenworldplatform.com\/de\/wp-json\/wp\/v2\/media?parent=1813"}],"curies":[{"name":"wp","href":"https:\/\/api.w.org\/{rel}","templated":true}]}}