{"id":2577,"date":"2024-08-06T19:43:47","date_gmt":"2024-08-06T17:43:47","guid":{"rendered":"https:\/\/womenworldplatform.com\/?page_id=2577"},"modified":"2024-08-08T18:56:41","modified_gmt":"2024-08-08T16:56:41","slug":"resources-2","status":"publish","type":"page","link":"https:\/\/womenworldplatform.com\/de\/resources-2\/","title":{"rendered":"Ressourcen-2"},"content":{"rendered":"<div data-elementor-type=\"wp-page\" data-elementor-id=\"2577\" class=\"elementor elementor-2577\">\n\t\t\t\t<div class=\"elementor-element elementor-element-326985d4 e-flex e-con-boxed e-con e-parent\" data-id=\"326985d4\" data-element_type=\"container\" data-e-type=\"container\" data-settings=\"{&quot;background_background&quot;:&quot;classic&quot;}\">\n\t\t\t\t\t<div class=\"e-con-inner\">\n\t\t<div class=\"elementor-element elementor-element-17242585 e-con-full e-flex e-con e-child\" data-id=\"17242585\" data-element_type=\"container\" data-e-type=\"container\">\n\t\t\t\t<div class=\"elementor-element elementor-element-64cd9829 elementor-widget elementor-widget-heading\" data-id=\"64cd9829\" data-element_type=\"widget\" data-e-type=\"widget\" data-widget_type=\"heading.default\">\n\t\t\t\t<div class=\"elementor-widget-container\">\n\t\t\t\t\t<h1 class=\"elementor-heading-title elementor-size-default\">Ressourcen<\/h1>\t\t\t\t<\/div>\n\t\t\t\t<\/div>\n\t\t\t\t<\/div>\n\t\t\t\t\t<\/div>\n\t\t\t\t<\/div>\n\t\t<div class=\"elementor-element elementor-element-60f5cbf e-flex e-con-boxed e-con e-parent\" data-id=\"60f5cbf\" data-element_type=\"container\" data-e-type=\"container\" data-settings=\"{&quot;background_background&quot;:&quot;classic&quot;}\">\n\t\t\t\t\t<div class=\"e-con-inner\">\n\t\t<div class=\"elementor-element elementor-element-5a694c7e e-con-full e-flex e-con e-child\" data-id=\"5a694c7e\" data-element_type=\"container\" data-e-type=\"container\">\n\t\t<div class=\"elementor-element elementor-element-70e2159e e-con-full e-flex e-con e-child\" data-id=\"70e2159e\" data-element_type=\"container\" data-e-type=\"container\">\n\t\t<div class=\"elementor-element elementor-element-1415f4e6 e-con-full e-flex e-con e-child\" data-id=\"1415f4e6\" data-element_type=\"container\" data-e-type=\"container\">\n\t\t\t\t<div class=\"elementor-element elementor-element-fdffd21 elementor-widget elementor-widget-image\" data-id=\"fdffd21\" data-element_type=\"widget\" data-e-type=\"widget\" data-widget_type=\"image.default\">\n\t\t\t\t<div class=\"elementor-widget-container\">\n\t\t\t\t\t\t\t\t\t\t\t\t\t\t\t\t<a href=\"https:\/\/womenworldplatform.com\/de\/propuestas-politicas-arg-wow\/\">\n\t\t\t\t\t\t\t<img decoding=\"async\" src=\"https:\/\/womenworldplatform.com\/wp-content\/uploads\/2024\/08\/Propuestas-politicas-ArgWoW-2021.jpg\" title=\"\" alt=\"\" loading=\"lazy\" \/>\t\t\t\t\t\t\t\t<\/a>\n\t\t\t\t\t\t\t\t\t\t\t\t\t\t\t<\/div>\n\t\t\t\t<\/div>\n\t\t\t\t<\/div>\n\t\t<div class=\"elementor-element elementor-element-4f9ad84c e-con-full e-flex e-con e-child\" data-id=\"4f9ad84c\" data-element_type=\"container\" data-e-type=\"container\">\n\t\t\t\t<div class=\"elementor-element elementor-element-93ecf9b elementor-widget elementor-widget-heading\" data-id=\"93ecf9b\" data-element_type=\"widget\" data-e-type=\"widget\" data-widget_type=\"heading.default\">\n\t\t\t\t<div class=\"elementor-widget-container\">\n\t\t\t\t\t<h3 class=\"elementor-heading-title elementor-size-default\">10 politische Vorschl\u00e4ge f\u00fcr Frauen und Mutterschaft<\/h3>\t\t\t\t<\/div>\n\t\t\t\t<\/div>\n\t\t\t\t<div class=\"elementor-element elementor-element-35196c4e elementor-widget elementor-widget-heading\" data-id=\"35196c4e\" data-element_type=\"widget\" data-e-type=\"widget\" data-widget_type=\"heading.default\">\n\t\t\t\t<div class=\"elementor-widget-container\">\n\t\t\t\t\t<h5 class=\"elementor-heading-title elementor-size-default\">9. September 2021<\/h5>\t\t\t\t<\/div>\n\t\t\t\t<\/div>\n\t\t\t\t<div class=\"elementor-element elementor-element-2fd330ce elementor-widget elementor-widget-text-editor\" data-id=\"2fd330ce\" data-element_type=\"widget\" data-e-type=\"widget\" data-widget_type=\"text-editor.default\">\n\t\t\t\t<div class=\"elementor-widget-container\">\n\t\t\t\t\t\t\t\t\t<p>Es besteht kein Zweifel, dass sich die Gesellschaft in ihren kulturellen Grundlagen, Mustern und Bestrebungen ver\u00e4ndert. Doch trotz der erheblichen Ver\u00e4nderungen bleibt die Mutterschaft ein Schl\u00fcsselelement der sozialen Struktur.<\/p>\t\t\t\t\t\t\t\t<\/div>\n\t\t\t\t<\/div>\n\t\t\t\t<div class=\"elementor-element elementor-element-2e0f9957 elementor-widget elementor-widget-text-editor\" data-id=\"2e0f9957\" data-element_type=\"widget\" data-e-type=\"widget\" data-widget_type=\"text-editor.default\">\n\t\t\t\t<div class=\"elementor-widget-container\">\n\t\t\t\t\t\t\t\t\t<p><a href=\"https:\/\/womenworldplatform.com\/de\/propuestas-politicas-arg-wow\/\">Ich bin eine Frau, ich bin eine Mutter, ich bin ein Profi<\/a><\/p>\t\t\t\t\t\t\t\t<\/div>\n\t\t\t\t<\/div>\n\t\t\t\t<\/div>\n\t\t\t\t<\/div>\n\t\t\t\t<\/div>\n\t\t\t\t\t<\/div>\n\t\t\t\t<\/div>\n\t\t<div class=\"elementor-element elementor-element-7407325f e-flex e-con-boxed e-con e-parent\" data-id=\"7407325f\" data-element_type=\"container\" data-e-type=\"container\">\n\t\t\t\t\t<div class=\"e-con-inner\">\n\t\t<div class=\"elementor-element elementor-element-2e5ea7ae e-con-full e-flex e-con e-child\" data-id=\"2e5ea7ae\" data-element_type=\"container\" data-e-type=\"container\">\n\t\t<div class=\"elementor-element elementor-element-5e68e31a e-con-full e-flex e-con e-child\" data-id=\"5e68e31a\" data-element_type=\"container\" data-e-type=\"container\">\n\t\t<div class=\"elementor-element elementor-element-56d3d302 e-con-full e-flex e-con e-child\" data-id=\"56d3d302\" data-element_type=\"container\" data-e-type=\"container\">\n\t\t\t\t<div class=\"elementor-element elementor-element-3709beeb elementor-widget elementor-widget-image\" data-id=\"3709beeb\" data-element_type=\"widget\" data-e-type=\"widget\" data-widget_type=\"image.default\">\n\t\t\t\t<div class=\"elementor-widget-container\">\n\t\t\t\t\t\t\t\t\t\t\t\t\t\t\t\t<a href=\"https:\/\/womenworldplatform.com\/de\/video-celebrando-el-dia-del-padre\/\">\n\t\t\t\t\t\t\t<img decoding=\"async\" src=\"https:\/\/womenworldplatform.com\/wp-content\/uploads\/2024\/08\/Feliz-dia-del-padre-video-2021.jpg\" title=\"\" alt=\"\" loading=\"lazy\" \/>\t\t\t\t\t\t\t\t<\/a>\n\t\t\t\t\t\t\t\t\t\t\t\t\t\t\t<\/div>\n\t\t\t\t<\/div>\n\t\t\t\t<\/div>\n\t\t<div class=\"elementor-element elementor-element-7f5517fa e-con-full e-flex e-con e-child\" data-id=\"7f5517fa\" data-element_type=\"container\" data-e-type=\"container\">\n\t\t\t\t<div class=\"elementor-element elementor-element-2f4ebd12 elementor-widget elementor-widget-heading\" data-id=\"2f4ebd12\" data-element_type=\"widget\" data-e-type=\"widget\" data-widget_type=\"heading.default\">\n\t\t\t\t<div class=\"elementor-widget-container\">\n\t\t\t\t\t<h3 class=\"elementor-heading-title elementor-size-default\">DEN VATERTAG FEIERN<\/h3>\t\t\t\t<\/div>\n\t\t\t\t<\/div>\n\t\t\t\t<div class=\"elementor-element elementor-element-169dacdb elementor-widget elementor-widget-heading\" data-id=\"169dacdb\" data-element_type=\"widget\" data-e-type=\"widget\" data-widget_type=\"heading.default\">\n\t\t\t\t<div class=\"elementor-widget-container\">\n\t\t\t\t\t<h5 class=\"elementor-heading-title elementor-size-default\">16. Juni 2021<\/h5>\t\t\t\t<\/div>\n\t\t\t\t<\/div>\n\t\t\t\t<div class=\"elementor-element elementor-element-389c8b elementor-widget elementor-widget-text-editor\" data-id=\"389c8b\" data-element_type=\"widget\" data-e-type=\"widget\" data-widget_type=\"text-editor.default\">\n\t\t\t\t<div class=\"elementor-widget-container\">\n\t\t\t\t\t\t\t\t\t<p>Alles Gute zum Vatertag, danke Papa und danke Ehemann! Ohne dich w\u00e4re das Leben nur halb so sch\u00f6n und doppelt so schwer.<\/p>\t\t\t\t\t\t\t\t<\/div>\n\t\t\t\t<\/div>\n\t\t\t\t<div class=\"elementor-element elementor-element-650c6e41 elementor-widget elementor-widget-text-editor\" data-id=\"650c6e41\" data-element_type=\"widget\" data-e-type=\"widget\" data-widget_type=\"text-editor.default\">\n\t\t\t\t<div class=\"elementor-widget-container\">\n\t\t\t\t\t\t\t\t\t<p><a href=\"https:\/\/womenworldplatform.com\/de\/video-celebrando-el-dia-del-padre\/\">Video zur Feier des Vatertags<\/a><\/p>\t\t\t\t\t\t\t\t<\/div>\n\t\t\t\t<\/div>\n\t\t\t\t<\/div>\n\t\t\t\t<\/div>\n\t\t\t\t<\/div>\n\t\t\t\t\t<\/div>\n\t\t\t\t<\/div>\n\t\t<div class=\"elementor-element elementor-element-1ecd01cd e-flex e-con-boxed e-con e-parent\" data-id=\"1ecd01cd\" data-element_type=\"container\" data-e-type=\"container\">\n\t\t\t\t\t<div class=\"e-con-inner\">\n\t\t<div class=\"elementor-element elementor-element-ddd29e e-con-full e-flex e-con e-child\" data-id=\"ddd29e\" data-element_type=\"container\" data-e-type=\"container\">\n\t\t<div class=\"elementor-element elementor-element-178b8a77 e-con-full e-flex e-con e-child\" data-id=\"178b8a77\" data-element_type=\"container\" data-e-type=\"container\">\n\t\t<div class=\"elementor-element elementor-element-2479dca8 e-con-full e-flex e-con e-child\" data-id=\"2479dca8\" data-element_type=\"container\" data-e-type=\"container\">\n\t\t\t\t<div class=\"elementor-element elementor-element-27d6ee5d elementor-widget elementor-widget-image\" data-id=\"27d6ee5d\" data-element_type=\"widget\" data-e-type=\"widget\" data-widget_type=\"image.default\">\n\t\t\t\t<div class=\"elementor-widget-container\">\n\t\t\t\t\t\t\t\t\t\t\t\t\t\t\t\t<a href=\"https:\/\/womenworldplatform.com\/de\/la-maternidad-es-el-mejor-regalo\/\">\n\t\t\t\t\t\t\t<img decoding=\"async\" src=\"https:\/\/womenworldplatform.com\/wp-content\/uploads\/2024\/08\/Maternidad-un-bien-social-2021.jpg\" title=\"\" alt=\"\" loading=\"lazy\" \/>\t\t\t\t\t\t\t\t<\/a>\n\t\t\t\t\t\t\t\t\t\t\t\t\t\t\t<\/div>\n\t\t\t\t<\/div>\n\t\t\t\t<\/div>\n\t\t<div class=\"elementor-element elementor-element-230b6152 e-con-full e-flex e-con e-child\" data-id=\"230b6152\" data-element_type=\"container\" data-e-type=\"container\">\n\t\t\t\t<div class=\"elementor-element elementor-element-2dd7a303 elementor-widget elementor-widget-heading\" data-id=\"2dd7a303\" data-element_type=\"widget\" data-e-type=\"widget\" data-widget_type=\"heading.default\">\n\t\t\t\t<div class=\"elementor-widget-container\">\n\t\t\t\t\t<h3 class=\"elementor-heading-title elementor-size-default\">MUTTERSCHAFT IST DAS BESTE GESCHENK<\/h3>\t\t\t\t<\/div>\n\t\t\t\t<\/div>\n\t\t\t\t<div class=\"elementor-element elementor-element-15c2582c elementor-widget elementor-widget-heading\" data-id=\"15c2582c\" data-element_type=\"widget\" data-e-type=\"widget\" data-widget_type=\"heading.default\">\n\t\t\t\t<div class=\"elementor-widget-container\">\n\t\t\t\t\t<h5 class=\"elementor-heading-title elementor-size-default\">30. April 2021<\/h5>\t\t\t\t<\/div>\n\t\t\t\t<\/div>\n\t\t\t\t<div class=\"elementor-element elementor-element-b093372 elementor-widget elementor-widget-text-editor\" data-id=\"b093372\" data-element_type=\"widget\" data-e-type=\"widget\" data-widget_type=\"text-editor.default\">\n\t\t\t\t<div class=\"elementor-widget-container\">\n\t\t\t\t\t\t\t\t\t<div class=\"page\" title=\"Seite 1\"><div class=\"layoutArea\"><div class=\"column\"><p>Siehe das Manifest, das in Englisch, Spanisch und Italienisch verf\u00fcgbar ist, sowie den Sonderbericht \u00fcber den sozialen Beitrag der Mutterschaft auf internationaler Ebene.<\/p><\/div><\/div><\/div>\t\t\t\t\t\t\t\t<\/div>\n\t\t\t\t<\/div>\n\t\t\t\t<div class=\"elementor-element elementor-element-558a6f70 elementor-widget elementor-widget-text-editor\" data-id=\"558a6f70\" data-element_type=\"widget\" data-e-type=\"widget\" data-widget_type=\"text-editor.default\">\n\t\t\t\t<div class=\"elementor-widget-container\">\n\t\t\t\t\t\t\t\t\t<p><a href=\"https:\/\/womenworldplatform.com\/de\/la-maternidad-es-el-mejor-regalo\/\">Mutterschaft ist das beste Geschenk!<\/a><\/p>\t\t\t\t\t\t\t\t<\/div>\n\t\t\t\t<\/div>\n\t\t\t\t<\/div>\n\t\t\t\t<\/div>\n\t\t\t\t<\/div>\n\t\t\t\t\t<\/div>\n\t\t\t\t<\/div>\n\t\t<div class=\"elementor-element elementor-element-725db060 e-flex e-con-boxed e-con e-parent\" data-id=\"725db060\" data-element_type=\"container\" data-e-type=\"container\">\n\t\t\t\t\t<div class=\"e-con-inner\">\n\t\t<div class=\"elementor-element elementor-element-2ab03761 e-con-full e-flex e-con e-child\" data-id=\"2ab03761\" data-element_type=\"container\" data-e-type=\"container\">\n\t\t<div class=\"elementor-element elementor-element-588310fe e-con-full e-flex e-con e-child\" data-id=\"588310fe\" data-element_type=\"container\" data-e-type=\"container\">\n\t\t<div class=\"elementor-element elementor-element-14e89d6f e-con-full e-flex e-con e-child\" data-id=\"14e89d6f\" data-element_type=\"container\" data-e-type=\"container\">\n\t\t\t\t<div class=\"elementor-element elementor-element-48da60ef elementor-widget elementor-widget-image\" data-id=\"48da60ef\" data-element_type=\"widget\" data-e-type=\"widget\" data-widget_type=\"image.default\">\n\t\t\t\t<div class=\"elementor-widget-container\">\n\t\t\t\t\t\t\t\t\t\t\t\t\t\t\t\t<a href=\"https:\/\/womenworldplatform.com\/de\/un_8m_contra_la_explotacion_de_la_mujer\/\">\n\t\t\t\t\t\t\t<img decoding=\"async\" src=\"https:\/\/womenworldplatform.com\/wp-content\/uploads\/2024\/08\/Primer-aniversario-Consenso-Ginebra-2021.jpg\" title=\"\" alt=\"\" loading=\"lazy\" \/>\t\t\t\t\t\t\t\t<\/a>\n\t\t\t\t\t\t\t\t\t\t\t\t\t\t\t<\/div>\n\t\t\t\t<\/div>\n\t\t\t\t<\/div>\n\t\t<div class=\"elementor-element elementor-element-3df2af1e e-con-full e-flex e-con e-child\" data-id=\"3df2af1e\" data-element_type=\"container\" data-e-type=\"container\">\n\t\t\t\t<div class=\"elementor-element elementor-element-7558564 elementor-widget elementor-widget-heading\" data-id=\"7558564\" data-element_type=\"widget\" data-e-type=\"widget\" data-widget_type=\"heading.default\">\n\t\t\t\t<div class=\"elementor-widget-container\">\n\t\t\t\t\t<h3 class=\"elementor-heading-title elementor-size-default\">ERSTER JAHRESTAG DER ERKL\u00c4RUNG ZUM KONSENS VON GENF<\/h3>\t\t\t\t<\/div>\n\t\t\t\t<\/div>\n\t\t\t\t<div class=\"elementor-element elementor-element-38d02563 elementor-widget elementor-widget-heading\" data-id=\"38d02563\" data-element_type=\"widget\" data-e-type=\"widget\" data-widget_type=\"heading.default\">\n\t\t\t\t<div class=\"elementor-widget-container\">\n\t\t\t\t\t<h5 class=\"elementor-heading-title elementor-size-default\">7. April 2021<\/h5>\t\t\t\t<\/div>\n\t\t\t\t<\/div>\n\t\t\t\t<div class=\"elementor-element elementor-element-78423e42 elementor-widget elementor-widget-text-editor\" data-id=\"78423e42\" data-element_type=\"widget\" data-e-type=\"widget\" data-widget_type=\"text-editor.default\">\n\t\t\t\t<div class=\"elementor-widget-container\">\n\t\t\t\t\t\t\t\t\t<div class=\"page\" title=\"Seite 1\"><div class=\"layoutArea\"><div class=\"column\"><p>\"Gemeinsam sind wir st\u00e4rker\" Allgemeines Motto der Genfer Konsenserkl\u00e4rung.<\/p><\/div><\/div><\/div>\t\t\t\t\t\t\t\t<\/div>\n\t\t\t\t<\/div>\n\t\t\t\t<div class=\"elementor-element elementor-element-36583ada elementor-widget elementor-widget-text-editor\" data-id=\"36583ada\" data-element_type=\"widget\" data-e-type=\"widget\" data-widget_type=\"text-editor.default\">\n\t\t\t\t<div class=\"elementor-widget-container\">\n\t\t\t\t\t\t\t\t\t<p><a href=\"https:\/\/womenworldplatform.com\/de\/primer-aniversario-declaracion-consenso-de-ginebra\/\">Video-Zusammenfassung<\/a><\/p>\t\t\t\t\t\t\t\t<\/div>\n\t\t\t\t<\/div>\n\t\t\t\t<\/div>\n\t\t\t\t<\/div>\n\t\t\t\t<\/div>\n\t\t\t\t\t<\/div>\n\t\t\t\t<\/div>\n\t\t<div class=\"elementor-element elementor-element-1a70900f e-flex e-con-boxed e-con e-parent\" data-id=\"1a70900f\" data-element_type=\"container\" data-e-type=\"container\">\n\t\t\t\t\t<div class=\"e-con-inner\">\n\t\t<div class=\"elementor-element elementor-element-3fd0157a e-con-full e-flex e-con e-child\" data-id=\"3fd0157a\" data-element_type=\"container\" data-e-type=\"container\">\n\t\t<div class=\"elementor-element elementor-element-6c156dea e-con-full e-flex e-con e-child\" data-id=\"6c156dea\" data-element_type=\"container\" data-e-type=\"container\">\n\t\t<div class=\"elementor-element elementor-element-13dc5313 e-con-full e-flex e-con e-child\" data-id=\"13dc5313\" data-element_type=\"container\" data-e-type=\"container\">\n\t\t\t\t<div class=\"elementor-element elementor-element-5a30c1db elementor-widget elementor-widget-image\" data-id=\"5a30c1db\" data-element_type=\"widget\" data-e-type=\"widget\" data-widget_type=\"image.default\">\n\t\t\t\t<div class=\"elementor-widget-container\">\n\t\t\t\t\t\t\t\t\t\t\t\t\t\t\t\t<a href=\"https:\/\/womenworldplatform.com\/de\/un-8m-diferente-es-posible\/\">\n\t\t\t\t\t\t\t<img decoding=\"async\" src=\"https:\/\/womenworldplatform.com\/wp-content\/uploads\/2024\/08\/8M-diferente-2021.jpg\" title=\"\" alt=\"\" loading=\"lazy\" \/>\t\t\t\t\t\t\t\t<\/a>\n\t\t\t\t\t\t\t\t\t\t\t\t\t\t\t<\/div>\n\t\t\t\t<\/div>\n\t\t\t\t<\/div>\n\t\t<div class=\"elementor-element elementor-element-51b41b1c e-con-full e-flex e-con e-child\" data-id=\"51b41b1c\" data-element_type=\"container\" data-e-type=\"container\">\n\t\t\t\t<div class=\"elementor-element elementor-element-15028690 elementor-widget elementor-widget-heading\" data-id=\"15028690\" data-element_type=\"widget\" data-e-type=\"widget\" data-widget_type=\"heading.default\">\n\t\t\t\t<div class=\"elementor-widget-container\">\n\t\t\t\t\t<h3 class=\"elementor-heading-title elementor-size-default\">8M<\/h3>\t\t\t\t<\/div>\n\t\t\t\t<\/div>\n\t\t\t\t<div class=\"elementor-element elementor-element-4b22bcaa elementor-widget elementor-widget-heading\" data-id=\"4b22bcaa\" data-element_type=\"widget\" data-e-type=\"widget\" data-widget_type=\"heading.default\">\n\t\t\t\t<div class=\"elementor-widget-container\">\n\t\t\t\t\t<h5 class=\"elementor-heading-title elementor-size-default\">18. M\u00e4rz 2021<\/h5>\t\t\t\t<\/div>\n\t\t\t\t<\/div>\n\t\t\t\t<div class=\"elementor-element elementor-element-7769d990 elementor-widget elementor-widget-text-editor\" data-id=\"7769d990\" data-element_type=\"widget\" data-e-type=\"widget\" data-widget_type=\"text-editor.default\">\n\t\t\t\t<div class=\"elementor-widget-container\">\n\t\t\t\t\t\t\t\t\t<p>8 Antworten f\u00fcr eine andere 8M - mit der anderen H\u00e4lfte der Welt!<\/p>\t\t\t\t\t\t\t\t<\/div>\n\t\t\t\t<\/div>\n\t\t\t\t<div class=\"elementor-element elementor-element-6f2fafe3 elementor-widget elementor-widget-text-editor\" data-id=\"6f2fafe3\" data-element_type=\"widget\" data-e-type=\"widget\" data-widget_type=\"text-editor.default\">\n\t\t\t\t<div class=\"elementor-widget-container\">\n\t\t\t\t\t\t\t\t\t<p><a href=\"https:\/\/womenworldplatform.com\/de\/un-8m-diferente-es-posible\/\">Eine andere 8M ist m\u00f6glich<\/a><\/p>\t\t\t\t\t\t\t\t<\/div>\n\t\t\t\t<\/div>\n\t\t\t\t<\/div>\n\t\t\t\t<\/div>\n\t\t\t\t<\/div>\n\t\t\t\t\t<\/div>\n\t\t\t\t<\/div>\n\t\t<div class=\"elementor-element elementor-element-faa419e e-flex e-con-boxed e-con e-parent\" data-id=\"faa419e\" data-element_type=\"container\" data-e-type=\"container\">\n\t\t\t\t\t<div class=\"e-con-inner\">\n\t\t<div class=\"elementor-element elementor-element-451135f9 e-con-full e-grid e-con e-child\" data-id=\"451135f9\" data-element_type=\"container\" data-e-type=\"container\">\n\t\t\t\t<div class=\"elementor-element elementor-element-fdbe70b elementor-align-center elementor-widget elementor-widget-button\" data-id=\"fdbe70b\" data-element_type=\"widget\" data-e-type=\"widget\" data-widget_type=\"button.default\">\n\t\t\t\t<div class=\"elementor-widget-container\">\n\t\t\t\t\t\t\t\t\t<div class=\"elementor-button-wrapper\">\n\t\t\t\t\t<a class=\"elementor-button elementor-button-link elementor-size-sm\" href=\"https:\/\/womenworldplatform.com\/de\/resources\/\">\n\t\t\t\t\t\t<span class=\"elementor-button-content-wrapper\">\n\t\t\t\t\t\t\t\t\t<span class=\"elementor-button-text\">J\u00fcngste<\/span>\n\t\t\t\t\t<\/span>\n\t\t\t\t\t<\/a>\n\t\t\t\t<\/div>\n\t\t\t\t\t\t\t\t<\/div>\n\t\t\t\t<\/div>\n\t\t\t\t<div class=\"elementor-element elementor-element-7ed58e2 elementor-align-center elementor-widget elementor-widget-button\" data-id=\"7ed58e2\" data-element_type=\"widget\" data-e-type=\"widget\" data-widget_type=\"button.default\">\n\t\t\t\t<div class=\"elementor-widget-container\">\n\t\t\t\t\t\t\t\t\t<div class=\"elementor-button-wrapper\">\n\t\t\t\t\t<a class=\"elementor-button elementor-button-link elementor-size-sm\" href=\"https:\/\/womenworldplatform.com\/de\/resources-3\/\">\n\t\t\t\t\t\t<span class=\"elementor-button-content-wrapper\">\n\t\t\t\t\t\t\t\t\t<span class=\"elementor-button-text\">\u00c4ltere<\/span>\n\t\t\t\t\t<\/span>\n\t\t\t\t\t<\/a>\n\t\t\t\t<\/div>\n\t\t\t\t\t\t\t\t<\/div>\n\t\t\t\t<\/div>\n\t\t\t\t<\/div>\n\t\t\t\t\t<\/div>\n\t\t\t\t<\/div>\n\t\t\t\t<\/div>","protected":false},"excerpt":{"rendered":"<p>Recursos 10 propuestas pol\u00edticas a favor de la mujer y la maternidad 9 de septiembre de 2021 No cabe duda que la sociedad est\u00e1 cambiando en sus bases culturales, sus modelos y sus aspiraciones. Sin embargo, a pesar de los cambios sustanciales que se producen, la maternidad sigue siendo un elemento clave de la estructura [&hellip;]<\/p>\n","protected":false},"author":1,"featured_media":0,"parent":0,"menu_order":0,"comment_status":"closed","ping_status":"closed","template":"","meta":{"give_campaign_id":0,"_uag_custom_page_level_css":"","_monsterinsights_skip_tracking":false,"_monsterinsights_sitenote_active":false,"_monsterinsights_sitenote_note":"","_monsterinsights_sitenote_category":0,"_uf_show_specific_survey":0,"_uf_disable_surveys":false,"site-sidebar-layout":"no-sidebar","site-content-layout":"page-builder","ast-site-content-layout":"full-width-container","site-content-style":"default","site-sidebar-style":"default","ast-global-header-display":"","ast-banner-title-visibility":"","ast-main-header-display":"","ast-hfb-above-header-display":"","ast-hfb-below-header-display":"","ast-hfb-mobile-header-display":"","site-post-title":"disabled","ast-breadcrumbs-content":"","ast-featured-img":"disabled","footer-sml-layout":"","ast-disable-related-posts":"","theme-transparent-header-meta":"","adv-header-id-meta":"","stick-header-meta":"","header-above-stick-meta":"","header-main-stick-meta":"","header-below-stick-meta":"","astra-migrate-meta-layouts":"set","ast-page-background-enabled":"default","ast-page-background-meta":{"desktop":{"background-color":"","background-image":"","background-repeat":"repeat","background-position":"center center","background-size":"auto","background-attachment":"scroll","background-type":"","background-media":"","overlay-type":"","overlay-color":"","overlay-opacity":"","overlay-gradient":""},"tablet":{"background-color":"","background-image":"","background-repeat":"repeat","background-position":"center center","background-size":"auto","background-attachment":"scroll","background-type":"","background-media":"","overlay-type":"","overlay-color":"","overlay-opacity":"","overlay-gradient":""},"mobile":{"background-color":"","background-image":"","background-repeat":"repeat","background-position":"center center","background-size":"auto","background-attachment":"scroll","background-type":"","background-media":"","overlay-type":"","overlay-color":"","overlay-opacity":"","overlay-gradient":""}},"ast-content-background-meta":{"desktop":{"background-color":"var(--ast-global-color-5)","background-image":"","background-repeat":"repeat","background-position":"center center","background-size":"auto","background-attachment":"scroll","background-type":"","background-media":"","overlay-type":"","overlay-color":"","overlay-opacity":"","overlay-gradient":""},"tablet":{"background-color":"var(--ast-global-color-5)","background-image":"","background-repeat":"repeat","background-position":"center center","background-size":"auto","background-attachment":"scroll","background-type":"","background-media":"","overlay-type":"","overlay-color":"","overlay-opacity":"","overlay-gradient":""},"mobile":{"background-color":"var(--ast-global-color-5)","background-image":"","background-repeat":"repeat","background-position":"center center","background-size":"auto","background-attachment":"scroll","background-type":"","background-media":"","overlay-type":"","overlay-color":"","overlay-opacity":"","overlay-gradient":""}},"footnotes":""},"class_list":["post-2577","page","type-page","status-publish","hentry"],"aioseo_notices":[],"campaignId":"","uagb_featured_image_src":{"full":false,"thumbnail":false,"medium":false,"medium_large":false,"large":false,"1536x1536":false,"2048x2048":false,"trp-custom-language-flag":false},"uagb_author_info":{"display_name":"wowplatform","author_link":"https:\/\/womenworldplatform.com\/de\/author\/brechawow\/"},"uagb_comment_info":0,"uagb_excerpt":"Recursos 10 propuestas pol\u00edticas a favor de la mujer y la maternidad 9 de septiembre de 2021 No cabe duda que la sociedad est\u00e1 cambiando en sus bases culturales, sus modelos y sus aspiraciones. Sin embargo, a pesar de los cambios sustanciales que se producen, la maternidad sigue siendo un elemento clave de la estructura&hellip;","rttpg_featured_image_url":null,"rttpg_author":{"display_name":"wowplatform","author_link":"https:\/\/womenworldplatform.com\/de\/author\/brechawow\/"},"rttpg_comment":0,"rttpg_category":null,"rttpg_excerpt":"Recursos 10 propuestas pol\u00edticas a favor de la mujer y la maternidad 9 de septiembre de 2021 No cabe duda que la sociedad est\u00e1 cambiando en sus bases culturales, sus modelos y sus aspiraciones. Sin embargo, a pesar de los cambios sustanciales que se producen, la maternidad sigue siendo un elemento clave de la estructura&hellip;","_links":{"self":[{"href":"https:\/\/womenworldplatform.com\/de\/wp-json\/wp\/v2\/pages\/2577"}],"collection":[{"href":"https:\/\/womenworldplatform.com\/de\/wp-json\/wp\/v2\/pages"}],"about":[{"href":"https:\/\/womenworldplatform.com\/de\/wp-json\/wp\/v2\/types\/page"}],"author":[{"embeddable":true,"href":"https:\/\/womenworldplatform.com\/de\/wp-json\/wp\/v2\/users\/1"}],"replies":[{"embeddable":true,"href":"https:\/\/womenworldplatform.com\/de\/wp-json\/wp\/v2\/comments?post=2577"}],"version-history":[{"count":62,"href":"https:\/\/womenworldplatform.com\/de\/wp-json\/wp\/v2\/pages\/2577\/revisions"}],"predecessor-version":[{"id":2727,"href":"https:\/\/womenworldplatform.com\/de\/wp-json\/wp\/v2\/pages\/2577\/revisions\/2727"}],"wp:attachment":[{"href":"https:\/\/womenworldplatform.com\/de\/wp-json\/wp\/v2\/media?parent=2577"}],"curies":[{"name":"wp","href":"https:\/\/api.w.org\/{rel}","templated":true}]}}