{"id":1732,"date":"2024-03-14T22:23:19","date_gmt":"2024-03-14T21:23:19","guid":{"rendered":"https:\/\/womenworldplatform.com\/?page_id=1732"},"modified":"2024-08-05T21:15:13","modified_gmt":"2024-08-05T19:15:13","slug":"plataforma-global","status":"publish","type":"page","link":"https:\/\/womenworldplatform.com\/en\/plataforma-global\/","title":{"rendered":"Global Platform"},"content":{"rendered":"<div data-elementor-type=\"wp-page\" data-elementor-id=\"1732\" class=\"elementor elementor-1732\">\n\t\t\t\t<div class=\"elementor-element elementor-element-00fae9b e-flex e-con-boxed e-con e-parent\" data-id=\"00fae9b\" data-element_type=\"container\" data-e-type=\"container\" data-settings=\"{&quot;background_background&quot;:&quot;classic&quot;}\">\n\t\t\t\t\t<div class=\"e-con-inner\">\n\t\t<div class=\"elementor-element elementor-element-54cd5a3 e-con-full e-flex e-con e-child\" data-id=\"54cd5a3\" data-element_type=\"container\" data-e-type=\"container\">\n\t\t\t\t<div class=\"elementor-element elementor-element-dc59d71 elementor-widget elementor-widget-heading\" data-id=\"dc59d71\" data-element_type=\"widget\" data-e-type=\"widget\" data-widget_type=\"heading.default\">\n\t\t\t\t<div class=\"elementor-widget-container\">\n\t\t\t\t\t<h1 class=\"elementor-heading-title elementor-size-default\">Global Platform<\/h1>\t\t\t\t<\/div>\n\t\t\t\t<\/div>\n\t\t\t\t<\/div>\n\t\t\t\t\t<\/div>\n\t\t\t\t<\/div>\n\t\t<div class=\"elementor-element elementor-element-b6df02a e-flex e-con-boxed e-con e-parent\" data-id=\"b6df02a\" data-element_type=\"container\" data-e-type=\"container\">\n\t\t\t\t\t<div class=\"e-con-inner\">\n\t\t<div class=\"elementor-element elementor-element-961ed3e e-con-full e-flex e-con e-child\" data-id=\"961ed3e\" data-element_type=\"container\" data-e-type=\"container\">\n\t\t\t\t<div class=\"elementor-element elementor-element-911f67a elementor-widget__width-auto elementor-widget elementor-widget-heading\" data-id=\"911f67a\" data-element_type=\"widget\" data-e-type=\"widget\" data-widget_type=\"heading.default\">\n\t\t\t\t<div class=\"elementor-widget-container\">\n\t\t\t\t\t<h3 class=\"elementor-heading-title elementor-size-default\"> Women of the World<\/h3>\t\t\t\t<\/div>\n\t\t\t\t<\/div>\n\t\t\t\t<div class=\"elementor-element elementor-element-55db94a elementor-widget__width-auto elementor-widget-divider--view-line elementor-widget elementor-widget-divider\" data-id=\"55db94a\" data-element_type=\"widget\" data-e-type=\"widget\" data-widget_type=\"divider.default\">\n\t\t\t\t<div class=\"elementor-widget-container\">\n\t\t\t\t\t\t\t<div class=\"elementor-divider\">\n\t\t\t<span class=\"elementor-divider-separator\">\n\t\t\t\t\t\t<\/span>\n\t\t<\/div>\n\t\t\t\t\t\t<\/div>\n\t\t\t\t<\/div>\n\t\t\t\t<\/div>\n\t\t\t\t\t<\/div>\n\t\t\t\t<\/div>\n\t\t<div class=\"elementor-element elementor-element-e131a24 e-flex e-con-boxed e-con e-parent\" data-id=\"e131a24\" data-element_type=\"container\" data-e-type=\"container\">\n\t\t\t\t\t<div class=\"e-con-inner\">\n\t\t\t\t<div class=\"elementor-element elementor-element-32baba5 elementor-widget elementor-widget-heading\" data-id=\"32baba5\" data-element_type=\"widget\" data-e-type=\"widget\" data-widget_type=\"heading.default\">\n\t\t\t\t<div class=\"elementor-widget-container\">\n\t\t\t\t\t<h3 class=\"elementor-heading-title elementor-size-default\">The voice of women speaking in women's terms<\/h3>\t\t\t\t<\/div>\n\t\t\t\t<\/div>\n\t\t\t\t\t<\/div>\n\t\t\t\t<\/div>\n\t\t<div class=\"elementor-element elementor-element-de4536b e-flex e-con-boxed e-con e-parent\" data-id=\"de4536b\" data-element_type=\"container\" data-e-type=\"container\">\n\t\t\t\t\t<div class=\"e-con-inner\">\n\t\t<div class=\"elementor-element elementor-element-08cbde5 e-flex e-con-boxed e-con e-child\" data-id=\"08cbde5\" data-element_type=\"container\" data-e-type=\"container\">\n\t\t\t\t\t<div class=\"e-con-inner\">\n\t\t\t\t<div class=\"elementor-element elementor-element-28a2188 elementor-widget elementor-widget-text-editor\" data-id=\"28a2188\" data-element_type=\"widget\" data-e-type=\"widget\" data-widget_type=\"text-editor.default\">\n\t\t\t\t<div class=\"elementor-widget-container\">\n\t\t\t\t\t\t\t\t\t<p>The Global Women of the World Platform is an initiative launched by the Spanish organization Profesionales por la \u00c9tica in coalition with Woman Attitude and Femina Europa, and supported by a large number of <a href=\"https:\/\/womenworldplatform.com\/en\/partners\/\">global organizations<\/a>to become the voice of women speaking in women's terms.<\/p><p>Women of the World is made up of a growing number of members who work to make international institutions and politicians, both nationally and internationally, aware of what the women of the world think and demand. And to make things change.<br \/>We are breaking with the old radical feminism and gender ideology.<\/p><p>We will no longer accept that international institutions develop policies that ignore, combat or suppress female identity, motherhood or the value of prior dedication to the family.<br \/>We are recovering for women their full identity, their role as women in their own families, in society and in the labor market, and we will restore to motherhood its value and dignity.<\/p><p style=\"text-align: left;\">Our reasons and objectives are set out in\u00a0<a href=\"https:\/\/womenworldplatform.com\/en\/nuestra-declaracion\/\" target=\"_blank\" rel=\"noopener\">our Declaration<\/a>translated into 11 languages, which is supported by more than 146 NGOs from 47 different countries and more than 17,000 women from 72 countries. Supporters come from very different cultures and countries such as Republic of Congo, Kenya, Cameroon, Nigeria, Iraq, Morocco, Sudan, Gabon, Burkina Faso, Turkmenistan, Kyrgyzstan, Philippines, Lebanon, New Caledonia, Trinidad and Tobago, Haiti, Martinique, Saint Lucia, Bosnia and Herzegovina, Russia, Croatia, Serbia, Republic of San Marino, Ukraine, El Salvador, Cuba, Guatemala, Dominican Republic,...<\/p>\t\t\t\t\t\t\t\t<\/div>\n\t\t\t\t<\/div>\n\t\t\t\t\t<\/div>\n\t\t\t\t<\/div>\n\t\t\t\t\t<\/div>\n\t\t\t\t<\/div>\n\t\t<div class=\"elementor-element elementor-element-9138ad9 e-flex e-con-boxed e-con e-parent\" data-id=\"9138ad9\" data-element_type=\"container\" data-e-type=\"container\" data-settings=\"{&quot;background_background&quot;:&quot;classic&quot;}\">\n\t\t\t\t\t<div class=\"e-con-inner\">\n\t\t<div class=\"elementor-element elementor-element-7dce75c e-con-full e-flex e-con e-child\" data-id=\"7dce75c\" data-element_type=\"container\" data-e-type=\"container\">\n\t\t<div class=\"elementor-element elementor-element-16bbadf e-con-full e-flex e-con e-child\" data-id=\"16bbadf\" data-element_type=\"container\" data-e-type=\"container\">\n\t\t<div class=\"elementor-element elementor-element-acac858 e-con-full e-flex e-con e-child\" data-id=\"acac858\" data-element_type=\"container\" data-e-type=\"container\">\n\t\t<div class=\"elementor-element elementor-element-daa5d8c e-con-full e-flex e-con e-child\" data-id=\"daa5d8c\" data-element_type=\"container\" data-e-type=\"container\">\n\t\t\t\t<div class=\"elementor-element elementor-element-941847c elementor-widget__width-auto elementor-widget elementor-widget-heading\" data-id=\"941847c\" data-element_type=\"widget\" data-e-type=\"widget\" data-widget_type=\"heading.default\">\n\t\t\t\t<div class=\"elementor-widget-container\">\n\t\t\t\t\t<h6 class=\"elementor-heading-title elementor-size-default\">A look at<\/h6>\t\t\t\t<\/div>\n\t\t\t\t<\/div>\n\t\t\t\t<div class=\"elementor-element elementor-element-cf0e230 elementor-widget__width-auto elementor-widget-divider--view-line elementor-widget elementor-widget-divider\" data-id=\"cf0e230\" data-element_type=\"widget\" data-e-type=\"widget\" data-widget_type=\"divider.default\">\n\t\t\t\t<div class=\"elementor-widget-container\">\n\t\t\t\t\t\t\t<div class=\"elementor-divider\">\n\t\t\t<span class=\"elementor-divider-separator\">\n\t\t\t\t\t\t<\/span>\n\t\t<\/div>\n\t\t\t\t\t\t<\/div>\n\t\t\t\t<\/div>\n\t\t\t\t<\/div>\n\t\t\t\t<div class=\"elementor-element elementor-element-4233a83 elementor-widget elementor-widget-heading\" data-id=\"4233a83\" data-element_type=\"widget\" data-e-type=\"widget\" data-widget_type=\"heading.default\">\n\t\t\t\t<div class=\"elementor-widget-container\">\n\t\t\t\t\t<h2 class=\"elementor-heading-title elementor-size-default\">To participation<\/h2>\t\t\t\t<\/div>\n\t\t\t\t<\/div>\n\t\t\t\t<\/div>\n\t\t\t\t<\/div>\n\t\t<div class=\"elementor-element elementor-element-216bed5 e-con-full e-flex e-con e-child\" data-id=\"216bed5\" data-element_type=\"container\" data-e-type=\"container\">\n\t\t<div class=\"elementor-element elementor-element-d4737b6 e-con-full e-flex e-con e-child\" data-id=\"d4737b6\" data-element_type=\"container\" data-e-type=\"container\">\n\t\t\t\t<div class=\"elementor-element elementor-element-55b0cf4 elementor-widget elementor-widget-image\" data-id=\"55b0cf4\" data-element_type=\"widget\" data-e-type=\"widget\" data-widget_type=\"image.default\">\n\t\t\t\t<div class=\"elementor-widget-container\">\n\t\t\t\t\t\t\t\t\t\t\t\t\t\t\t\t<a href=\"https:\/\/womenworldplatform.com\/wp-content\/uploads\/2024\/08\/wow-action-01.jpg\" data-elementor-open-lightbox=\"yes\" data-elementor-lightbox-title=\"wow action 01\" data-e-action-hash=\"#elementor-action%3Aaction%3Dlightbox%26settings%3DeyJpZCI6MjQ2MCwidXJsIjoiaHR0cHM6XC9cL3dvbWVud29ybGRwbGF0Zm9ybS5jb21cL3dwLWNvbnRlbnRcL3VwbG9hZHNcLzIwMjRcLzA4XC93b3ctYWN0aW9uLTAxLmpwZyJ9\">\n\t\t\t\t\t\t\t<img fetchpriority=\"high\" decoding=\"async\" width=\"570\" height=\"570\" src=\"https:\/\/womenworldplatform.com\/wp-content\/uploads\/2024\/08\/wow-action-01.jpg\" class=\"attachment-full size-full wp-image-2460\" alt=\"\" \/>\t\t\t\t\t\t\t\t<\/a>\n\t\t\t\t\t\t\t\t\t\t\t\t\t\t\t<\/div>\n\t\t\t\t<\/div>\n\t\t\t\t<\/div>\n\t\t<div class=\"elementor-element elementor-element-5d16f7b e-con-full e-flex e-con e-child\" data-id=\"5d16f7b\" data-element_type=\"container\" data-e-type=\"container\">\n\t\t\t\t<div class=\"elementor-element elementor-element-ef256dc elementor-widget elementor-widget-image\" data-id=\"ef256dc\" data-element_type=\"widget\" data-e-type=\"widget\" data-widget_type=\"image.default\">\n\t\t\t\t<div class=\"elementor-widget-container\">\n\t\t\t\t\t\t\t\t\t\t\t\t\t\t\t\t<a href=\"https:\/\/womenworldplatform.com\/wp-content\/uploads\/2024\/08\/wow-action-02.jpg\" data-elementor-open-lightbox=\"yes\" data-elementor-lightbox-title=\"wow action 02\" data-e-action-hash=\"#elementor-action%3Aaction%3Dlightbox%26settings%3DeyJpZCI6MjQ2MiwidXJsIjoiaHR0cHM6XC9cL3dvbWVud29ybGRwbGF0Zm9ybS5jb21cL3dwLWNvbnRlbnRcL3VwbG9hZHNcLzIwMjRcLzA4XC93b3ctYWN0aW9uLTAyLmpwZyJ9\">\n\t\t\t\t\t\t\t<img decoding=\"async\" width=\"285\" height=\"570\" src=\"https:\/\/womenworldplatform.com\/wp-content\/uploads\/2024\/08\/wow-action-02.jpg\" class=\"attachment-full size-full wp-image-2462\" alt=\"\" \/>\t\t\t\t\t\t\t\t<\/a>\n\t\t\t\t\t\t\t\t\t\t\t\t\t\t\t<\/div>\n\t\t\t\t<\/div>\n\t\t\t\t<\/div>\n\t\t<div class=\"elementor-element elementor-element-5cc5a9d e-con-full e-flex e-con e-child\" data-id=\"5cc5a9d\" data-element_type=\"container\" data-e-type=\"container\">\n\t\t\t\t<div class=\"elementor-element elementor-element-9b2fae5 elementor-widget elementor-widget-image\" data-id=\"9b2fae5\" data-element_type=\"widget\" data-e-type=\"widget\" data-widget_type=\"image.default\">\n\t\t\t\t<div class=\"elementor-widget-container\">\n\t\t\t\t\t\t\t\t\t\t\t\t\t\t\t\t<a href=\"https:\/\/womenworldplatform.com\/wp-content\/uploads\/2024\/08\/wow-action-03.jpg\" data-elementor-open-lightbox=\"yes\" data-elementor-lightbox-title=\"wow action 03\" data-e-action-hash=\"#elementor-action%3Aaction%3Dlightbox%26settings%3DeyJpZCI6MjQ2MywidXJsIjoiaHR0cHM6XC9cL3dvbWVud29ybGRwbGF0Zm9ybS5jb21cL3dwLWNvbnRlbnRcL3VwbG9hZHNcLzIwMjRcLzA4XC93b3ctYWN0aW9uLTAzLmpwZyJ9\">\n\t\t\t\t\t\t\t<img decoding=\"async\" width=\"285\" height=\"570\" src=\"https:\/\/womenworldplatform.com\/wp-content\/uploads\/2024\/08\/wow-action-03.jpg\" class=\"attachment-full size-full wp-image-2463\" alt=\"\" \/>\t\t\t\t\t\t\t\t<\/a>\n\t\t\t\t\t\t\t\t\t\t\t\t\t\t\t<\/div>\n\t\t\t\t<\/div>\n\t\t\t\t<\/div>\n\t\t\t\t<\/div>\n\t\t<div class=\"elementor-element elementor-element-6ae95f5 e-con-full e-flex e-con e-child\" data-id=\"6ae95f5\" data-element_type=\"container\" data-e-type=\"container\">\n\t\t<div class=\"elementor-element elementor-element-e141162 e-con-full e-flex e-con e-child\" data-id=\"e141162\" data-element_type=\"container\" data-e-type=\"container\">\n\t\t\t\t<div class=\"elementor-element elementor-element-228def5 elementor-widget elementor-widget-image\" data-id=\"228def5\" data-element_type=\"widget\" data-e-type=\"widget\" data-widget_type=\"image.default\">\n\t\t\t\t<div class=\"elementor-widget-container\">\n\t\t\t\t\t\t\t\t\t\t\t\t\t\t\t\t<a href=\"https:\/\/womenworldplatform.com\/wp-content\/uploads\/2024\/08\/wow-action-04.jpg\" data-elementor-open-lightbox=\"yes\" data-elementor-lightbox-title=\"wow action 04\" data-e-action-hash=\"#elementor-action%3Aaction%3Dlightbox%26settings%3DeyJpZCI6MjQ2NCwidXJsIjoiaHR0cHM6XC9cL3dvbWVud29ybGRwbGF0Zm9ybS5jb21cL3dwLWNvbnRlbnRcL3VwbG9hZHNcLzIwMjRcLzA4XC93b3ctYWN0aW9uLTA0LmpwZyJ9\">\n\t\t\t\t\t\t\t<img loading=\"lazy\" decoding=\"async\" width=\"285\" height=\"285\" src=\"https:\/\/womenworldplatform.com\/wp-content\/uploads\/2024\/08\/wow-action-04.jpg\" class=\"attachment-full size-full wp-image-2464\" alt=\"\" \/>\t\t\t\t\t\t\t\t<\/a>\n\t\t\t\t\t\t\t\t\t\t\t\t\t\t\t<\/div>\n\t\t\t\t<\/div>\n\t\t\t\t<\/div>\n\t\t<div class=\"elementor-element elementor-element-c67afe0 e-con-full e-flex e-con e-child\" data-id=\"c67afe0\" data-element_type=\"container\" data-e-type=\"container\">\n\t\t\t\t<div class=\"elementor-element elementor-element-452bfd4 elementor-widget elementor-widget-image\" data-id=\"452bfd4\" data-element_type=\"widget\" data-e-type=\"widget\" data-widget_type=\"image.default\">\n\t\t\t\t<div class=\"elementor-widget-container\">\n\t\t\t\t\t\t\t\t\t\t\t\t\t\t\t\t<a href=\"https:\/\/womenworldplatform.com\/wp-content\/uploads\/2024\/08\/wow-action-05.jpg\" data-elementor-open-lightbox=\"yes\" data-elementor-lightbox-title=\"wow action 05\" data-e-action-hash=\"#elementor-action%3Aaction%3Dlightbox%26settings%3DeyJpZCI6MjQ2NSwidXJsIjoiaHR0cHM6XC9cL3dvbWVud29ybGRwbGF0Zm9ybS5jb21cL3dwLWNvbnRlbnRcL3VwbG9hZHNcLzIwMjRcLzA4XC93b3ctYWN0aW9uLTA1LmpwZyJ9\">\n\t\t\t\t\t\t\t<img loading=\"lazy\" decoding=\"async\" width=\"285\" height=\"285\" src=\"https:\/\/womenworldplatform.com\/wp-content\/uploads\/2024\/08\/wow-action-05.jpg\" class=\"attachment-full size-full wp-image-2465\" alt=\"\" \/>\t\t\t\t\t\t\t\t<\/a>\n\t\t\t\t\t\t\t\t\t\t\t\t\t\t\t<\/div>\n\t\t\t\t<\/div>\n\t\t\t\t<\/div>\n\t\t<div class=\"elementor-element elementor-element-6b0039d e-con-full e-flex e-con e-child\" data-id=\"6b0039d\" data-element_type=\"container\" data-e-type=\"container\">\n\t\t\t\t<div class=\"elementor-element elementor-element-43ef56d elementor-widget elementor-widget-image\" data-id=\"43ef56d\" data-element_type=\"widget\" data-e-type=\"widget\" data-widget_type=\"image.default\">\n\t\t\t\t<div class=\"elementor-widget-container\">\n\t\t\t\t\t\t\t\t\t\t\t\t\t\t\t\t<a href=\"https:\/\/womenworldplatform.com\/wp-content\/uploads\/2024\/08\/wow-action-06.jpg\" data-elementor-open-lightbox=\"yes\" data-elementor-lightbox-title=\"wow action 06\" data-e-action-hash=\"#elementor-action%3Aaction%3Dlightbox%26settings%3DeyJpZCI6MjQ2NiwidXJsIjoiaHR0cHM6XC9cL3dvbWVud29ybGRwbGF0Zm9ybS5jb21cL3dwLWNvbnRlbnRcL3VwbG9hZHNcLzIwMjRcLzA4XC93b3ctYWN0aW9uLTA2LmpwZyJ9\">\n\t\t\t\t\t\t\t<img loading=\"lazy\" decoding=\"async\" width=\"570\" height=\"285\" src=\"https:\/\/womenworldplatform.com\/wp-content\/uploads\/2024\/08\/wow-action-06.jpg\" class=\"attachment-full size-full wp-image-2466\" alt=\"\" \/>\t\t\t\t\t\t\t\t<\/a>\n\t\t\t\t\t\t\t\t\t\t\t\t\t\t\t<\/div>\n\t\t\t\t<\/div>\n\t\t\t\t<\/div>\n\t\t\t\t<\/div>\n\t\t<div class=\"elementor-element elementor-element-4dc134c e-con-full e-flex e-con e-child\" data-id=\"4dc134c\" data-element_type=\"container\" data-e-type=\"container\">\n\t\t<div class=\"elementor-element elementor-element-0a6f4c0 e-con-full e-flex e-con e-child\" data-id=\"0a6f4c0\" data-element_type=\"container\" data-e-type=\"container\">\n\t\t\t\t<div class=\"elementor-element elementor-element-bc1291f elementor-widget elementor-widget-image\" data-id=\"bc1291f\" data-element_type=\"widget\" data-e-type=\"widget\" data-widget_type=\"image.default\">\n\t\t\t\t<div class=\"elementor-widget-container\">\n\t\t\t\t\t\t\t\t\t\t\t\t\t\t\t\t<a href=\"https:\/\/womenworldplatform.com\/wp-content\/uploads\/2024\/08\/wow-action-07.jpg\" data-elementor-open-lightbox=\"yes\" data-elementor-lightbox-title=\"wow action 07\" data-e-action-hash=\"#elementor-action%3Aaction%3Dlightbox%26settings%3DeyJpZCI6MjQ2NywidXJsIjoiaHR0cHM6XC9cL3dvbWVud29ybGRwbGF0Zm9ybS5jb21cL3dwLWNvbnRlbnRcL3VwbG9hZHNcLzIwMjRcLzA4XC93b3ctYWN0aW9uLTA3LmpwZyJ9\">\n\t\t\t\t\t\t\t<img loading=\"lazy\" decoding=\"async\" width=\"570\" height=\"570\" src=\"https:\/\/womenworldplatform.com\/wp-content\/uploads\/2024\/08\/wow-action-07.jpg\" class=\"attachment-full size-full wp-image-2467\" alt=\"\" \/>\t\t\t\t\t\t\t\t<\/a>\n\t\t\t\t\t\t\t\t\t\t\t\t\t\t\t<\/div>\n\t\t\t\t<\/div>\n\t\t\t\t<\/div>\n\t\t<div class=\"elementor-element elementor-element-e7148ca e-con-full e-flex e-con e-child\" data-id=\"e7148ca\" data-element_type=\"container\" data-e-type=\"container\">\n\t\t\t\t<div class=\"elementor-element elementor-element-5e355a0 elementor-widget elementor-widget-image\" data-id=\"5e355a0\" data-element_type=\"widget\" data-e-type=\"widget\" data-widget_type=\"image.default\">\n\t\t\t\t<div class=\"elementor-widget-container\">\n\t\t\t\t\t\t\t\t\t\t\t\t\t\t\t\t<a href=\"https:\/\/womenworldplatform.com\/wp-content\/uploads\/2024\/08\/wow-action-08.jpg\" data-elementor-open-lightbox=\"yes\" data-elementor-lightbox-title=\"wow action 08\" data-e-action-hash=\"#elementor-action%3Aaction%3Dlightbox%26settings%3DeyJpZCI6MjQ2OCwidXJsIjoiaHR0cHM6XC9cL3dvbWVud29ybGRwbGF0Zm9ybS5jb21cL3dwLWNvbnRlbnRcL3VwbG9hZHNcLzIwMjRcLzA4XC93b3ctYWN0aW9uLTA4LmpwZyJ9\">\n\t\t\t\t\t\t\t<img loading=\"lazy\" decoding=\"async\" width=\"285\" height=\"570\" src=\"https:\/\/womenworldplatform.com\/wp-content\/uploads\/2024\/08\/wow-action-08.jpg\" class=\"attachment-full size-full wp-image-2468\" alt=\"\" \/>\t\t\t\t\t\t\t\t<\/a>\n\t\t\t\t\t\t\t\t\t\t\t\t\t\t\t<\/div>\n\t\t\t\t<\/div>\n\t\t\t\t<\/div>\n\t\t<div class=\"elementor-element elementor-element-a5168a3 e-con-full e-flex e-con e-child\" data-id=\"a5168a3\" data-element_type=\"container\" data-e-type=\"container\">\n\t\t\t\t<div class=\"elementor-element elementor-element-b7dfb49 elementor-widget elementor-widget-image\" data-id=\"b7dfb49\" data-element_type=\"widget\" data-e-type=\"widget\" data-widget_type=\"image.default\">\n\t\t\t\t<div class=\"elementor-widget-container\">\n\t\t\t\t\t\t\t\t\t\t\t\t\t\t\t\t<a href=\"https:\/\/womenworldplatform.com\/wp-content\/uploads\/2024\/08\/wow-action-09.jpg\" data-elementor-open-lightbox=\"yes\" data-elementor-lightbox-title=\"wow action 09\" data-e-action-hash=\"#elementor-action%3Aaction%3Dlightbox%26settings%3DeyJpZCI6MjQ2OSwidXJsIjoiaHR0cHM6XC9cL3dvbWVud29ybGRwbGF0Zm9ybS5jb21cL3dwLWNvbnRlbnRcL3VwbG9hZHNcLzIwMjRcLzA4XC93b3ctYWN0aW9uLTA5LmpwZyJ9\">\n\t\t\t\t\t\t\t<img loading=\"lazy\" decoding=\"async\" width=\"285\" height=\"570\" src=\"https:\/\/womenworldplatform.com\/wp-content\/uploads\/2024\/08\/wow-action-09.jpg\" class=\"attachment-full size-full wp-image-2469\" alt=\"\" \/>\t\t\t\t\t\t\t\t<\/a>\n\t\t\t\t\t\t\t\t\t\t\t\t\t\t\t<\/div>\n\t\t\t\t<\/div>\n\t\t\t\t<\/div>\n\t\t\t\t<\/div>\n\t\t\t\t<\/div>\n\t\t\t\t\t<\/div>\n\t\t\t\t<\/div>\n\t\t\t\t<\/div>","protected":false},"excerpt":{"rendered":"<p>Plataforma Global Women of the World La voz de las mujeres que hablan en t\u00e9rminos de mujer La Plataforma Global Women of the World es una iniciativa lanzada por la organizaci\u00f3n espa\u00f1ola Profesionales por la \u00c9tica en coalici\u00f3n con Woman Attitude y Femina Europa y apoyada por un gran n\u00famero de organizaciones mundiales, para convertirse [&hellip;]<\/p>\n","protected":false},"author":1,"featured_media":0,"parent":0,"menu_order":0,"comment_status":"closed","ping_status":"closed","template":"elementor_header_footer","meta":{"give_campaign_id":0,"_uag_custom_page_level_css":"","_monsterinsights_skip_tracking":false,"_monsterinsights_sitenote_active":false,"_monsterinsights_sitenote_note":"","_monsterinsights_sitenote_category":0,"_uf_show_specific_survey":0,"_uf_disable_surveys":false,"site-sidebar-layout":"no-sidebar","site-content-layout":"page-builder","ast-site-content-layout":"full-width-container","site-content-style":"default","site-sidebar-style":"default","ast-global-header-display":"","ast-banner-title-visibility":"","ast-main-header-display":"","ast-hfb-above-header-display":"","ast-hfb-below-header-display":"","ast-hfb-mobile-header-display":"","site-post-title":"disabled","ast-breadcrumbs-content":"","ast-featured-img":"disabled","footer-sml-layout":"","ast-disable-related-posts":"","theme-transparent-header-meta":"","adv-header-id-meta":"","stick-header-meta":"","header-above-stick-meta":"","header-main-stick-meta":"","header-below-stick-meta":"","astra-migrate-meta-layouts":"set","ast-page-background-enabled":"default","ast-page-background-meta":{"desktop":{"background-color":"","background-image":"","background-repeat":"repeat","background-position":"center center","background-size":"auto","background-attachment":"scroll","background-type":"","background-media":"","overlay-type":"","overlay-color":"","overlay-opacity":"","overlay-gradient":""},"tablet":{"background-color":"","background-image":"","background-repeat":"repeat","background-position":"center center","background-size":"auto","background-attachment":"scroll","background-type":"","background-media":"","overlay-type":"","overlay-color":"","overlay-opacity":"","overlay-gradient":""},"mobile":{"background-color":"","background-image":"","background-repeat":"repeat","background-position":"center center","background-size":"auto","background-attachment":"scroll","background-type":"","background-media":"","overlay-type":"","overlay-color":"","overlay-opacity":"","overlay-gradient":""}},"ast-content-background-meta":{"desktop":{"background-color":"var(--ast-global-color-5)","background-image":"","background-repeat":"repeat","background-position":"center center","background-size":"auto","background-attachment":"scroll","background-type":"","background-media":"","overlay-type":"","overlay-color":"","overlay-opacity":"","overlay-gradient":""},"tablet":{"background-color":"var(--ast-global-color-5)","background-image":"","background-repeat":"repeat","background-position":"center center","background-size":"auto","background-attachment":"scroll","background-type":"","background-media":"","overlay-type":"","overlay-color":"","overlay-opacity":"","overlay-gradient":""},"mobile":{"background-color":"var(--ast-global-color-5)","background-image":"","background-repeat":"repeat","background-position":"center center","background-size":"auto","background-attachment":"scroll","background-type":"","background-media":"","overlay-type":"","overlay-color":"","overlay-opacity":"","overlay-gradient":""}},"footnotes":""},"class_list":["post-1732","page","type-page","status-publish","hentry"],"aioseo_notices":[],"campaignId":"","uagb_featured_image_src":{"full":false,"thumbnail":false,"medium":false,"medium_large":false,"large":false,"1536x1536":false,"2048x2048":false,"trp-custom-language-flag":false},"uagb_author_info":{"display_name":"wowplatform","author_link":"https:\/\/womenworldplatform.com\/en\/author\/brechawow\/"},"uagb_comment_info":0,"uagb_excerpt":"Plataforma Global Women of the World La voz de las mujeres que hablan en t\u00e9rminos de mujer La Plataforma Global Women of the World es una iniciativa lanzada por la organizaci\u00f3n espa\u00f1ola Profesionales por la \u00c9tica en coalici\u00f3n con Woman Attitude y Femina Europa y apoyada por un gran n\u00famero de organizaciones mundiales, para convertirse&hellip;","rttpg_featured_image_url":null,"rttpg_author":{"display_name":"wowplatform","author_link":"https:\/\/womenworldplatform.com\/en\/author\/brechawow\/"},"rttpg_comment":0,"rttpg_category":null,"rttpg_excerpt":"Plataforma Global Women of the World La voz de las mujeres que hablan en t\u00e9rminos de mujer La Plataforma Global Women of the World es una iniciativa lanzada por la organizaci\u00f3n espa\u00f1ola Profesionales por la \u00c9tica en coalici\u00f3n con Woman Attitude y Femina Europa y apoyada por un gran n\u00famero de organizaciones mundiales, para convertirse&hellip;","_links":{"self":[{"href":"https:\/\/womenworldplatform.com\/en\/wp-json\/wp\/v2\/pages\/1732"}],"collection":[{"href":"https:\/\/womenworldplatform.com\/en\/wp-json\/wp\/v2\/pages"}],"about":[{"href":"https:\/\/womenworldplatform.com\/en\/wp-json\/wp\/v2\/types\/page"}],"author":[{"embeddable":true,"href":"https:\/\/womenworldplatform.com\/en\/wp-json\/wp\/v2\/users\/1"}],"replies":[{"embeddable":true,"href":"https:\/\/womenworldplatform.com\/en\/wp-json\/wp\/v2\/comments?post=1732"}],"version-history":[{"count":40,"href":"https:\/\/womenworldplatform.com\/en\/wp-json\/wp\/v2\/pages\/1732\/revisions"}],"predecessor-version":[{"id":2472,"href":"https:\/\/womenworldplatform.com\/en\/wp-json\/wp\/v2\/pages\/1732\/revisions\/2472"}],"wp:attachment":[{"href":"https:\/\/womenworldplatform.com\/en\/wp-json\/wp\/v2\/media?parent=1732"}],"curies":[{"name":"wp","href":"https:\/\/api.w.org\/{rel}","templated":true}]}}