{"id":3091,"date":"2024-09-23T18:26:15","date_gmt":"2024-09-23T16:26:15","guid":{"rendered":"https:\/\/womenworldplatform.com\/?page_id=3091"},"modified":"2024-09-25T23:22:36","modified_gmt":"2024-09-25T21:22:36","slug":"news","status":"publish","type":"page","link":"https:\/\/womenworldplatform.com\/en\/news\/","title":{"rendered":"news"},"content":{"rendered":"<div data-elementor-type=\"wp-page\" data-elementor-id=\"3091\" class=\"elementor elementor-3091\">\n\t\t\t\t<div class=\"elementor-element elementor-element-3365d2ea e-flex e-con-boxed e-con e-parent\" data-id=\"3365d2ea\" data-element_type=\"container\" data-e-type=\"container\" data-settings=\"{&quot;background_background&quot;:&quot;classic&quot;}\">\n\t\t\t\t\t<div class=\"e-con-inner\">\n\t\t<div class=\"elementor-element elementor-element-1d5d7648 e-con-full e-flex e-con e-child\" data-id=\"1d5d7648\" data-element_type=\"container\" data-e-type=\"container\">\n\t\t\t\t<div class=\"elementor-element elementor-element-54b0b972 elementor-widget elementor-widget-heading\" data-id=\"54b0b972\" data-element_type=\"widget\" data-e-type=\"widget\" data-widget_type=\"heading.default\">\n\t\t\t\t<div class=\"elementor-widget-container\">\n\t\t\t\t\t<h1 class=\"elementor-heading-title elementor-size-default\">News<\/h1>\t\t\t\t<\/div>\n\t\t\t\t<\/div>\n\t\t\t\t<\/div>\n\t\t\t\t\t<\/div>\n\t\t\t\t<\/div>\n\t\t<div class=\"elementor-element elementor-element-c0768e9 e-flex e-con-boxed e-con e-parent\" data-id=\"c0768e9\" data-element_type=\"container\" data-e-type=\"container\">\n\t\t\t\t\t<div class=\"e-con-inner\">\n\t\t<div class=\"elementor-element elementor-element-5263191 e-con-full e-flex e-con e-child\" data-id=\"5263191\" data-element_type=\"container\" data-e-type=\"container\">\n\t\t\t\t<div class=\"elementor-element elementor-element-d83e9aa meta-visibility-show title_position_default title_hover_border_default title-default img_hover_animation_default meta_position_default readmore-btn-default-style grid-hover-overlay-type-always tpg-el-box-border-enable tpg-border-bottom-disable elementor-widget elementor-widget-tpg-list-layout\" data-id=\"d83e9aa\" data-element_type=\"widget\" data-e-type=\"widget\" data-widget_type=\"tpg-list-layout.default\">\n\t\t\t\t<div class=\"elementor-widget-container\">\n\t\t\t\t\t\n\t\t<div class=\"rt-container-fluid rt-tpg-container tpg-el-main-wrapper list-layout1-main\"\n\t\t\t data-sc-id=\"elementor\"\n\t\t\t id=\"rt-tpg-container-3366271387\"\n\t\t\t data-layout=\"list-layout1\"\n\t\t\t data-grid-style=\"tpg-even\"\n\t\t\t data-el-settings=''\n\t\t\t data-el-query=''\n\t\t\t data-el-path=''\n\t\t>\n\t\t\t\t\t\t<div class='tpg-header-wrapper'>\n\t\t\t\t\t\t\t<\/div>\n\n\t\t\t<div data-title=\"Loading ...\" class=\"rt-row rt-content-loader list-layout1 tpg-even list-behaviour list-layout-wrapper\">\n\t\t\t\t\n<div class=\"rt-col-md-12 rt-col-sm-12 rt-col-xs-12 default rt-list-item rt-grid-item\" data-id=\"2946\">\n\t<div class=\"rt-holder tpg-post-holder\">\n\t\t<div class=\"rt-detail rt-el-content-wrapper\">\n\t\t\t\t\t\t\t<div class=\"rt-img-holder tpg-el-image-wrap has-thumbnail\">\n\t\t\t\t\t<a data-id=\"2946\" href=\"https:\/\/womenworldplatform.com\/en\/iv-cumbre-budapest\/\" class=\"tpg-post-link\" target=\"_self\">                        <img fetchpriority=\"high\" decoding=\"async\" src=\"https:\/\/womenworldplatform.com\/wp-content\/uploads\/2022\/05\/budapest-summit-scaled-768x576.jpg\"\n                             class=\"rt-img-responsive\"\n                             width=\"768\"\n                             height=\"576\"\n                             alt=\"IV Cumbre Transatl\u00e1ntica en Budapest\">\n\t\t\t\t\t\t\n\t\t\t\t\t\t\t\n\t\t<\/a>\n\t\t        <div class=\"overlay grid-hover-content\"><\/div>\n\t\t\t\t\t\t<\/div>\n\t\t\t\n\t\t\t<div class=\"post-right-content\">\n\t\t\t\t<div class=\"entry-title-wrapper\"><h3 class=\"entry-title\"><a data-id=\"2946\" href=\"https:\/\/womenworldplatform.com\/en\/iv-cumbre-budapest\/\" class=\"tpg-post-link\" target=\"_self\">IV Transatlantic Summit in Budapest<\/a><\/h3><\/div>\n\t\t\t\t\t\t\t\t\t<div class=\"post-meta-tags rt-el-post-meta\">\n\t\t\t\t\t\t            <span class='date'>\n\t\t\t\t<i class='flaticon-calendar'><\/i>\t\t\t\t<a href=\"https:\/\/womenworldplatform.com\/en\/2022\/05\/29\/\">\n\t\t\t\t\tMay 29, 2022\t\t\t\t<\/a>\n\t\t\t<\/span>\n\t\t\t\t\t\t\t\t<\/div>\n\t\t\t\t\n\t\t\t\t\t\t\t\t\t<div class=\"tpg-excerpt tpg-el-excerpt\">\n\t\t\t\t\t\t\t\t\t\t\t\t\t<div class=\"tpg-excerpt-inner\">\n\t\t\t\t\t\t\t\tIV Transatlantic Summit in Budapest May 29, 2022 Our platform has had the honor of participating in the Transatlantic Summit IV of the Political Network for Values which brought together politicians from 30 countries in Budapest on May 25, 26 and 27, 2022....\t\t\t\t\t\t\t<\/div>\n\t\t\t\t\t\t\t\t\t\t\t\t\t\t\t\t\t<\/div>\n\t\t\t\t\n\t\t\t\t        <div class=\"post-footer\">\n            <div class=\"post-footer\">\n                <div class=\"read-more\">\n\t\t\t\t\t<a data-id=\"2946\" href=\"https:\/\/womenworldplatform.com\/en\/iv-cumbre-budapest\/\" class=\"tpg-post-link\" target=\"_self\">Read more<\/a>                <\/div>\n            <\/div>\n        <\/div>\n\t\t\t\t\t<\/div>\n\t\t<\/div>\n\t<\/div>\n<\/div>\n\n<div class=\"rt-col-md-12 rt-col-sm-12 rt-col-xs-12 default rt-list-item rt-grid-item\" data-id=\"3148\">\n\t<div class=\"rt-holder tpg-post-holder\">\n\t\t<div class=\"rt-detail rt-el-content-wrapper\">\n\t\t\t\t\t\t\t<div class=\"rt-img-holder tpg-el-image-wrap has-thumbnail\">\n\t\t\t\t\t<a data-id=\"3148\" href=\"https:\/\/womenworldplatform.com\/en\/declaracion-8m-la-mujer-no-esta-a-la-venta\/\" class=\"tpg-post-link\" target=\"_self\">                        <img decoding=\"async\" src=\"https:\/\/womenworldplatform.com\/wp-content\/uploads\/2024\/09\/Declaracion8M-MujerNoALaVenta.jpg\"\n                             class=\"rt-img-responsive\"\n                             width=\"285\"\n                             height=\"403\"\n                             alt=\"Declaraci\u00f3n 8M\">\n\t\t\t\t\t\t\n\t\t\t\t\t\t\t\n\t\t<\/a>\n\t\t        <div class=\"overlay grid-hover-content\"><\/div>\n\t\t\t\t\t\t<\/div>\n\t\t\t\n\t\t\t<div class=\"post-right-content\">\n\t\t\t\t<div class=\"entry-title-wrapper\"><h3 class=\"entry-title\"><a data-id=\"3148\" href=\"https:\/\/womenworldplatform.com\/en\/declaracion-8m-la-mujer-no-esta-a-la-venta\/\" class=\"tpg-post-link\" target=\"_self\">Statement 8M<\/a><\/h3><\/div>\n\t\t\t\t\t\t\t\t\t<div class=\"post-meta-tags rt-el-post-meta\">\n\t\t\t\t\t\t            <span class='date'>\n\t\t\t\t<i class='flaticon-calendar'><\/i>\t\t\t\t<a href=\"https:\/\/womenworldplatform.com\/en\/2022\/03\/06\/\">\n\t\t\t\t\tMarch 6, 2022\t\t\t\t<\/a>\n\t\t\t<\/span>\n\t\t\t\t\t\t\t\t<\/div>\n\t\t\t\t\n\t\t\t\t\t\t\t\t\t<div class=\"tpg-excerpt tpg-el-excerpt\">\n\t\t\t\t\t\t\t\t\t\t\t\t\t<div class=\"tpg-excerpt-inner\">\n\t\t\t\t\t\t\t\tDeclaraci\u00f3n 8M 2022 &#8211; LA MUJER NO EST\u00c1 A LA VENTA 6 de marzo de 2022 El 8M no tiene sentido si la dignidad de la mujer no est\u00e1 en el centro de las reivindicaciones. Por ello, este 8M queremos alzar la voz sobre pr\u00e1cticas que cosifican a la mujer, y que est\u00e1n tr\u00e1gicamente...\t\t\t\t\t\t\t<\/div>\n\t\t\t\t\t\t\t\t\t\t\t\t\t\t\t\t\t<\/div>\n\t\t\t\t\n\t\t\t\t        <div class=\"post-footer\">\n            <div class=\"post-footer\">\n                <div class=\"read-more\">\n\t\t\t\t\t<a data-id=\"3148\" href=\"https:\/\/womenworldplatform.com\/en\/declaracion-8m-la-mujer-no-esta-a-la-venta\/\" class=\"tpg-post-link\" target=\"_self\">Read more<\/a>                <\/div>\n            <\/div>\n        <\/div>\n\t\t\t\t\t<\/div>\n\t\t<\/div>\n\t<\/div>\n<\/div>\n\n<div class=\"rt-col-md-12 rt-col-sm-12 rt-col-xs-12 default rt-list-item rt-grid-item\" data-id=\"3161\">\n\t<div class=\"rt-holder tpg-post-holder\">\n\t\t<div class=\"rt-detail rt-el-content-wrapper\">\n\t\t\t\t\t\t\t<div class=\"rt-img-holder tpg-el-image-wrap has-thumbnail\">\n\t\t\t\t\t<a data-id=\"3161\" href=\"https:\/\/womenworldplatform.com\/en\/8m-pornografia\/\" class=\"tpg-post-link\" target=\"_self\">                        <img decoding=\"async\" src=\"https:\/\/womenworldplatform.com\/wp-content\/uploads\/2022\/03\/8M-Pornografia-1-768x336.jpg\"\n                             class=\"rt-img-responsive\"\n                             width=\"768\"\n                             height=\"336\"\n                             alt=\"8M: Pornograf\u00eda\">\n\t\t\t\t\t\t\n\t\t\t\t\t\t\t\n\t\t<\/a>\n\t\t        <div class=\"overlay grid-hover-content\"><\/div>\n\t\t\t\t\t\t<\/div>\n\t\t\t\n\t\t\t<div class=\"post-right-content\">\n\t\t\t\t<div class=\"entry-title-wrapper\"><h3 class=\"entry-title\"><a data-id=\"3161\" href=\"https:\/\/womenworldplatform.com\/en\/8m-pornografia\/\" class=\"tpg-post-link\" target=\"_self\">8M: Pornography<\/a><\/h3><\/div>\n\t\t\t\t\t\t\t\t\t<div class=\"post-meta-tags rt-el-post-meta\">\n\t\t\t\t\t\t            <span class='date'>\n\t\t\t\t<i class='flaticon-calendar'><\/i>\t\t\t\t<a href=\"https:\/\/womenworldplatform.com\/en\/2022\/03\/06\/\">\n\t\t\t\t\tMarch 6, 2022\t\t\t\t<\/a>\n\t\t\t<\/span>\n\t\t\t\t\t\t\t\t<\/div>\n\t\t\t\t\n\t\t\t\t\t\t\t\t\t<div class=\"tpg-excerpt tpg-el-excerpt\">\n\t\t\t\t\t\t\t\t\t\t\t\t\t<div class=\"tpg-excerpt-inner\">\n\t\t\t\t\t\t\t\t8M: Pornography March 6, 2022 Pornography, this macabre industry, denigrates women at its highest level. Pornography is an industry that seriously undermines the dignity of those who dedicate themselves to it, because each one becomes for another the object of a rudimentary pleasure and...\t\t\t\t\t\t\t<\/div>\n\t\t\t\t\t\t\t\t\t\t\t\t\t\t\t\t\t<\/div>\n\t\t\t\t\n\t\t\t\t        <div class=\"post-footer\">\n            <div class=\"post-footer\">\n                <div class=\"read-more\">\n\t\t\t\t\t<a data-id=\"3161\" href=\"https:\/\/womenworldplatform.com\/en\/8m-pornografia\/\" class=\"tpg-post-link\" target=\"_self\">Read more<\/a>                <\/div>\n            <\/div>\n        <\/div>\n\t\t\t\t\t<\/div>\n\t\t<\/div>\n\t<\/div>\n<\/div>\n\n<div class=\"rt-col-md-12 rt-col-sm-12 rt-col-xs-12 default rt-list-item rt-grid-item\" data-id=\"3204\">\n\t<div class=\"rt-holder tpg-post-holder\">\n\t\t<div class=\"rt-detail rt-el-content-wrapper\">\n\t\t\t\t\t\t\t<div class=\"rt-img-holder tpg-el-image-wrap has-thumbnail\">\n\t\t\t\t\t<a data-id=\"3204\" href=\"https:\/\/womenworldplatform.com\/en\/prostitucionytrata\/\" class=\"tpg-post-link\" target=\"_self\">                        <img loading=\"lazy\" decoding=\"async\" src=\"https:\/\/womenworldplatform.com\/wp-content\/uploads\/2024\/09\/8M-Trata-de-Mujeres-768x336.jpg\"\n                             class=\"rt-img-responsive\"\n                             width=\"768\"\n                             height=\"336\"\n                             alt=\"8M: Prostituci\u00f3n y trata de mujeres\">\n\t\t\t\t\t\t\n\t\t\t\t\t\t\t\n\t\t<\/a>\n\t\t        <div class=\"overlay grid-hover-content\"><\/div>\n\t\t\t\t\t\t<\/div>\n\t\t\t\n\t\t\t<div class=\"post-right-content\">\n\t\t\t\t<div class=\"entry-title-wrapper\"><h3 class=\"entry-title\"><a data-id=\"3204\" href=\"https:\/\/womenworldplatform.com\/en\/prostitucionytrata\/\" class=\"tpg-post-link\" target=\"_self\">8M: Prostitution and trafficking in women<\/a><\/h3><\/div>\n\t\t\t\t\t\t\t\t\t<div class=\"post-meta-tags rt-el-post-meta\">\n\t\t\t\t\t\t            <span class='date'>\n\t\t\t\t<i class='flaticon-calendar'><\/i>\t\t\t\t<a href=\"https:\/\/womenworldplatform.com\/en\/2022\/03\/05\/\">\n\t\t\t\t\t5 de March de 2022\t\t\t\t<\/a>\n\t\t\t<\/span>\n\t\t\t\t\t\t\t\t<\/div>\n\t\t\t\t\n\t\t\t\t\t\t\t\t\t<div class=\"tpg-excerpt tpg-el-excerpt\">\n\t\t\t\t\t\t\t\t\t\t\t\t\t<div class=\"tpg-excerpt-inner\">\n\t\t\t\t\t\t\t\t8M: Prostituci\u00f3n y trata de mujeres 5 de marzo de 2022 Cualquier forma de esclavitud es despreciable, pero es alarmante que la\u00a0pornograf\u00eda\u00a0y la\u00a0prostituci\u00f3n\u00a0generen mayor cantidad de v\u00edctimas y un billonario negocio ilegal en constante aumento. La prostituci\u00f3n es y ha sido un...\t\t\t\t\t\t\t<\/div>\n\t\t\t\t\t\t\t\t\t\t\t\t\t\t\t\t\t<\/div>\n\t\t\t\t\n\t\t\t\t        <div class=\"post-footer\">\n            <div class=\"post-footer\">\n                <div class=\"read-more\">\n\t\t\t\t\t<a data-id=\"3204\" href=\"https:\/\/womenworldplatform.com\/en\/prostitucionytrata\/\" class=\"tpg-post-link\" target=\"_self\">Read more<\/a>                <\/div>\n            <\/div>\n        <\/div>\n\t\t\t\t\t<\/div>\n\t\t<\/div>\n\t<\/div>\n<\/div>\n\n<div class=\"rt-col-md-12 rt-col-sm-12 rt-col-xs-12 default rt-list-item rt-grid-item\" data-id=\"3211\">\n\t<div class=\"rt-holder tpg-post-holder\">\n\t\t<div class=\"rt-detail rt-el-content-wrapper\">\n\t\t\t\t\t\t\t<div class=\"rt-img-holder tpg-el-image-wrap has-thumbnail\">\n\t\t\t\t\t<a data-id=\"3211\" href=\"https:\/\/womenworldplatform.com\/en\/8-m-vientres-de-alquiler\/\" class=\"tpg-post-link\" target=\"_self\">                        <img loading=\"lazy\" decoding=\"async\" src=\"https:\/\/womenworldplatform.com\/wp-content\/uploads\/2024\/09\/8M-Vientres-de-alquiler-768x336.jpg\"\n                             class=\"rt-img-responsive\"\n                             width=\"768\"\n                             height=\"336\"\n                             alt=\"8M: Vientres de alquiler\">\n\t\t\t\t\t\t\n\t\t\t\t\t\t\t\n\t\t<\/a>\n\t\t        <div class=\"overlay grid-hover-content\"><\/div>\n\t\t\t\t\t\t<\/div>\n\t\t\t\n\t\t\t<div class=\"post-right-content\">\n\t\t\t\t<div class=\"entry-title-wrapper\"><h3 class=\"entry-title\"><a data-id=\"3211\" href=\"https:\/\/womenworldplatform.com\/en\/8-m-vientres-de-alquiler\/\" class=\"tpg-post-link\" target=\"_self\">8M: Surrogacy<\/a><\/h3><\/div>\n\t\t\t\t\t\t\t\t\t<div class=\"post-meta-tags rt-el-post-meta\">\n\t\t\t\t\t\t            <span class='date'>\n\t\t\t\t<i class='flaticon-calendar'><\/i>\t\t\t\t<a href=\"https:\/\/womenworldplatform.com\/en\/2022\/02\/25\/\">\n\t\t\t\t\t25 de February de 2022\t\t\t\t<\/a>\n\t\t\t<\/span>\n\t\t\t\t\t\t\t\t<\/div>\n\t\t\t\t\n\t\t\t\t\t\t\t\t\t<div class=\"tpg-excerpt tpg-el-excerpt\">\n\t\t\t\t\t\t\t\t\t\t\t\t\t<div class=\"tpg-excerpt-inner\">\n\t\t\t\t\t\t\t\t8M: Vientres de alquiler 25 de febrero de 2022 El 8M no tiene sentido si la dignidad de la mujer no est\u00e1 en el centro de las reivindicaciones. Por eso le dedicamos especial atenci\u00f3n estos d\u00edas a los vientres de alquiler, una forma de explotaci\u00f3n de la mujer y cosificaci\u00f3n de la...\t\t\t\t\t\t\t<\/div>\n\t\t\t\t\t\t\t\t\t\t\t\t\t\t\t\t\t<\/div>\n\t\t\t\t\n\t\t\t\t        <div class=\"post-footer\">\n            <div class=\"post-footer\">\n                <div class=\"read-more\">\n\t\t\t\t\t<a data-id=\"3211\" href=\"https:\/\/womenworldplatform.com\/en\/8-m-vientres-de-alquiler\/\" class=\"tpg-post-link\" target=\"_self\">Read more<\/a>                <\/div>\n            <\/div>\n        <\/div>\n\t\t\t\t\t<\/div>\n\t\t<\/div>\n\t<\/div>\n<\/div>\n\t\t\t<\/div>\n\n\t\t\t\n\t\t<\/div>\n\t\t\t\t\t\t<\/div>\n\t\t\t\t<\/div>\n\t\t\t\t<\/div>\n\t\t\t\t\t<\/div>\n\t\t\t\t<\/div>\n\t\t<div class=\"elementor-element elementor-element-1b1773c e-flex e-con-boxed e-con e-parent\" data-id=\"1b1773c\" data-element_type=\"container\" data-e-type=\"container\">\n\t\t\t\t\t<div class=\"e-con-inner\">\n\t\t<div class=\"elementor-element elementor-element-b6ac2f6 e-con-full e-flex e-con e-child\" data-id=\"b6ac2f6\" data-element_type=\"container\" data-e-type=\"container\">\n\t\t\t\t<\/div>\n\t\t\t\t\t<\/div>\n\t\t\t\t<\/div>\n\t\t\t\t<\/div>","protected":false},"excerpt":{"rendered":"<p>Noticias IV Cumbre Transatl\u00e1ntica en Budapest 29 de mayo de 2022 IV Cumbre Transatl\u00e1ntica en Budapest 29 de mayo de 2022 Nuestra plataforma ha tenido el honor de participar en esta ocasi\u00f3n en el Transatlantic Summit IV de la Political Network for Values que ha reunido en Budapest a pol\u00edticos de 30 pa\u00edses los d\u00edas [&hellip;]<\/p>\n","protected":false},"author":1,"featured_media":0,"parent":0,"menu_order":0,"comment_status":"closed","ping_status":"closed","template":"","meta":{"give_campaign_id":0,"_uag_custom_page_level_css":"","_monsterinsights_skip_tracking":false,"_monsterinsights_sitenote_active":false,"_monsterinsights_sitenote_note":"","_monsterinsights_sitenote_category":0,"_uf_show_specific_survey":0,"_uf_disable_surveys":false,"site-sidebar-layout":"no-sidebar","site-content-layout":"page-builder","ast-site-content-layout":"full-width-container","site-content-style":"default","site-sidebar-style":"default","ast-global-header-display":"","ast-banner-title-visibility":"","ast-main-header-display":"","ast-hfb-above-header-display":"","ast-hfb-below-header-display":"","ast-hfb-mobile-header-display":"","site-post-title":"disabled","ast-breadcrumbs-content":"","ast-featured-img":"disabled","footer-sml-layout":"","ast-disable-related-posts":"","theme-transparent-header-meta":"","adv-header-id-meta":"","stick-header-meta":"","header-above-stick-meta":"","header-main-stick-meta":"","header-below-stick-meta":"","astra-migrate-meta-layouts":"set","ast-page-background-enabled":"default","ast-page-background-meta":{"desktop":{"background-color":"","background-image":"","background-repeat":"repeat","background-position":"center center","background-size":"auto","background-attachment":"scroll","background-type":"","background-media":"","overlay-type":"","overlay-color":"","overlay-opacity":"","overlay-gradient":""},"tablet":{"background-color":"","background-image":"","background-repeat":"repeat","background-position":"center center","background-size":"auto","background-attachment":"scroll","background-type":"","background-media":"","overlay-type":"","overlay-color":"","overlay-opacity":"","overlay-gradient":""},"mobile":{"background-color":"","background-image":"","background-repeat":"repeat","background-position":"center center","background-size":"auto","background-attachment":"scroll","background-type":"","background-media":"","overlay-type":"","overlay-color":"","overlay-opacity":"","overlay-gradient":""}},"ast-content-background-meta":{"desktop":{"background-color":"var(--ast-global-color-5)","background-image":"","background-repeat":"repeat","background-position":"center center","background-size":"auto","background-attachment":"scroll","background-type":"","background-media":"","overlay-type":"","overlay-color":"","overlay-opacity":"","overlay-gradient":""},"tablet":{"background-color":"var(--ast-global-color-5)","background-image":"","background-repeat":"repeat","background-position":"center center","background-size":"auto","background-attachment":"scroll","background-type":"","background-media":"","overlay-type":"","overlay-color":"","overlay-opacity":"","overlay-gradient":""},"mobile":{"background-color":"var(--ast-global-color-5)","background-image":"","background-repeat":"repeat","background-position":"center center","background-size":"auto","background-attachment":"scroll","background-type":"","background-media":"","overlay-type":"","overlay-color":"","overlay-opacity":"","overlay-gradient":""}},"footnotes":""},"class_list":["post-3091","page","type-page","status-publish","hentry"],"aioseo_notices":[],"campaignId":"","uagb_featured_image_src":{"full":false,"thumbnail":false,"medium":false,"medium_large":false,"large":false,"1536x1536":false,"2048x2048":false,"trp-custom-language-flag":false},"uagb_author_info":{"display_name":"wowplatform","author_link":"https:\/\/womenworldplatform.com\/en\/author\/brechawow\/"},"uagb_comment_info":0,"uagb_excerpt":"Noticias IV Cumbre Transatl\u00e1ntica en Budapest 29 de mayo de 2022 IV Cumbre Transatl\u00e1ntica en Budapest 29 de mayo de 2022 Nuestra plataforma ha tenido el honor de participar en esta ocasi\u00f3n en el Transatlantic Summit IV de la Political Network for Values que ha reunido en Budapest a pol\u00edticos de 30 pa\u00edses los d\u00edas&hellip;","rttpg_featured_image_url":null,"rttpg_author":{"display_name":"wowplatform","author_link":"https:\/\/womenworldplatform.com\/en\/author\/brechawow\/"},"rttpg_comment":0,"rttpg_category":"","rttpg_excerpt":"Noticias IV Cumbre Transatl\u00e1ntica en Budapest 29 de mayo de 2022 IV Cumbre Transatl\u00e1ntica en Budapest 29 de mayo de 2022 Nuestra plataforma ha tenido el honor de participar en esta ocasi\u00f3n en el Transatlantic Summit IV de la Political Network for Values que ha reunido en Budapest a pol\u00edticos de 30 pa\u00edses los d\u00edas&hellip;","_links":{"self":[{"href":"https:\/\/womenworldplatform.com\/en\/wp-json\/wp\/v2\/pages\/3091"}],"collection":[{"href":"https:\/\/womenworldplatform.com\/en\/wp-json\/wp\/v2\/pages"}],"about":[{"href":"https:\/\/womenworldplatform.com\/en\/wp-json\/wp\/v2\/types\/page"}],"author":[{"embeddable":true,"href":"https:\/\/womenworldplatform.com\/en\/wp-json\/wp\/v2\/users\/1"}],"replies":[{"embeddable":true,"href":"https:\/\/womenworldplatform.com\/en\/wp-json\/wp\/v2\/comments?post=3091"}],"version-history":[{"count":52,"href":"https:\/\/womenworldplatform.com\/en\/wp-json\/wp\/v2\/pages\/3091\/revisions"}],"predecessor-version":[{"id":3177,"href":"https:\/\/womenworldplatform.com\/en\/wp-json\/wp\/v2\/pages\/3091\/revisions\/3177"}],"wp:attachment":[{"href":"https:\/\/womenworldplatform.com\/en\/wp-json\/wp\/v2\/media?parent=3091"}],"curies":[{"name":"wp","href":"https:\/\/api.w.org\/{rel}","templated":true}]}}