{"id":3606,"date":"2020-06-20T15:58:28","date_gmt":"2020-06-20T13:58:28","guid":{"rendered":"https:\/\/womenworldplatform.com\/?page_id=3606"},"modified":"2024-11-28T23:40:26","modified_gmt":"2024-11-28T22:40:26","slug":"resources","status":"publish","type":"page","link":"https:\/\/womenworldplatform.com\/en\/resources\/","title":{"rendered":"Resources"},"content":{"rendered":"<div data-elementor-type=\"wp-page\" data-elementor-id=\"3606\" class=\"elementor elementor-3606\">\n\t\t\t\t<div class=\"elementor-element elementor-element-265e68b1 e-flex e-con-boxed e-con e-parent\" data-id=\"265e68b1\" data-element_type=\"container\" data-e-type=\"container\" data-settings=\"{&quot;background_background&quot;:&quot;classic&quot;}\">\n\t\t\t\t\t<div class=\"e-con-inner\">\n\t\t<div class=\"elementor-element elementor-element-27069b03 e-con-full e-flex e-con e-child\" data-id=\"27069b03\" data-element_type=\"container\" data-e-type=\"container\">\n\t\t\t\t<div class=\"elementor-element elementor-element-64267d9a elementor-widget elementor-widget-heading\" data-id=\"64267d9a\" data-element_type=\"widget\" data-e-type=\"widget\" data-widget_type=\"heading.default\">\n\t\t\t\t<div class=\"elementor-widget-container\">\n\t\t\t\t\t<h1 class=\"elementor-heading-title elementor-size-default\">Resources<\/h1>\t\t\t\t<\/div>\n\t\t\t\t<\/div>\n\t\t\t\t<\/div>\n\t\t\t\t\t<\/div>\n\t\t\t\t<\/div>\n\t\t<div class=\"elementor-element elementor-element-18fc843 e-flex e-con-boxed e-con e-parent\" data-id=\"18fc843\" data-element_type=\"container\" data-e-type=\"container\" data-settings=\"{&quot;background_background&quot;:&quot;gradient&quot;}\">\n\t\t\t\t\t<div class=\"e-con-inner\">\n\t\t<div class=\"elementor-element elementor-element-089087a e-con-full e-flex e-con e-child\" data-id=\"089087a\" data-element_type=\"container\" data-e-type=\"container\">\n\t\t\t\t<div class=\"elementor-element elementor-element-0bcaa02 elementor-widget elementor-widget-eael-post-timeline\" data-id=\"0bcaa02\" data-element_type=\"widget\" data-e-type=\"widget\" data-widget_type=\"eael-post-timeline.default\">\n\t\t\t\t<div class=\"elementor-widget-container\">\n\t\t\t\t\t<div id=\"eael-post-timeline-0bcaa02\" class=\"eael-post-timeline timeline-layout-card eael-post-timeline-arrow-top\">\n            <div class=\"eael-post-timeline eael-post-appender eael-post-appender-0bcaa02\"><article class=\"eael-timeline-post\">\n    <div class=\"eael-timeline-bullet\"><\/div>\n    <div class=\"eael-timeline-post-inner\">\n        <a class=\"eael-timeline-post-link\" href=\"https:\/\/womenworldplatform.com\/en\/un_8m_contra_la_explotacion_de_la_mujer\/\" title=\"8M AGAINST THE EXPLOITATION OF WOMEN\">\n            <time datetime=\"8 de March de 2024\">8 de March de 2024<\/time>\n            <div class=\"eael-timeline-post-image\" style=\"background-image: url(https:\/\/womenworldplatform.com\/wp-content\/uploads\/2024\/03\/8M-Doc-2024-vert.jpg)\"><\/div><div class=\"eael-timeline-content\"><div class=\"eael-timeline-post-title\">\n\t\t                    <h3 class=\"eael-timeline-post-title-text-card\">8M AGAINST THE EXPLOITATION OF WOMEN<\/h3>\n\t\t                <\/div><div class=\"eael-timeline-post-excerpt\"><p>8M should be a day to confront the 3 intertwined practices of objectification of women.<\/p><\/div><\/div><\/a>\n    <\/div>\n    <div class=\"eael-timeline-clear\"><\/div>\n<\/article><article class=\"eael-timeline-post\">\n    <div class=\"eael-timeline-bullet\"><\/div>\n    <div class=\"eael-timeline-post-inner\">\n        <a class=\"eael-timeline-post-link\" href=\"https:\/\/womenworldplatform.com\/en\/sumate-a-la-declaracion-8m-la-mujer-no-esta-a-la-venta\/\" title=\"Join the 8M Declaration Women Are Not for Sale\">\n            <time datetime=\"6 de March de 2022\">March 6, 2022<\/time>\n            <div class=\"eael-timeline-post-image\" style=\"background-image: url(https:\/\/womenworldplatform.com\/wp-content\/uploads\/2022\/03\/Mujer-no-a-la-venta-8M-2022.jpg)\"><\/div><div class=\"eael-timeline-content\"><div class=\"eael-timeline-post-title\">\n\t\t                    <h3 class=\"eael-timeline-post-title-text-card\">Join the 8M Declaration Women Are Not for Sale<\/h3>\n\t\t                <\/div><div class=\"eael-timeline-post-excerpt\"><p>The big day has arrived! Today, March 8, we shout: Women are not for sale! Because, regardless of whoever it may concern, 8M has no meaning if the dignity of women is not at the center of the demands.<\/p><\/div><\/div><\/a>\n    <\/div>\n    <div class=\"eael-timeline-clear\"><\/div>\n<\/article><article class=\"eael-timeline-post\">\n    <div class=\"eael-timeline-bullet\"><\/div>\n    <div class=\"eael-timeline-post-inner\">\n        <a class=\"eael-timeline-post-link\" href=\"https:\/\/womenworldplatform.com\/en\/trata-de-mujeres-informe\/\" title=\"TRAFFICKING IN WOMEN: REPORT\">\n            <time datetime=\"6 de March de 2022\">March 6, 2022<\/time>\n            <div class=\"eael-timeline-post-image\" style=\"background-image: url(https:\/\/womenworldplatform.com\/wp-content\/uploads\/2022\/03\/Trata-de-Mujeres-Informe-2022.jpg)\"><\/div><div class=\"eael-timeline-content\"><div class=\"eael-timeline-post-title\">\n\t\t                    <h3 class=\"eael-timeline-post-title-text-card\">TRAFFICKING IN WOMEN: REPORT<\/h3>\n\t\t                <\/div><div class=\"eael-timeline-post-excerpt\"><p>Mujeres, hombres y nin\u0303os de edades, razas, religiones o condiciones socioecono\u0301micas diversas, son v\u00edctimas de este negocio criminal, cuyos propo\u0301sitos van desde la esclavitud laboral, reproductiva, la explotacio\u0301n sexual hasta el tra\u0301fico de o\u0301rganos. 75%, son mujeres y nin\u0303as.<\/p><\/div><\/div><\/a>\n    <\/div>\n    <div class=\"eael-timeline-clear\"><\/div>\n<\/article><article class=\"eael-timeline-post\">\n    <div class=\"eael-timeline-bullet\"><\/div>\n    <div class=\"eael-timeline-post-inner\">\n        <a class=\"eael-timeline-post-link\" href=\"https:\/\/womenworldplatform.com\/en\/ante-la-violencia-contra-la-mujer\/\" title=\"IN THE FACE OF VIOLENCE AGAINST WOMEN\">\n            <time datetime=\"22 de November de 2021\">22 de November de 2021<\/time>\n            <div class=\"eael-timeline-post-image\" style=\"background-image: url(https:\/\/womenworldplatform.com\/wp-content\/uploads\/2021\/11\/Ante-la-violencia-contra-la-mujer-2021.jpg)\"><\/div><div class=\"eael-timeline-content\"><div class=\"eael-timeline-post-title\">\n\t\t                    <h3 class=\"eael-timeline-post-title-text-card\">IN THE FACE OF VIOLENCE AGAINST WOMEN<\/h3>\n\t\t                <\/div><div class=\"eael-timeline-post-excerpt\"><p>Violence is more painful the closer the relationship with the person who commits it, since more bonds are broken, and trust, loyalty and affection are damaged. Giving way to resentment, misunderstanding, and anger. Thus, violence not only has physical effects but also opens wounds on an emotional and psychological level.<\/p><\/div><\/div><\/a>\n    <\/div>\n    <div class=\"eael-timeline-clear\"><\/div>\n<\/article><article class=\"eael-timeline-post\">\n    <div class=\"eael-timeline-bullet\"><\/div>\n    <div class=\"eael-timeline-post-inner\">\n        <a class=\"eael-timeline-post-link\" href=\"https:\/\/womenworldplatform.com\/en\/informe-psicologico-muerte-perinatal\/\" title=\"BEREAVEMENT OF PERINATAL DEATH: REPORT\">\n            <time datetime=\"13 de October de 2021\">13 de October de 2021<\/time>\n            <div class=\"eael-timeline-post-image\" style=\"background-image: url(https:\/\/womenworldplatform.com\/wp-content\/uploads\/2021\/10\/Duelo-muerte-perinatal-Informe-2021.jpg)\"><\/div><div class=\"eael-timeline-content\"><div class=\"eael-timeline-post-title\">\n\t\t                    <h3 class=\"eael-timeline-post-title-text-card\">BEREAVEMENT OF PERINATAL DEATH: REPORT<\/h3>\n\t\t                <\/div><div class=\"eael-timeline-post-excerpt\"><p>The aim of the following document is to become aware of the reality of perinatal bereavement and its importance. We will briefly start with the definition of common bereavement and then delve into the characteristics and needs of bereavement due to the death of an unborn child or perinatal bereavement.<\/p><\/div><\/div><\/a>\n    <\/div>\n    <div class=\"eael-timeline-clear\"><\/div>\n<\/article><\/div>\n\t\t<\/div>            <div class=\"eael-load-more-button-wrap\">\n                <button class=\"eael-load-more-button\" id=\"eael-load-more-btn-0bcaa02\" data-widget-id=\"0bcaa02\" data-widget=\"0bcaa02\" data-page-id=\"3606\" data-template=\"{&quot;dir&quot;:&quot;lite&quot;,&quot;file_name&quot;:&quot;card.php&quot;,&quot;name&quot;:&quot;Post-Timeline&quot;}\" data-class=\"Essential_Addons_Elementor\\Elements\\Post_Timeline\" data-layout=\"\" data-page=\"1\" data-args=\"orderby=date&amp;order=desc&amp;ignore_sticky_posts=1&amp;post_status=publish&amp;posts_per_page=5&amp;offset=0&amp;post_type=post&amp;tax_query%5B0%5D%5Btaxonomy%5D=category&amp;tax_query%5B0%5D%5Bfield%5D=term_id&amp;tax_query%5B0%5D%5Bterms%5D%5B0%5D=19&amp;tax_query%5Brelation%5D=AND\" data-max-page=\"3\">\n                    <span class=\"eael-btn-loader button__loader\"><\/span>\n                    <span class=\"eael_load_more_text\">Ver m\u00e1s<\/span>\n                <\/button>\n            <\/div>\n            \t\t\t\t<\/div>\n\t\t\t\t<\/div>\n\t\t\t\t<\/div>\n\t\t\t\t\t<\/div>\n\t\t\t\t<\/div>\n\t\t\t\t<\/div>","protected":false},"excerpt":{"rendered":"<p>Recursos 8 de marzo de 2024 UN 8M CONTRA LA EXPLOTACI\u00d3N DE LA MUJER El 8M debe ser un d\u00eda para hacer frente a las 3 pr\u00e1cticas entrelazadas de cosificaci\u00f3n de la mujer. 6 de marzo de 2022 S\u00famate a la Declaraci\u00f3n 8M La mujer no est\u00e1 a la venta \u00a1Ha llegado el gran d\u00eda! [&hellip;]<\/p>\n","protected":false},"author":1,"featured_media":0,"parent":0,"menu_order":0,"comment_status":"closed","ping_status":"closed","template":"","meta":{"give_campaign_id":0,"_uag_custom_page_level_css":"","_monsterinsights_skip_tracking":false,"_monsterinsights_sitenote_active":false,"_monsterinsights_sitenote_note":"","_monsterinsights_sitenote_category":0,"_uf_show_specific_survey":0,"_uf_disable_surveys":false,"site-sidebar-layout":"no-sidebar","site-content-layout":"page-builder","ast-site-content-layout":"full-width-container","site-content-style":"default","site-sidebar-style":"default","ast-global-header-display":"","ast-banner-title-visibility":"","ast-main-header-display":"","ast-hfb-above-header-display":"","ast-hfb-below-header-display":"","ast-hfb-mobile-header-display":"","site-post-title":"disabled","ast-breadcrumbs-content":"","ast-featured-img":"disabled","footer-sml-layout":"","ast-disable-related-posts":"","theme-transparent-header-meta":"","adv-header-id-meta":"","stick-header-meta":"","header-above-stick-meta":"","header-main-stick-meta":"","header-below-stick-meta":"","astra-migrate-meta-layouts":"set","ast-page-background-enabled":"default","ast-page-background-meta":{"desktop":{"background-color":"","background-image":"","background-repeat":"repeat","background-position":"center center","background-size":"auto","background-attachment":"scroll","background-type":"","background-media":"","overlay-type":"","overlay-color":"","overlay-opacity":"","overlay-gradient":""},"tablet":{"background-color":"","background-image":"","background-repeat":"repeat","background-position":"center center","background-size":"auto","background-attachment":"scroll","background-type":"","background-media":"","overlay-type":"","overlay-color":"","overlay-opacity":"","overlay-gradient":""},"mobile":{"background-color":"","background-image":"","background-repeat":"repeat","background-position":"center center","background-size":"auto","background-attachment":"scroll","background-type":"","background-media":"","overlay-type":"","overlay-color":"","overlay-opacity":"","overlay-gradient":""}},"ast-content-background-meta":{"desktop":{"background-color":"var(--ast-global-color-5)","background-image":"","background-repeat":"repeat","background-position":"center center","background-size":"auto","background-attachment":"scroll","background-type":"","background-media":"","overlay-type":"","overlay-color":"","overlay-opacity":"","overlay-gradient":""},"tablet":{"background-color":"var(--ast-global-color-5)","background-image":"","background-repeat":"repeat","background-position":"center center","background-size":"auto","background-attachment":"scroll","background-type":"","background-media":"","overlay-type":"","overlay-color":"","overlay-opacity":"","overlay-gradient":""},"mobile":{"background-color":"var(--ast-global-color-5)","background-image":"","background-repeat":"repeat","background-position":"center center","background-size":"auto","background-attachment":"scroll","background-type":"","background-media":"","overlay-type":"","overlay-color":"","overlay-opacity":"","overlay-gradient":""}},"footnotes":""},"class_list":["post-3606","page","type-page","status-publish","hentry"],"aioseo_notices":[],"campaignId":"","uagb_featured_image_src":{"full":false,"thumbnail":false,"medium":false,"medium_large":false,"large":false,"1536x1536":false,"2048x2048":false,"trp-custom-language-flag":false},"uagb_author_info":{"display_name":"wowplatform","author_link":"https:\/\/womenworldplatform.com\/en\/author\/brechawow\/"},"uagb_comment_info":0,"uagb_excerpt":"Recursos 8 de marzo de 2024 UN 8M CONTRA LA EXPLOTACI\u00d3N DE LA MUJER El 8M debe ser un d\u00eda para hacer frente a las 3 pr\u00e1cticas entrelazadas de cosificaci\u00f3n de la mujer. 6 de marzo de 2022 S\u00famate a la Declaraci\u00f3n 8M La mujer no est\u00e1 a la venta \u00a1Ha llegado el gran d\u00eda!&hellip;","rttpg_featured_image_url":null,"rttpg_author":{"display_name":"wowplatform","author_link":"https:\/\/womenworldplatform.com\/en\/author\/brechawow\/"},"rttpg_comment":0,"rttpg_category":"","rttpg_excerpt":"Recursos 8 de marzo de 2024 UN 8M CONTRA LA EXPLOTACI\u00d3N DE LA MUJER El 8M debe ser un d\u00eda para hacer frente a las 3 pr\u00e1cticas entrelazadas de cosificaci\u00f3n de la mujer. 6 de marzo de 2022 S\u00famate a la Declaraci\u00f3n 8M La mujer no est\u00e1 a la venta \u00a1Ha llegado el gran d\u00eda!&hellip;","_links":{"self":[{"href":"https:\/\/womenworldplatform.com\/en\/wp-json\/wp\/v2\/pages\/3606"}],"collection":[{"href":"https:\/\/womenworldplatform.com\/en\/wp-json\/wp\/v2\/pages"}],"about":[{"href":"https:\/\/womenworldplatform.com\/en\/wp-json\/wp\/v2\/types\/page"}],"author":[{"embeddable":true,"href":"https:\/\/womenworldplatform.com\/en\/wp-json\/wp\/v2\/users\/1"}],"replies":[{"embeddable":true,"href":"https:\/\/womenworldplatform.com\/en\/wp-json\/wp\/v2\/comments?post=3606"}],"version-history":[{"count":8,"href":"https:\/\/womenworldplatform.com\/en\/wp-json\/wp\/v2\/pages\/3606\/revisions"}],"predecessor-version":[{"id":3707,"href":"https:\/\/womenworldplatform.com\/en\/wp-json\/wp\/v2\/pages\/3606\/revisions\/3707"}],"wp:attachment":[{"href":"https:\/\/womenworldplatform.com\/en\/wp-json\/wp\/v2\/media?parent=3606"}],"curies":[{"name":"wp","href":"https:\/\/api.w.org\/{rel}","templated":true}]}}