{"id":1366,"date":"2020-07-20T08:47:45","date_gmt":"2020-07-20T08:47:45","guid":{"rendered":"https:\/\/womenworldplatform.com\/services\/"},"modified":"2024-11-28T23:39:58","modified_gmt":"2024-11-28T22:39:58","slug":"resourcesold","status":"publish","type":"page","link":"https:\/\/womenworldplatform.com\/fr\/resourcesold\/","title":{"rendered":"Recursos Old"},"content":{"rendered":"<div data-elementor-type=\"wp-page\" data-elementor-id=\"1366\" class=\"elementor elementor-1366\">\n\t\t\t\t<div class=\"elementor-element elementor-element-f2952e3 e-flex e-con-boxed e-con e-parent\" data-id=\"f2952e3\" data-element_type=\"container\" data-e-type=\"container\" data-settings=\"{&quot;background_background&quot;:&quot;classic&quot;}\">\n\t\t\t\t\t<div class=\"e-con-inner\">\n\t\t<div class=\"elementor-element elementor-element-9279336 e-con-full e-flex e-con e-child\" data-id=\"9279336\" data-element_type=\"container\" data-e-type=\"container\">\n\t\t\t\t<div class=\"elementor-element elementor-element-1955f8f elementor-widget elementor-widget-heading\" data-id=\"1955f8f\" data-element_type=\"widget\" data-e-type=\"widget\" data-widget_type=\"heading.default\">\n\t\t\t\t<div class=\"elementor-widget-container\">\n\t\t\t\t\t<h1 class=\"elementor-heading-title elementor-size-default\">Ressources<\/h1>\t\t\t\t<\/div>\n\t\t\t\t<\/div>\n\t\t\t\t<\/div>\n\t\t\t\t\t<\/div>\n\t\t\t\t<\/div>\n\t\t<div class=\"elementor-element elementor-element-d01a30d e-flex e-con-boxed e-con e-parent\" data-id=\"d01a30d\" data-element_type=\"container\" data-e-type=\"container\" data-settings=\"{&quot;background_background&quot;:&quot;classic&quot;}\">\n\t\t\t\t\t<div class=\"e-con-inner\">\n\t\t<div class=\"elementor-element elementor-element-58b2d24 e-con-full e-flex e-con e-child\" data-id=\"58b2d24\" data-element_type=\"container\" data-e-type=\"container\">\n\t\t<div class=\"elementor-element elementor-element-6472c1d e-con-full e-flex e-con e-child\" data-id=\"6472c1d\" data-element_type=\"container\" data-e-type=\"container\">\n\t\t<div class=\"elementor-element elementor-element-e5c08bb e-con-full e-flex e-con e-child\" data-id=\"e5c08bb\" data-element_type=\"container\" data-e-type=\"container\">\n\t\t\t\t<div class=\"elementor-element elementor-element-ad25d85 elementor-widget elementor-widget-image\" data-id=\"ad25d85\" data-element_type=\"widget\" data-e-type=\"widget\" data-widget_type=\"image.default\">\n\t\t\t\t<div class=\"elementor-widget-container\">\n\t\t\t\t\t\t\t\t\t\t\t\t\t\t\t\t<a href=\"https:\/\/womenworldplatform.com\/fr\/un_8m_contra_la_explotacion_de_la_mujer\/\">\n\t\t\t\t\t\t\t<img fetchpriority=\"high\" decoding=\"async\" width=\"612\" height=\"792\" src=\"https:\/\/womenworldplatform.com\/wp-content\/uploads\/2024\/03\/8M-Doc.jpg\" class=\"attachment-full size-full wp-image-1588\" alt=\"\" \/>\t\t\t\t\t\t\t\t<\/a>\n\t\t\t\t\t\t\t\t\t\t\t\t\t\t\t<\/div>\n\t\t\t\t<\/div>\n\t\t\t\t<\/div>\n\t\t<div class=\"elementor-element elementor-element-094af48 e-con-full e-flex e-con e-child\" data-id=\"094af48\" data-element_type=\"container\" data-e-type=\"container\">\n\t\t\t\t<div class=\"elementor-element elementor-element-e9baec9 elementor-widget elementor-widget-heading\" data-id=\"e9baec9\" data-element_type=\"widget\" data-e-type=\"widget\" data-widget_type=\"heading.default\">\n\t\t\t\t<div class=\"elementor-widget-container\">\n\t\t\t\t\t<h3 class=\"elementor-heading-title elementor-size-default\">Un 8M\ncontre l'exploitation des femmes<\/h3>\t\t\t\t<\/div>\n\t\t\t\t<\/div>\n\t\t\t\t<div class=\"elementor-element elementor-element-ad9432f elementor-widget elementor-widget-heading\" data-id=\"ad9432f\" data-element_type=\"widget\" data-e-type=\"widget\" data-widget_type=\"heading.default\">\n\t\t\t\t<div class=\"elementor-widget-container\">\n\t\t\t\t\t<h5 class=\"elementor-heading-title elementor-size-default\">8 mars 2024<\/h5>\t\t\t\t<\/div>\n\t\t\t\t<\/div>\n\t\t\t\t<div class=\"elementor-element elementor-element-95fc6fa elementor-widget elementor-widget-text-editor\" data-id=\"95fc6fa\" data-element_type=\"widget\" data-e-type=\"widget\" data-widget_type=\"text-editor.default\">\n\t\t\t\t<div class=\"elementor-widget-container\">\n\t\t\t\t\t\t\t\t\t<p>Le 8M doit \u00eatre une journ\u00e9e de confrontation avec les trois pratiques interd\u00e9pendantes d'objectivation des femmes.<\/p>\t\t\t\t\t\t\t\t<\/div>\n\t\t\t\t<\/div>\n\t\t\t\t<div class=\"elementor-element elementor-element-7f20259 elementor-widget elementor-widget-text-editor\" data-id=\"7f20259\" data-element_type=\"widget\" data-e-type=\"widget\" data-widget_type=\"text-editor.default\">\n\t\t\t\t<div class=\"elementor-widget-container\">\n\t\t\t\t\t\t\t\t\t<p><a href=\"https:\/\/womenworldplatform.com\/fr\/un_8m_contra_la_explotacion_de_la_mujer\/\"><em>A<\/em><em> 8M contre l'exploitation des femmes<\/em><\/a><\/p>\t\t\t\t\t\t\t\t<\/div>\n\t\t\t\t<\/div>\n\t\t\t\t<\/div>\n\t\t\t\t<\/div>\n\t\t\t\t<\/div>\n\t\t\t\t\t<\/div>\n\t\t\t\t<\/div>\n\t\t<div class=\"elementor-element elementor-element-384c9b5 e-flex e-con-boxed e-con e-parent\" data-id=\"384c9b5\" data-element_type=\"container\" data-e-type=\"container\">\n\t\t\t\t\t<div class=\"e-con-inner\">\n\t\t<div class=\"elementor-element elementor-element-2818846 e-con-full e-flex e-con e-child\" data-id=\"2818846\" data-element_type=\"container\" data-e-type=\"container\">\n\t\t<div class=\"elementor-element elementor-element-0be8c60 e-con-full e-flex e-con e-child\" data-id=\"0be8c60\" data-element_type=\"container\" data-e-type=\"container\">\n\t\t<div class=\"elementor-element elementor-element-810e394 e-con-full e-flex e-con e-child\" data-id=\"810e394\" data-element_type=\"container\" data-e-type=\"container\">\n\t\t\t\t<div class=\"elementor-element elementor-element-6903e7c elementor-widget elementor-widget-image\" data-id=\"6903e7c\" data-element_type=\"widget\" data-e-type=\"widget\" data-widget_type=\"image.default\">\n\t\t\t\t<div class=\"elementor-widget-container\">\n\t\t\t\t\t\t\t\t\t\t\t\t\t\t\t\t<a href=\"https:\/\/womenworldplatform.com\/fr\/sumate-a-la-declaracion-8m-la-mujer-no-esta-a-la-venta\/\">\n\t\t\t\t\t\t\t<img decoding=\"async\" src=\"https:\/\/womenworldplatform.com\/wp-content\/uploads\/2024\/08\/Mujer-no-a-la-venta-8M-2022.jpg\" title=\"\" alt=\"\" loading=\"lazy\" \/>\t\t\t\t\t\t\t\t<\/a>\n\t\t\t\t\t\t\t\t\t\t\t\t\t\t\t<\/div>\n\t\t\t\t<\/div>\n\t\t\t\t<\/div>\n\t\t<div class=\"elementor-element elementor-element-8daf46c e-con-full e-flex e-con e-child\" data-id=\"8daf46c\" data-element_type=\"container\" data-e-type=\"container\">\n\t\t\t\t<div class=\"elementor-element elementor-element-c14b944 elementor-widget elementor-widget-heading\" data-id=\"c14b944\" data-element_type=\"widget\" data-e-type=\"widget\" data-widget_type=\"heading.default\">\n\t\t\t\t<div class=\"elementor-widget-container\">\n\t\t\t\t\t<h3 class=\"elementor-heading-title elementor-size-default\">D\u00c9CLARATION 8M 2022 : LES FEMMES NE SONT PAS \u00c0 VENDRE<\/h3>\t\t\t\t<\/div>\n\t\t\t\t<\/div>\n\t\t\t\t<div class=\"elementor-element elementor-element-8ea15d8 elementor-widget elementor-widget-heading\" data-id=\"8ea15d8\" data-element_type=\"widget\" data-e-type=\"widget\" data-widget_type=\"heading.default\">\n\t\t\t\t<div class=\"elementor-widget-container\">\n\t\t\t\t\t<h5 class=\"elementor-heading-title elementor-size-default\">6 mars 2022<\/h5>\t\t\t\t<\/div>\n\t\t\t\t<\/div>\n\t\t\t\t<div class=\"elementor-element elementor-element-920a6db elementor-widget elementor-widget-text-editor\" data-id=\"920a6db\" data-element_type=\"widget\" data-e-type=\"widget\" data-widget_type=\"text-editor.default\">\n\t\t\t\t<div class=\"elementor-widget-container\">\n\t\t\t\t\t\t\t\t\t<p>Le grand jour est arriv\u00e9 ! Aujourd'hui, 8 mars, nous crions : Les femmes ne sont pas \u00e0 vendre ! Car, quel que soit son destinataire, le 8M n'a aucun sens si la dignit\u00e9 des femmes n'est pas au c\u0153ur des revendications.<\/p>\t\t\t\t\t\t\t\t<\/div>\n\t\t\t\t<\/div>\n\t\t\t\t<div class=\"elementor-element elementor-element-58f84a8 elementor-widget elementor-widget-text-editor\" data-id=\"58f84a8\" data-element_type=\"widget\" data-e-type=\"widget\" data-widget_type=\"text-editor.default\">\n\t\t\t\t<div class=\"elementor-widget-container\">\n\t\t\t\t\t\t\t\t\t<p><a href=\"https:\/\/womenworldplatform.com\/fr\/sumate-a-la-declaracion-8m-la-mujer-no-esta-a-la-venta\/\"><i>Rejoignez la d\u00e9claration du 8M : Les femmes ne sont pas \u00e0 vendre<\/i><\/a><\/p>\t\t\t\t\t\t\t\t<\/div>\n\t\t\t\t<\/div>\n\t\t\t\t<\/div>\n\t\t\t\t<\/div>\n\t\t\t\t<\/div>\n\t\t\t\t\t<\/div>\n\t\t\t\t<\/div>\n\t\t<div class=\"elementor-element elementor-element-25bc725 e-flex e-con-boxed e-con e-parent\" data-id=\"25bc725\" data-element_type=\"container\" data-e-type=\"container\">\n\t\t\t\t\t<div class=\"e-con-inner\">\n\t\t<div class=\"elementor-element elementor-element-10f2065 e-con-full e-flex e-con e-child\" data-id=\"10f2065\" data-element_type=\"container\" data-e-type=\"container\">\n\t\t<div class=\"elementor-element elementor-element-c1d70b9 e-con-full e-flex e-con e-child\" data-id=\"c1d70b9\" data-element_type=\"container\" data-e-type=\"container\">\n\t\t<div class=\"elementor-element elementor-element-2bd0fdf e-con-full e-flex e-con e-child\" data-id=\"2bd0fdf\" data-element_type=\"container\" data-e-type=\"container\">\n\t\t\t\t<div class=\"elementor-element elementor-element-923206f elementor-widget elementor-widget-image\" data-id=\"923206f\" data-element_type=\"widget\" data-e-type=\"widget\" data-widget_type=\"image.default\">\n\t\t\t\t<div class=\"elementor-widget-container\">\n\t\t\t\t\t\t\t\t\t\t\t\t\t\t\t\t<a href=\"https:\/\/womenworldplatform.com\/fr\/Trata-de-Mujeres-Informe\/\">\n\t\t\t\t\t\t\t<img decoding=\"async\" src=\"https:\/\/womenworldplatform.com\/wp-content\/uploads\/2024\/08\/Trata-de-Mujeres-Informe-2022.jpg\" title=\"\" alt=\"\" loading=\"lazy\" \/>\t\t\t\t\t\t\t\t<\/a>\n\t\t\t\t\t\t\t\t\t\t\t\t\t\t\t<\/div>\n\t\t\t\t<\/div>\n\t\t\t\t<\/div>\n\t\t<div class=\"elementor-element elementor-element-b3c40e1 e-con-full e-flex e-con e-child\" data-id=\"b3c40e1\" data-element_type=\"container\" data-e-type=\"container\">\n\t\t\t\t<div class=\"elementor-element elementor-element-8926b95 elementor-widget elementor-widget-heading\" data-id=\"8926b95\" data-element_type=\"widget\" data-e-type=\"widget\" data-widget_type=\"heading.default\">\n\t\t\t\t<div class=\"elementor-widget-container\">\n\t\t\t\t\t<h3 class=\"elementor-heading-title elementor-size-default\">TRAITE DES FEMMES : RAPPORT<\/h3>\t\t\t\t<\/div>\n\t\t\t\t<\/div>\n\t\t\t\t<div class=\"elementor-element elementor-element-29a2702 elementor-widget elementor-widget-heading\" data-id=\"29a2702\" data-element_type=\"widget\" data-e-type=\"widget\" data-widget_type=\"heading.default\">\n\t\t\t\t<div class=\"elementor-widget-container\">\n\t\t\t\t\t<h5 class=\"elementor-heading-title elementor-size-default\">Mars 2022<\/h5>\t\t\t\t<\/div>\n\t\t\t\t<\/div>\n\t\t\t\t<div class=\"elementor-element elementor-element-74f5e3a elementor-widget elementor-widget-text-editor\" data-id=\"74f5e3a\" data-element_type=\"widget\" data-e-type=\"widget\" data-widget_type=\"text-editor.default\">\n\t\t\t\t<div class=\"elementor-widget-container\">\n\t\t\t\t\t\t\t\t\t<div class=\"page\" title=\"Page 1\"><div class=\"layoutArea\"><div class=\"column\"><p>\u00a0Des femmes, des hommes et des enfants d'\u00e2ges, de races, de religions ou de conditions socio-\u00e9conomiques diff\u00e9rents sont victimes de cette entreprise criminelle, dont les objectifs vont de l'esclavage du travail \u00e0 l'esclavage reproductif, en passant par l'exploitation sexuelle et le trafic d'organes. 75%, sont des femmes et des filles.<\/p><\/div><\/div><\/div>\t\t\t\t\t\t\t\t<\/div>\n\t\t\t\t<\/div>\n\t\t\t\t<div class=\"elementor-element elementor-element-b846efc elementor-widget elementor-widget-text-editor\" data-id=\"b846efc\" data-element_type=\"widget\" data-e-type=\"widget\" data-widget_type=\"text-editor.default\">\n\t\t\t\t<div class=\"elementor-widget-container\">\n\t\t\t\t\t\t\t\t\t<div class=\"page\" title=\"Page 1\"><div class=\"layoutArea\"><div class=\"column\"><p><a href=\"https:\/\/womenworldplatform.com\/fr\/Trata-de-Mujeres-Informe\/\">30 millions de femmes et de jeunes filles sont victimes de la traite des \u00eatres humains<\/a><\/p><\/div><\/div><\/div>\t\t\t\t\t\t\t\t<\/div>\n\t\t\t\t<\/div>\n\t\t\t\t<\/div>\n\t\t\t\t<\/div>\n\t\t\t\t<\/div>\n\t\t\t\t\t<\/div>\n\t\t\t\t<\/div>\n\t\t<div class=\"elementor-element elementor-element-e856ebc e-flex e-con-boxed e-con e-parent\" data-id=\"e856ebc\" data-element_type=\"container\" data-e-type=\"container\">\n\t\t\t\t\t<div class=\"e-con-inner\">\n\t\t<div class=\"elementor-element elementor-element-95f60df e-con-full e-flex e-con e-child\" data-id=\"95f60df\" data-element_type=\"container\" data-e-type=\"container\">\n\t\t<div class=\"elementor-element elementor-element-4d4496b e-con-full e-flex e-con e-child\" data-id=\"4d4496b\" data-element_type=\"container\" data-e-type=\"container\">\n\t\t<div class=\"elementor-element elementor-element-e635e67 e-con-full e-flex e-con e-child\" data-id=\"e635e67\" data-element_type=\"container\" data-e-type=\"container\">\n\t\t\t\t<div class=\"elementor-element elementor-element-4699cdd elementor-widget elementor-widget-image\" data-id=\"4699cdd\" data-element_type=\"widget\" data-e-type=\"widget\" data-widget_type=\"image.default\">\n\t\t\t\t<div class=\"elementor-widget-container\">\n\t\t\t\t\t\t\t\t\t\t\t\t\t\t\t\t<a href=\"https:\/\/womenworldplatform.com\/fr\/un_8m_contra_la_explotacion_de_la_mujer\/\">\n\t\t\t\t\t\t\t<img decoding=\"async\" src=\"https:\/\/womenworldplatform.com\/wp-content\/uploads\/2024\/08\/Ante-la-violencia-contra-la-mujer-2021.jpg\" title=\"\" alt=\"\" loading=\"lazy\" \/>\t\t\t\t\t\t\t\t<\/a>\n\t\t\t\t\t\t\t\t\t\t\t\t\t\t\t<\/div>\n\t\t\t\t<\/div>\n\t\t\t\t<\/div>\n\t\t<div class=\"elementor-element elementor-element-5738c3e e-con-full e-flex e-con e-child\" data-id=\"5738c3e\" data-element_type=\"container\" data-e-type=\"container\">\n\t\t\t\t<div class=\"elementor-element elementor-element-2a87727 elementor-widget elementor-widget-heading\" data-id=\"2a87727\" data-element_type=\"widget\" data-e-type=\"widget\" data-widget_type=\"heading.default\">\n\t\t\t\t<div class=\"elementor-widget-container\">\n\t\t\t\t\t<h3 class=\"elementor-heading-title elementor-size-default\">FACE \u00c0 LA VIOLENCE \u00c0 L'\u00c9GARD DES FEMMES<\/h3>\t\t\t\t<\/div>\n\t\t\t\t<\/div>\n\t\t\t\t<div class=\"elementor-element elementor-element-386cfe8 elementor-widget elementor-widget-heading\" data-id=\"386cfe8\" data-element_type=\"widget\" data-e-type=\"widget\" data-widget_type=\"heading.default\">\n\t\t\t\t<div class=\"elementor-widget-container\">\n\t\t\t\t\t<h5 class=\"elementor-heading-title elementor-size-default\">22 novembre 2021<\/h5>\t\t\t\t<\/div>\n\t\t\t\t<\/div>\n\t\t\t\t<div class=\"elementor-element elementor-element-5f18fe9 elementor-widget elementor-widget-text-editor\" data-id=\"5f18fe9\" data-element_type=\"widget\" data-e-type=\"widget\" data-widget_type=\"text-editor.default\">\n\t\t\t\t<div class=\"elementor-widget-container\">\n\t\t\t\t\t\t\t\t\t<div class=\"page\" title=\"Page 1\"><div class=\"layoutArea\"><div class=\"column\"><p>La violence est d'autant plus douloureuse que la relation avec l'auteur est \u00e9troite, car les liens sont davantage bris\u00e9s et la confiance, la loyaut\u00e9 et l'affection sont mises \u00e0 mal. Elle fait place au ressentiment, \u00e0 l'incompr\u00e9hension et \u00e0 la col\u00e8re. Ainsi, la violence n'a pas seulement un effet physique, mais ouvre \u00e9galement des blessures sur le plan \u00e9motionnel et psychologique.<\/p><\/div><\/div><\/div>\t\t\t\t\t\t\t\t<\/div>\n\t\t\t\t<\/div>\n\t\t\t\t<div class=\"elementor-element elementor-element-8ec309d elementor-widget elementor-widget-text-editor\" data-id=\"8ec309d\" data-element_type=\"widget\" data-e-type=\"widget\" data-widget_type=\"text-editor.default\">\n\t\t\t\t<div class=\"elementor-widget-container\">\n\t\t\t\t\t\t\t\t\t<p><a href=\"https:\/\/womenworldplatform.com\/fr\/ante-la-violencia-contra-la-mujer\/\">Face \u00e0 la violence \u00e0 l'\u00e9gard des femmes<\/a><\/p>\t\t\t\t\t\t\t\t<\/div>\n\t\t\t\t<\/div>\n\t\t\t\t<\/div>\n\t\t\t\t<\/div>\n\t\t\t\t<\/div>\n\t\t\t\t\t<\/div>\n\t\t\t\t<\/div>\n\t\t<div class=\"elementor-element elementor-element-e2f920a e-flex e-con-boxed e-con e-parent\" data-id=\"e2f920a\" data-element_type=\"container\" data-e-type=\"container\">\n\t\t\t\t\t<div class=\"e-con-inner\">\n\t\t<div class=\"elementor-element elementor-element-2217a41 e-con-full e-flex e-con e-child\" data-id=\"2217a41\" data-element_type=\"container\" data-e-type=\"container\">\n\t\t<div class=\"elementor-element elementor-element-c4da905 e-con-full e-flex e-con e-child\" data-id=\"c4da905\" data-element_type=\"container\" data-e-type=\"container\">\n\t\t<div class=\"elementor-element elementor-element-4eee835 e-con-full e-flex e-con e-child\" data-id=\"4eee835\" data-element_type=\"container\" data-e-type=\"container\">\n\t\t\t\t<div class=\"elementor-element elementor-element-4873478 elementor-widget elementor-widget-image\" data-id=\"4873478\" data-element_type=\"widget\" data-e-type=\"widget\" data-widget_type=\"image.default\">\n\t\t\t\t<div class=\"elementor-widget-container\">\n\t\t\t\t\t\t\t\t\t\t\t\t\t\t\t\t<a href=\"https:\/\/womenworldplatform.com\/fr\/un_8m_contra_la_explotacion_de_la_mujer\/\">\n\t\t\t\t\t\t\t<img decoding=\"async\" src=\"https:\/\/womenworldplatform.com\/wp-content\/uploads\/2024\/08\/Duelo-muerte-perinatal-Informe-2021.jpg\" title=\"\" alt=\"\" loading=\"lazy\" \/>\t\t\t\t\t\t\t\t<\/a>\n\t\t\t\t\t\t\t\t\t\t\t\t\t\t\t<\/div>\n\t\t\t\t<\/div>\n\t\t\t\t<\/div>\n\t\t<div class=\"elementor-element elementor-element-5985d8b e-con-full e-flex e-con e-child\" data-id=\"5985d8b\" data-element_type=\"container\" data-e-type=\"container\">\n\t\t\t\t<div class=\"elementor-element elementor-element-d81a579 elementor-widget elementor-widget-heading\" data-id=\"d81a579\" data-element_type=\"widget\" data-e-type=\"widget\" data-widget_type=\"heading.default\">\n\t\t\t\t<div class=\"elementor-widget-container\">\n\t\t\t\t\t<h3 class=\"elementor-heading-title elementor-size-default\">LE DEUIL APR\u00c8S UN D\u00c9C\u00c8S P\u00c9RINATAL : UN RAPPORT<\/h3>\t\t\t\t<\/div>\n\t\t\t\t<\/div>\n\t\t\t\t<div class=\"elementor-element elementor-element-2a9bef5 elementor-widget elementor-widget-heading\" data-id=\"2a9bef5\" data-element_type=\"widget\" data-e-type=\"widget\" data-widget_type=\"heading.default\">\n\t\t\t\t<div class=\"elementor-widget-container\">\n\t\t\t\t\t<h5 class=\"elementor-heading-title elementor-size-default\">13 octobre 2021<\/h5>\t\t\t\t<\/div>\n\t\t\t\t<\/div>\n\t\t\t\t<div class=\"elementor-element elementor-element-51f3ff4 elementor-widget elementor-widget-text-editor\" data-id=\"51f3ff4\" data-element_type=\"widget\" data-e-type=\"widget\" data-widget_type=\"text-editor.default\">\n\t\t\t\t<div class=\"elementor-widget-container\">\n\t\t\t\t\t\t\t\t\t<p>L'objectif du document suivant est de prendre conscience de la r\u00e9alit\u00e9 du deuil p\u00e9rinatal et de son importance. Nous commencerons bri\u00e8vement par la d\u00e9finition du deuil commun, puis nous approfondirons les caract\u00e9ristiques et les besoins du deuil d\u00fb \u00e0 la mort d'un enfant \u00e0 na\u00eetre ou deuil p\u00e9rinatal.<\/p>\t\t\t\t\t\t\t\t<\/div>\n\t\t\t\t<\/div>\n\t\t\t\t<div class=\"elementor-element elementor-element-623fa03 elementor-widget elementor-widget-text-editor\" data-id=\"623fa03\" data-element_type=\"widget\" data-e-type=\"widget\" data-widget_type=\"text-editor.default\">\n\t\t\t\t<div class=\"elementor-widget-container\">\n\t\t\t\t\t\t\t\t\t<p><a href=\"https:\/\/womenworldplatform.com\/fr\/informe-psicologico-muerte-perinatal\/\">Deuil de la mort p\u00e9rinatale<\/a><\/p>\t\t\t\t\t\t\t\t<\/div>\n\t\t\t\t<\/div>\n\t\t\t\t<\/div>\n\t\t\t\t<\/div>\n\t\t\t\t<\/div>\n\t\t\t\t\t<\/div>\n\t\t\t\t<\/div>\n\t\t<div class=\"elementor-element elementor-element-c41ba69 e-flex e-con-boxed e-con e-parent\" data-id=\"c41ba69\" data-element_type=\"container\" data-e-type=\"container\">\n\t\t\t\t\t<div class=\"e-con-inner\">\n\t\t<div class=\"elementor-element elementor-element-43b12e7 e-con-full e-flex e-con e-child\" data-id=\"43b12e7\" data-element_type=\"container\" data-e-type=\"container\">\n\t\t\t\t<div class=\"elementor-element elementor-element-ce1f469 elementor-align-center elementor-widget elementor-widget-button\" data-id=\"ce1f469\" data-element_type=\"widget\" data-e-type=\"widget\" data-widget_type=\"button.default\">\n\t\t\t\t<div class=\"elementor-widget-container\">\n\t\t\t\t\t\t\t\t\t<div class=\"elementor-button-wrapper\">\n\t\t\t\t\t<a class=\"elementor-button elementor-button-link elementor-size-sm\" href=\"https:\/\/womenworldplatform.com\/fr\/resources-2\/\">\n\t\t\t\t\t\t<span class=\"elementor-button-content-wrapper\">\n\t\t\t\t\t\t\t\t\t<span class=\"elementor-button-text\">Plus ancien<\/span>\n\t\t\t\t\t<\/span>\n\t\t\t\t\t<\/a>\n\t\t\t\t<\/div>\n\t\t\t\t\t\t\t\t<\/div>\n\t\t\t\t<\/div>\n\t\t\t\t<\/div>\n\t\t\t\t\t<\/div>\n\t\t\t\t<\/div>\n\t\t\t\t<\/div>","protected":false},"excerpt":{"rendered":"<p>Recursos Un 8M contra la explotaci\u00f3n de la mujer 8 de marzo de 2024 El 8M debe ser un d\u00eda para hacer frente a las 3 pr\u00e1cticas entrelazadas de cosificaci\u00f3n de la mujer. Un 8M contra la explotaci\u00f3n de la mujer DECLARACI\u00d3N 8M 2022: LA MUJER NO EST\u00c1 A LA VENTA 6 de marzo de [&hellip;]<\/p>\n","protected":false},"author":1,"featured_media":0,"parent":0,"menu_order":0,"comment_status":"closed","ping_status":"closed","template":"","meta":{"give_campaign_id":0,"_uag_custom_page_level_css":"","_monsterinsights_skip_tracking":false,"_monsterinsights_sitenote_active":false,"_monsterinsights_sitenote_note":"","_monsterinsights_sitenote_category":0,"_uf_show_specific_survey":0,"_uf_disable_surveys":false,"site-sidebar-layout":"no-sidebar","site-content-layout":"page-builder","ast-site-content-layout":"full-width-container","site-content-style":"unboxed","site-sidebar-style":"unboxed","ast-global-header-display":"","ast-banner-title-visibility":"","ast-main-header-display":"","ast-hfb-above-header-display":"","ast-hfb-below-header-display":"","ast-hfb-mobile-header-display":"","site-post-title":"disabled","ast-breadcrumbs-content":"disabled","ast-featured-img":"disabled","footer-sml-layout":"","ast-disable-related-posts":"","theme-transparent-header-meta":"enabled","adv-header-id-meta":"","stick-header-meta":"","header-above-stick-meta":"","header-main-stick-meta":"","header-below-stick-meta":"","astra-migrate-meta-layouts":"set","ast-page-background-enabled":"default","ast-page-background-meta":{"desktop":{"background-color":"","background-image":"","background-repeat":"repeat","background-position":"center center","background-size":"auto","background-attachment":"scroll","background-type":"","background-media":"","overlay-type":"","overlay-color":"","overlay-opacity":"","overlay-gradient":""},"tablet":{"background-color":"","background-image":"","background-repeat":"repeat","background-position":"center center","background-size":"auto","background-attachment":"scroll","background-type":"","background-media":"","overlay-type":"","overlay-color":"","overlay-opacity":"","overlay-gradient":""},"mobile":{"background-color":"","background-image":"","background-repeat":"repeat","background-position":"center center","background-size":"auto","background-attachment":"scroll","background-type":"","background-media":"","overlay-type":"","overlay-color":"","overlay-opacity":"","overlay-gradient":""}},"ast-content-background-meta":{"desktop":{"background-color":"var(--ast-global-color-5)","background-image":"","background-repeat":"repeat","background-position":"center center","background-size":"auto","background-attachment":"scroll","background-type":"","background-media":"","overlay-type":"","overlay-color":"","overlay-opacity":"","overlay-gradient":""},"tablet":{"background-color":"var(--ast-global-color-5)","background-image":"","background-repeat":"repeat","background-position":"center center","background-size":"auto","background-attachment":"scroll","background-type":"","background-media":"","overlay-type":"","overlay-color":"","overlay-opacity":"","overlay-gradient":""},"mobile":{"background-color":"var(--ast-global-color-5)","background-image":"","background-repeat":"repeat","background-position":"center center","background-size":"auto","background-attachment":"scroll","background-type":"","background-media":"","overlay-type":"","overlay-color":"","overlay-opacity":"","overlay-gradient":""}},"footnotes":""},"class_list":["post-1366","page","type-page","status-publish","hentry"],"aioseo_notices":[],"campaignId":"","uagb_featured_image_src":{"full":false,"thumbnail":false,"medium":false,"medium_large":false,"large":false,"1536x1536":false,"2048x2048":false,"trp-custom-language-flag":false},"uagb_author_info":{"display_name":"wowplatform","author_link":"https:\/\/womenworldplatform.com\/fr\/author\/brechawow\/"},"uagb_comment_info":0,"uagb_excerpt":"Recursos Un 8M contra la explotaci\u00f3n de la mujer 8 de marzo de 2024 El 8M debe ser un d\u00eda para hacer frente a las 3 pr\u00e1cticas entrelazadas de cosificaci\u00f3n de la mujer. Un 8M contra la explotaci\u00f3n de la mujer DECLARACI\u00d3N 8M 2022: LA MUJER NO EST\u00c1 A LA VENTA 6 de marzo de\u2026","rttpg_featured_image_url":null,"rttpg_author":{"display_name":"wowplatform","author_link":"https:\/\/womenworldplatform.com\/fr\/author\/brechawow\/"},"rttpg_comment":0,"rttpg_category":null,"rttpg_excerpt":"Recursos Un 8M contra la explotaci\u00f3n de la mujer 8 de marzo de 2024 El 8M debe ser un d\u00eda para hacer frente a las 3 pr\u00e1cticas entrelazadas de cosificaci\u00f3n de la mujer. Un 8M contra la explotaci\u00f3n de la mujer DECLARACI\u00d3N 8M 2022: LA MUJER NO EST\u00c1 A LA VENTA 6 de marzo de\u2026","_links":{"self":[{"href":"https:\/\/womenworldplatform.com\/fr\/wp-json\/wp\/v2\/pages\/1366"}],"collection":[{"href":"https:\/\/womenworldplatform.com\/fr\/wp-json\/wp\/v2\/pages"}],"about":[{"href":"https:\/\/womenworldplatform.com\/fr\/wp-json\/wp\/v2\/types\/page"}],"author":[{"embeddable":true,"href":"https:\/\/womenworldplatform.com\/fr\/wp-json\/wp\/v2\/users\/1"}],"replies":[{"embeddable":true,"href":"https:\/\/womenworldplatform.com\/fr\/wp-json\/wp\/v2\/comments?post=1366"}],"version-history":[{"count":83,"href":"https:\/\/womenworldplatform.com\/fr\/wp-json\/wp\/v2\/pages\/1366\/revisions"}],"predecessor-version":[{"id":3706,"href":"https:\/\/womenworldplatform.com\/fr\/wp-json\/wp\/v2\/pages\/1366\/revisions\/3706"}],"wp:attachment":[{"href":"https:\/\/womenworldplatform.com\/fr\/wp-json\/wp\/v2\/media?parent=1366"}],"curies":[{"name":"wp","href":"https:\/\/api.w.org\/{rel}","templated":true}]}}