{"id":1813,"date":"2024-03-15T20:03:08","date_gmt":"2024-03-15T19:03:08","guid":{"rendered":"https:\/\/womenworldplatform.com\/?page_id=1813"},"modified":"2024-03-15T20:03:45","modified_gmt":"2024-03-15T19:03:45","slug":"politica-de-privacidad","status":"publish","type":"page","link":"https:\/\/womenworldplatform.com\/fr\/politica-de-privacidad\/","title":{"rendered":"Politique de confidentialit\u00e9"},"content":{"rendered":"<div data-elementor-type=\"wp-page\" data-elementor-id=\"1813\" class=\"elementor elementor-1813\">\n\t\t\t\t<div class=\"elementor-element elementor-element-c805762 e-flex e-con-boxed e-con e-parent\" data-id=\"c805762\" data-element_type=\"container\" data-e-type=\"container\" data-settings=\"{&quot;background_background&quot;:&quot;classic&quot;}\">\n\t\t\t\t\t<div class=\"e-con-inner\">\n\t\t<div class=\"elementor-element elementor-element-9dbf9da e-con-full e-flex e-con e-child\" data-id=\"9dbf9da\" data-element_type=\"container\" data-e-type=\"container\">\n\t\t\t\t<div class=\"elementor-element elementor-element-af006bf elementor-widget elementor-widget-heading\" data-id=\"af006bf\" data-element_type=\"widget\" data-e-type=\"widget\" data-widget_type=\"heading.default\">\n\t\t\t\t<div class=\"elementor-widget-container\">\n\t\t\t\t\t<h1 class=\"elementor-heading-title elementor-size-default\">Politique de confidentialit\u00e9<\/h1>\t\t\t\t<\/div>\n\t\t\t\t<\/div>\n\t\t\t\t<\/div>\n\t\t\t\t\t<\/div>\n\t\t\t\t<\/div>\n\t\t<div class=\"elementor-element elementor-element-955ee6b e-flex e-con-boxed e-con e-parent\" data-id=\"955ee6b\" data-element_type=\"container\" data-e-type=\"container\">\n\t\t\t\t\t<div class=\"e-con-inner\">\n\t\t<div class=\"elementor-element elementor-element-4b47077 e-con-full e-flex e-con e-child\" data-id=\"4b47077\" data-element_type=\"container\" data-e-type=\"container\">\n\t\t\t\t<div class=\"elementor-element elementor-element-d952ea0 elementor-widget__width-auto elementor-widget elementor-widget-heading\" data-id=\"d952ea0\" data-element_type=\"widget\" data-e-type=\"widget\" data-widget_type=\"heading.default\">\n\t\t\t\t<div class=\"elementor-widget-container\">\n\t\t\t\t\t<h3 class=\"elementor-heading-title elementor-size-default\">Conditions g\u00e9n\u00e9rales d'utilisation<\/h3>\t\t\t\t<\/div>\n\t\t\t\t<\/div>\n\t\t\t\t<div class=\"elementor-element elementor-element-4e729db elementor-widget__width-auto elementor-widget-divider--view-line elementor-widget elementor-widget-divider\" data-id=\"4e729db\" data-element_type=\"widget\" data-e-type=\"widget\" data-widget_type=\"divider.default\">\n\t\t\t\t<div class=\"elementor-widget-container\">\n\t\t\t\t\t\t\t<div class=\"elementor-divider\">\n\t\t\t<span class=\"elementor-divider-separator\">\n\t\t\t\t\t\t<\/span>\n\t\t<\/div>\n\t\t\t\t\t\t<\/div>\n\t\t\t\t<\/div>\n\t\t\t\t<\/div>\n\t\t\t\t\t<\/div>\n\t\t\t\t<\/div>\n\t\t<div class=\"elementor-element elementor-element-715d5e8 e-flex e-con-boxed e-con e-parent\" data-id=\"715d5e8\" data-element_type=\"container\" data-e-type=\"container\">\n\t\t\t\t\t<div class=\"e-con-inner\">\n\t\t<div class=\"elementor-element elementor-element-49bbb08 e-flex e-con-boxed e-con e-child\" data-id=\"49bbb08\" data-element_type=\"container\" data-e-type=\"container\">\n\t\t\t\t\t<div class=\"e-con-inner\">\n\t\t\t\t<div class=\"elementor-element elementor-element-86432d7 elementor-widget elementor-widget-text-editor\" data-id=\"86432d7\" data-element_type=\"widget\" data-e-type=\"widget\" data-widget_type=\"text-editor.default\">\n\t\t\t\t<div class=\"elementor-widget-container\">\n\t\t\t\t\t\t\t\t\t<p>Women of the World fournit ses services sous la marque Women of the World Platform selon les conditions g\u00e9n\u00e9rales suivantes :<\/p><p>PREMI\u00c8REMENT - Conform\u00e9ment aux obligations d'information pr\u00e9vues \u00e0 l'article 10 de la loi 34\/2002, du 11 juillet, sur les services de la soci\u00e9t\u00e9 de l'information et le commerce \u00e9lectronique, les informations suivantes sont fournies :<\/p><p>La plate-forme Femmes du monde est d\u00e9tenue et g\u00e9r\u00e9e par l'association Femmes du monde, dont l'adresse est Calle Mu\u00f1oz Barrios 2, 28223 Pozuelo de Alarc\u00f3n, Madrid, Espagne, inscrite au registre espagnol des associations sous le num\u00e9ro 609490 et dont le CIF est : G-87658043.<\/p><p>Les services offerts par la plate-forme Femmes du monde \u00e0 ses utilisateurs sont ceux qui sont \u00e9ventuellement mis \u00e0 disposition au sein du r\u00e9seau de la plate-forme Femmes du monde, \u00e0 titre gratuit, cette circonstance \u00e9tant susceptible d'\u00eatre modifi\u00e9e conform\u00e9ment \u00e0 la clause neuf des pr\u00e9sentes conditions. Certains des services offerts requi\u00e8rent l'enregistrement pr\u00e9alable de l'utilisateur et ne sont accessibles qu'aux utilisateurs enregistr\u00e9s du r\u00e9seau de la plate-forme des femmes du monde.<\/p><p>DEUXI\u00c8MEMENT - En utilisant le r\u00e9seau de la plateforme Mujer del Mundo, l'utilisateur confirme l'acceptation sans r\u00e9serve des pr\u00e9sentes conditions g\u00e9n\u00e9rales.<\/p><p>TROISI\u00c8MEMENT - L'utilisateur s'engage \u00e0 ne pas utiliser les services pour r\u00e9aliser des activit\u00e9s contraires \u00e0 la loi, \u00e0 la morale et \u00e0 l'ordre public et, en g\u00e9n\u00e9ral, \u00e0 les utiliser conform\u00e9ment aux pr\u00e9sentes conditions g\u00e9n\u00e9rales. De m\u00eame, il s'engage \u00e0 ne pas r\u00e9aliser d'activit\u00e9s publicitaires ou commerciales et \u00e0 ne pas envoyer de messages sous une fausse identit\u00e9 ou d'une mani\u00e8re qui dissimule l'origine du message.<\/p><p>QUATRI\u00c8MEMENT - La Plateforme Femmes du Monde agit uniquement en tant que Service facilitant la communication entre les parties, n'\u00e9tant pas responsable des contenus contraires aux conditions g\u00e9n\u00e9rales pouvant \u00eatre envoy\u00e9s par les parties, l'Utilisateur \u00e9tant le seul sujet responsable de la v\u00e9racit\u00e9 et de la l\u00e9galit\u00e9 de ces derniers. En particulier, il est interdit d'utiliser le service pour envoyer ou annoncer des mat\u00e9riels qui critiquent les fournisseurs de services.<\/p><p>CINQUI\u00c8ME. - L'Utilisateur s'engage \u00e0 respecter les restrictions impos\u00e9es \u00e0 l'utilisation du Service par la Plateforme Femmes du Monde.<\/p><p>SIXI\u00c8ME - La plate-forme des femmes du monde n'est pas responsable des d\u00e9faillances qui peuvent survenir dans les communications, y compris l'effacement, la transmission incompl\u00e8te ou les retards de transmission, et ne peut garantir que le r\u00e9seau est op\u00e9rationnel \u00e0 tout moment. La Plate-forme des femmes du monde n'est pas non plus responsable dans le cas o\u00f9 un tiers, en violation des mesures de s\u00e9curit\u00e9 \u00e9tablies par la Plate-forme des femmes du monde, acc\u00e8de aux messages ou les utilise pour la transmission de virus informatiques.<\/p><p>La plate-forme des femmes du monde traite vos donn\u00e9es personnelles avec une confidentialit\u00e9 absolue. C'est pourquoi la plate-forme Femmes du monde a pris des mesures techniques et organisationnelles appropri\u00e9es pour assurer la s\u00e9curit\u00e9 de vos donn\u00e9es \u00e0 caract\u00e8re personnel et emp\u00eacher leur destruction, leur perte, leur acc\u00e8s ill\u00e9gal ou leur modification ill\u00e9gale. Ces mesures ont \u00e9t\u00e9 adopt\u00e9es en tenant compte de crit\u00e8res tels que la port\u00e9e, le contexte et la finalit\u00e9 du traitement des donn\u00e9es, les conditions techniques et les risques encourus.<\/p><p>La Plate-forme des femmes du monde a adopt\u00e9 toutes les mesures de s\u00e9curit\u00e9 l\u00e9galement requises pour la protection des donn\u00e9es personnelles fournies par l'utilisateur. Toutefois, la Plate-forme des femmes du monde ne peut garantir l'invuln\u00e9rabilit\u00e9 absolue de ses syst\u00e8mes de s\u00e9curit\u00e9, ni la s\u00e9curit\u00e9 ou l'inviolabilit\u00e9 des donn\u00e9es transmises sur le r\u00e9seau.<\/p><p>La plate-forme Femmes du monde ne garantit pas la l\u00e9galit\u00e9, la fiabilit\u00e9 et l'utilit\u00e9 des contenus, ni leur v\u00e9racit\u00e9 ou leur exactitude.<\/p><p>Les liens que le site met \u00e0 la disposition des utilisateurs ont pour seul but de trouver les m\u00eames informations que celles disponibles sur Internet. La plate-forme Femmes du monde n'offre ni ne commercialise les produits et services disponibles sur les sites li\u00e9s, et n'assume aucune responsabilit\u00e9 \u00e0 l'\u00e9gard de ces produits et services.<\/p><p>La plate-forme Femmes du monde ne peut pas contr\u00f4ler l'utilisation que les utilisateurs font du portail, ni garantir qu'ils le font conform\u00e9ment \u00e0 ces conditions.<\/p><p>SEPTI\u00c8ME - La Plate-forme Femmes du Monde peut interrompre le Service ou mettre fin imm\u00e9diatement \u00e0 la relation avec l'Utilisateur si elle constate que l'utilisation de son site web ou de l'un des services qui y sont offerts est contraire aux pr\u00e9sentes conditions g\u00e9n\u00e9rales.<\/p><p>HUITIEME - La Plate-forme Femmes du Monde se r\u00e9serve le droit d'interrompre la fourniture de l'un quelconque des services du r\u00e9seau, qu'il suffira de communiquer sur l'\u00e9cran d'acc\u00e8s au Service avec un pr\u00e9avis de quinze jours. Elle a \u00e9galement le droit de modifier \u00e0 tout moment et sans pr\u00e9avis la pr\u00e9sentation et les conditions du site ou des services ainsi que les conditions requises pour leur utilisation.<\/p><p>NEUVI\u00c8ME - La plate-forme Femmes du monde peut \u00e0 tout moment modifier les pr\u00e9sentes conditions ou introduire de nouvelles conditions d'utilisation, y compris la r\u00e9siliation de l'adh\u00e9sion gratuite. Ces modifications ne s'appliquent qu'\u00e0 partir de la date de leur entr\u00e9e en vigueur.<\/p><p>DIXI\u00c8ME. - L'utilisateur accepte que les donn\u00e9es personnelles fournies \u00e0 la plateforme Femmes du monde ou fournies \u00e0 l'avenir soient incorpor\u00e9es dans un registre de traitement des donn\u00e9es, qui rel\u00e8ve de la responsabilit\u00e9 de la plateforme Femmes du monde et du propri\u00e9taire du registre.<\/p><p>Le propri\u00e9taire des donn\u00e9es accepte l'installation de cookies dans son navigateur.\u00a0<\/p><p>ONZI\u00c8ME. - Il est permis de copier, distribuer et\/ou modifier le contenu publi\u00e9 sur www.womenworldplatform.com, sauf dans les cas explicitement mentionn\u00e9s dans les conditions de Creative Commons.<\/p><p>DOUZE. - Les parties, renon\u00e7ant express\u00e9ment \u00e0 leur propre juridiction, acceptent la loi espagnole comme l\u00e9gislation r\u00e9gissant les conditions g\u00e9n\u00e9rales et se soumettent aux cours et tribunaux de Madrid pour la r\u00e9solution de tout litige pouvant d\u00e9couler de celles-ci.<\/p>\t\t\t\t\t\t\t\t<\/div>\n\t\t\t\t<\/div>\n\t\t\t\t\t<\/div>\n\t\t\t\t<\/div>\n\t\t\t\t\t<\/div>\n\t\t\t\t<\/div>\n\t\t\t\t<\/div>","protected":false},"excerpt":{"rendered":"<p>Pol\u00edtica de Privacidad T\u00e9rminos y condiciones Women of the World presta sus servicios con la marca comercial Plataforma Women of the World bajo los siguientes T\u00e9rminos y Condiciones: PRIMERA. \u2013 En cumplimiento de las obligaciones de informaci\u00f3n contenidas en el art\u00edculo 10 de la Ley 34\/2002, de 11 de julio, de Servicios de la Sociedad [&hellip;]<\/p>\n","protected":false},"author":1,"featured_media":0,"parent":0,"menu_order":0,"comment_status":"closed","ping_status":"closed","template":"","meta":{"give_campaign_id":0,"_uag_custom_page_level_css":"","_monsterinsights_skip_tracking":false,"_monsterinsights_sitenote_active":false,"_monsterinsights_sitenote_note":"","_monsterinsights_sitenote_category":0,"_uf_show_specific_survey":0,"_uf_disable_surveys":false,"site-sidebar-layout":"no-sidebar","site-content-layout":"page-builder","ast-site-content-layout":"full-width-container","site-content-style":"default","site-sidebar-style":"default","ast-global-header-display":"","ast-banner-title-visibility":"","ast-main-header-display":"","ast-hfb-above-header-display":"","ast-hfb-below-header-display":"","ast-hfb-mobile-header-display":"","site-post-title":"disabled","ast-breadcrumbs-content":"","ast-featured-img":"disabled","footer-sml-layout":"","ast-disable-related-posts":"","theme-transparent-header-meta":"","adv-header-id-meta":"","stick-header-meta":"","header-above-stick-meta":"","header-main-stick-meta":"","header-below-stick-meta":"","astra-migrate-meta-layouts":"set","ast-page-background-enabled":"default","ast-page-background-meta":{"desktop":{"background-color":"","background-image":"","background-repeat":"repeat","background-position":"center center","background-size":"auto","background-attachment":"scroll","background-type":"","background-media":"","overlay-type":"","overlay-color":"","overlay-opacity":"","overlay-gradient":""},"tablet":{"background-color":"","background-image":"","background-repeat":"repeat","background-position":"center center","background-size":"auto","background-attachment":"scroll","background-type":"","background-media":"","overlay-type":"","overlay-color":"","overlay-opacity":"","overlay-gradient":""},"mobile":{"background-color":"","background-image":"","background-repeat":"repeat","background-position":"center center","background-size":"auto","background-attachment":"scroll","background-type":"","background-media":"","overlay-type":"","overlay-color":"","overlay-opacity":"","overlay-gradient":""}},"ast-content-background-meta":{"desktop":{"background-color":"var(--ast-global-color-5)","background-image":"","background-repeat":"repeat","background-position":"center center","background-size":"auto","background-attachment":"scroll","background-type":"","background-media":"","overlay-type":"","overlay-color":"","overlay-opacity":"","overlay-gradient":""},"tablet":{"background-color":"var(--ast-global-color-5)","background-image":"","background-repeat":"repeat","background-position":"center center","background-size":"auto","background-attachment":"scroll","background-type":"","background-media":"","overlay-type":"","overlay-color":"","overlay-opacity":"","overlay-gradient":""},"mobile":{"background-color":"var(--ast-global-color-5)","background-image":"","background-repeat":"repeat","background-position":"center center","background-size":"auto","background-attachment":"scroll","background-type":"","background-media":"","overlay-type":"","overlay-color":"","overlay-opacity":"","overlay-gradient":""}},"footnotes":""},"class_list":["post-1813","page","type-page","status-publish","hentry"],"aioseo_notices":[],"campaignId":"","uagb_featured_image_src":{"full":false,"thumbnail":false,"medium":false,"medium_large":false,"large":false,"1536x1536":false,"2048x2048":false,"trp-custom-language-flag":false},"uagb_author_info":{"display_name":"wowplatform","author_link":"https:\/\/womenworldplatform.com\/fr\/author\/brechawow\/"},"uagb_comment_info":0,"uagb_excerpt":"Pol\u00edtica de Privacidad T\u00e9rminos y condiciones Women of the World presta sus servicios con la marca comercial Plataforma Women of the World bajo los siguientes T\u00e9rminos y Condiciones: PRIMERA. \u2013 En cumplimiento de las obligaciones de informaci\u00f3n contenidas en el art\u00edculo 10 de la Ley 34\/2002, de 11 de julio, de Servicios de la Sociedad\u2026","rttpg_featured_image_url":null,"rttpg_author":{"display_name":"wowplatform","author_link":"https:\/\/womenworldplatform.com\/fr\/author\/brechawow\/"},"rttpg_comment":0,"rttpg_category":null,"rttpg_excerpt":"Pol\u00edtica de Privacidad T\u00e9rminos y condiciones Women of the World presta sus servicios con la marca comercial Plataforma Women of the World bajo los siguientes T\u00e9rminos y Condiciones: PRIMERA. \u2013 En cumplimiento de las obligaciones de informaci\u00f3n contenidas en el art\u00edculo 10 de la Ley 34\/2002, de 11 de julio, de Servicios de la Sociedad\u2026","_links":{"self":[{"href":"https:\/\/womenworldplatform.com\/fr\/wp-json\/wp\/v2\/pages\/1813"}],"collection":[{"href":"https:\/\/womenworldplatform.com\/fr\/wp-json\/wp\/v2\/pages"}],"about":[{"href":"https:\/\/womenworldplatform.com\/fr\/wp-json\/wp\/v2\/types\/page"}],"author":[{"embeddable":true,"href":"https:\/\/womenworldplatform.com\/fr\/wp-json\/wp\/v2\/users\/1"}],"replies":[{"embeddable":true,"href":"https:\/\/womenworldplatform.com\/fr\/wp-json\/wp\/v2\/comments?post=1813"}],"version-history":[{"count":4,"href":"https:\/\/womenworldplatform.com\/fr\/wp-json\/wp\/v2\/pages\/1813\/revisions"}],"predecessor-version":[{"id":1817,"href":"https:\/\/womenworldplatform.com\/fr\/wp-json\/wp\/v2\/pages\/1813\/revisions\/1817"}],"wp:attachment":[{"href":"https:\/\/womenworldplatform.com\/fr\/wp-json\/wp\/v2\/media?parent=1813"}],"curies":[{"name":"wp","href":"https:\/\/api.w.org\/{rel}","templated":true}]}}