{"id":1813,"date":"2024-03-15T20:03:08","date_gmt":"2024-03-15T19:03:08","guid":{"rendered":"https:\/\/womenworldplatform.com\/?page_id=1813"},"modified":"2024-03-15T20:03:45","modified_gmt":"2024-03-15T19:03:45","slug":"politica-de-privacidad","status":"publish","type":"page","link":"https:\/\/womenworldplatform.com\/it\/politica-de-privacidad\/","title":{"rendered":"Informativa sulla privacy"},"content":{"rendered":"<div data-elementor-type=\"wp-page\" data-elementor-id=\"1813\" class=\"elementor elementor-1813\">\n\t\t\t\t<div class=\"elementor-element elementor-element-c805762 e-flex e-con-boxed e-con e-parent\" data-id=\"c805762\" data-element_type=\"container\" data-e-type=\"container\" data-settings=\"{&quot;background_background&quot;:&quot;classic&quot;}\">\n\t\t\t\t\t<div class=\"e-con-inner\">\n\t\t<div class=\"elementor-element elementor-element-9dbf9da e-con-full e-flex e-con e-child\" data-id=\"9dbf9da\" data-element_type=\"container\" data-e-type=\"container\">\n\t\t\t\t<div class=\"elementor-element elementor-element-af006bf elementor-widget elementor-widget-heading\" data-id=\"af006bf\" data-element_type=\"widget\" data-e-type=\"widget\" data-widget_type=\"heading.default\">\n\t\t\t\t<div class=\"elementor-widget-container\">\n\t\t\t\t\t<h1 class=\"elementor-heading-title elementor-size-default\">Informativa sulla privacy<\/h1>\t\t\t\t<\/div>\n\t\t\t\t<\/div>\n\t\t\t\t<\/div>\n\t\t\t\t\t<\/div>\n\t\t\t\t<\/div>\n\t\t<div class=\"elementor-element elementor-element-955ee6b e-flex e-con-boxed e-con e-parent\" data-id=\"955ee6b\" data-element_type=\"container\" data-e-type=\"container\">\n\t\t\t\t\t<div class=\"e-con-inner\">\n\t\t<div class=\"elementor-element elementor-element-4b47077 e-con-full e-flex e-con e-child\" data-id=\"4b47077\" data-element_type=\"container\" data-e-type=\"container\">\n\t\t\t\t<div class=\"elementor-element elementor-element-d952ea0 elementor-widget__width-auto elementor-widget elementor-widget-heading\" data-id=\"d952ea0\" data-element_type=\"widget\" data-e-type=\"widget\" data-widget_type=\"heading.default\">\n\t\t\t\t<div class=\"elementor-widget-container\">\n\t\t\t\t\t<h3 class=\"elementor-heading-title elementor-size-default\">Termini e condizioni<\/h3>\t\t\t\t<\/div>\n\t\t\t\t<\/div>\n\t\t\t\t<div class=\"elementor-element elementor-element-4e729db elementor-widget__width-auto elementor-widget-divider--view-line elementor-widget elementor-widget-divider\" data-id=\"4e729db\" data-element_type=\"widget\" data-e-type=\"widget\" data-widget_type=\"divider.default\">\n\t\t\t\t<div class=\"elementor-widget-container\">\n\t\t\t\t\t\t\t<div class=\"elementor-divider\">\n\t\t\t<span class=\"elementor-divider-separator\">\n\t\t\t\t\t\t<\/span>\n\t\t<\/div>\n\t\t\t\t\t\t<\/div>\n\t\t\t\t<\/div>\n\t\t\t\t<\/div>\n\t\t\t\t\t<\/div>\n\t\t\t\t<\/div>\n\t\t<div class=\"elementor-element elementor-element-715d5e8 e-flex e-con-boxed e-con e-parent\" data-id=\"715d5e8\" data-element_type=\"container\" data-e-type=\"container\">\n\t\t\t\t\t<div class=\"e-con-inner\">\n\t\t<div class=\"elementor-element elementor-element-49bbb08 e-flex e-con-boxed e-con e-child\" data-id=\"49bbb08\" data-element_type=\"container\" data-e-type=\"container\">\n\t\t\t\t\t<div class=\"e-con-inner\">\n\t\t\t\t<div class=\"elementor-element elementor-element-86432d7 elementor-widget elementor-widget-text-editor\" data-id=\"86432d7\" data-element_type=\"widget\" data-e-type=\"widget\" data-widget_type=\"text-editor.default\">\n\t\t\t\t<div class=\"elementor-widget-container\">\n\t\t\t\t\t\t\t\t\t<p>Women of the World fornisce i propri servizi con il marchio Women of the World Platform secondo i seguenti Termini e condizioni:<\/p><p>PRIMO - In ottemperanza agli obblighi di informazione previsti dall'articolo 10 della Legge 34\/2002, dell'11 luglio, sui Servizi della Societ\u00e0 dell'Informazione e del Commercio Elettronico, si riportano i seguenti dettagli:<\/p><p>La Piattaforma Donne del Mondo \u00e8 di propriet\u00e0 e gestita dall'Associazione Donne del Mondo con sede in Calle Mu\u00f1oz Barrios 2, 28223 Pozuelo de Alarc\u00f3n, Madrid, Spagna, iscritta al Registro delle Associazioni spagnolo con il numero 609490 e con CIF: G-87658043.<\/p><p>I servizi offerti dalla Piattaforma Donne del Mondo ai propri utenti sono quelli eventualmente resi disponibili all'interno della rete della Piattaforma Donne del Mondo, a titolo gratuito, essendo tale circostanza soggetta a modifiche in conformit\u00e0 alla clausola nove delle presenti condizioni. Alcuni dei servizi offerti richiedono la preventiva registrazione dell'utente e sono disponibili solo per gli utenti registrati alla rete della Piattaforma Donne del Mondo.<\/p><p>SECONDO - Utilizzando la rete della Piattaforma Mujer del Mundo, l'Utente conferma l'accettazione senza riserve delle presenti condizioni generali.<\/p><p>TERZO - L'Utente si impegna a non utilizzare i servizi per svolgere attivit\u00e0 contrarie alla legge, al buon costume e all'ordine pubblico e, in generale, a utilizzarli in conformit\u00e0 ai presenti termini e condizioni. Allo stesso modo, si impegna a non svolgere alcuna attivit\u00e0 pubblicitaria o commerciale o a inviare messaggi utilizzando una falsa identit\u00e0 o in qualsiasi modo che nasconda l'origine del messaggio.<\/p><p>QUARTO - La Piattaforma Donne del Mondo agisce esclusivamente come un Servizio che facilita la comunicazione tra le parti, non essendo responsabile dei contenuti contrari alle condizioni generali che possono essere inviati dalle parti, essendo l'Utente l'unico soggetto responsabile della veridicit\u00e0 e della legalit\u00e0 degli stessi. In particolare, \u00e8 vietato utilizzare il Servizio per inviare o pubblicizzare materiali che critichino i fornitori del servizio.<\/p><p>QUINTO. - L'Utente si impegna a rispettare le restrizioni imposte all'uso del Servizio dalla Piattaforma Donne del Mondo.<\/p><p>SESTO - La Piattaforma delle Donne del Mondo non \u00e8 responsabile di eventuali guasti che possono verificarsi nelle comunicazioni, compresa la cancellazione, la trasmissione incompleta o i ritardi nella trasmissione, e non pu\u00f2 garantire che la rete sia sempre operativa. La Piattaforma delle Donne nel Mondo non sar\u00e0 inoltre responsabile nel caso in cui un terzo, in violazione delle misure di sicurezza stabilite dalla Piattaforma delle Donne nel Mondo, acceda ai messaggi o li utilizzi per la trasmissione di virus informatici.<\/p><p>La Piattaforma Donne del Mondo tratta i vostri dati personali con assoluta riservatezza. Pertanto, la Piattaforma Donne del Mondo ha adottato misure tecniche e organizzative adeguate per garantire la sicurezza dei vostri dati personali e per impedirne la distruzione, la perdita, l'accesso illegale o l'alterazione illecita. Tali misure sono state adottate tenendo conto di criteri quali l'ambito, il contesto e lo scopo del trattamento dei dati, le condizioni tecniche e i rischi connessi.<\/p><p>La Piattaforma Donne del Mondo ha adottato tutte le misure di sicurezza richieste dalla legge per la protezione dei dati personali forniti dall'Utente. Tuttavia, la Piattaforma Donne del Mondo non pu\u00f2 garantire l'assoluta invulnerabilit\u00e0 dei propri sistemi di sicurezza, n\u00e9 la sicurezza o l'inviolabilit\u00e0 dei dati inviati in rete.<\/p><p>La Piattaforma Donne del Mondo non garantisce la legalit\u00e0, l'affidabilit\u00e0 e l'utilit\u00e0 dei contenuti, n\u00e9 la loro veridicit\u00e0 o accuratezza.<\/p><p>I link che il sito fornisce agli utenti hanno il solo scopo di trovare le stesse informazioni disponibili su Internet. La Piattaforma Donne del Mondo non offre n\u00e9 commercializza i prodotti e i servizi disponibili sui siti collegati, n\u00e9 si assume alcuna responsabilit\u00e0 per tali prodotti o servizi.<\/p><p>La Piattaforma Donne del Mondo non pu\u00f2 controllare l'uso che gli utenti fanno del portale, n\u00e9 pu\u00f2 garantire che lo facciano in conformit\u00e0 con le presenti condizioni.<\/p><p>SETTIMO - La Piattaforma Donne del Mondo pu\u00f2 interrompere il Servizio o risolvere immediatamente il rapporto con l'Utente se rileva che l'uso del suo sito web o di uno qualsiasi dei servizi offerti \u00e8 contrario alle presenti condizioni generali.<\/p><p>OTTAVO - La Piattaforma Donne del Mondo si riserva il diritto di interrompere la fornitura di uno qualsiasi dei servizi della rete, baster\u00e0 comunicare sullo schermo l'accesso al Servizio con un preavviso di quindici giorni. Ha inoltre il diritto di modificare in qualsiasi momento e senza preavviso la presentazione e le condizioni del sito o dei servizi e le condizioni richieste per il loro utilizzo.<\/p><p>NINTO - La Piattaforma Donne del Mondo pu\u00f2 modificare in qualsiasi momento le presenti condizioni o introdurre nuove condizioni di utilizzo, compresa la cessazione dell'iscrizione gratuita. Tali modifiche si applicheranno solo a partire dalla data della loro entrata in vigore.<\/p><p>DECIMO. - L'utente accetta che i dati personali forniti alla Piattaforma Donne del Mondo o forniti in futuro saranno inseriti in un registro del trattamento dei dati, di cui \u00e8 responsabile la Piattaforma Donne del Mondo e il proprietario del registro.<\/p><p>Il titolare dei dati accetta l'installazione dei cookie nel suo browser.\u00a0<\/p><p>ELEVATO. - \u00c8 concesso il permesso di copiare, distribuire e\/o modificare i contenuti pubblicati su www.womenworldplatform.com, salvo quanto esplicitamente indicato nei termini Creative Commons.<\/p><p>DODICESIMO. - Le parti, rinunciando espressamente alla propria giurisdizione, accettano la legge spagnola come normativa di riferimento per le condizioni generali, e si sottopongono alle Corti e ai Tribunali di Madrid per la risoluzione di eventuali controversie che possano derivare dalle stesse.<\/p>\t\t\t\t\t\t\t\t<\/div>\n\t\t\t\t<\/div>\n\t\t\t\t\t<\/div>\n\t\t\t\t<\/div>\n\t\t\t\t\t<\/div>\n\t\t\t\t<\/div>\n\t\t\t\t<\/div>","protected":false},"excerpt":{"rendered":"<p>Pol\u00edtica de Privacidad T\u00e9rminos y condiciones Women of the World presta sus servicios con la marca comercial Plataforma Women of the World bajo los siguientes T\u00e9rminos y Condiciones: PRIMERA. \u2013 En cumplimiento de las obligaciones de informaci\u00f3n contenidas en el art\u00edculo 10 de la Ley 34\/2002, de 11 de julio, de Servicios de la Sociedad [&hellip;]<\/p>\n","protected":false},"author":1,"featured_media":0,"parent":0,"menu_order":0,"comment_status":"closed","ping_status":"closed","template":"","meta":{"give_campaign_id":0,"_uag_custom_page_level_css":"","_monsterinsights_skip_tracking":false,"_monsterinsights_sitenote_active":false,"_monsterinsights_sitenote_note":"","_monsterinsights_sitenote_category":0,"_uf_show_specific_survey":0,"_uf_disable_surveys":false,"site-sidebar-layout":"no-sidebar","site-content-layout":"page-builder","ast-site-content-layout":"full-width-container","site-content-style":"default","site-sidebar-style":"default","ast-global-header-display":"","ast-banner-title-visibility":"","ast-main-header-display":"","ast-hfb-above-header-display":"","ast-hfb-below-header-display":"","ast-hfb-mobile-header-display":"","site-post-title":"disabled","ast-breadcrumbs-content":"","ast-featured-img":"disabled","footer-sml-layout":"","ast-disable-related-posts":"","theme-transparent-header-meta":"","adv-header-id-meta":"","stick-header-meta":"","header-above-stick-meta":"","header-main-stick-meta":"","header-below-stick-meta":"","astra-migrate-meta-layouts":"set","ast-page-background-enabled":"default","ast-page-background-meta":{"desktop":{"background-color":"","background-image":"","background-repeat":"repeat","background-position":"center center","background-size":"auto","background-attachment":"scroll","background-type":"","background-media":"","overlay-type":"","overlay-color":"","overlay-opacity":"","overlay-gradient":""},"tablet":{"background-color":"","background-image":"","background-repeat":"repeat","background-position":"center center","background-size":"auto","background-attachment":"scroll","background-type":"","background-media":"","overlay-type":"","overlay-color":"","overlay-opacity":"","overlay-gradient":""},"mobile":{"background-color":"","background-image":"","background-repeat":"repeat","background-position":"center center","background-size":"auto","background-attachment":"scroll","background-type":"","background-media":"","overlay-type":"","overlay-color":"","overlay-opacity":"","overlay-gradient":""}},"ast-content-background-meta":{"desktop":{"background-color":"var(--ast-global-color-5)","background-image":"","background-repeat":"repeat","background-position":"center center","background-size":"auto","background-attachment":"scroll","background-type":"","background-media":"","overlay-type":"","overlay-color":"","overlay-opacity":"","overlay-gradient":""},"tablet":{"background-color":"var(--ast-global-color-5)","background-image":"","background-repeat":"repeat","background-position":"center center","background-size":"auto","background-attachment":"scroll","background-type":"","background-media":"","overlay-type":"","overlay-color":"","overlay-opacity":"","overlay-gradient":""},"mobile":{"background-color":"var(--ast-global-color-5)","background-image":"","background-repeat":"repeat","background-position":"center center","background-size":"auto","background-attachment":"scroll","background-type":"","background-media":"","overlay-type":"","overlay-color":"","overlay-opacity":"","overlay-gradient":""}},"footnotes":""},"class_list":["post-1813","page","type-page","status-publish","hentry"],"aioseo_notices":[],"campaignId":"","uagb_featured_image_src":{"full":false,"thumbnail":false,"medium":false,"medium_large":false,"large":false,"1536x1536":false,"2048x2048":false,"trp-custom-language-flag":false},"uagb_author_info":{"display_name":"wowplatform","author_link":"https:\/\/womenworldplatform.com\/it\/author\/brechawow\/"},"uagb_comment_info":0,"uagb_excerpt":"Pol\u00edtica de Privacidad T\u00e9rminos y condiciones Women of the World presta sus servicios con la marca comercial Plataforma Women of the World bajo los siguientes T\u00e9rminos y Condiciones: PRIMERA. \u2013 En cumplimiento de las obligaciones de informaci\u00f3n contenidas en el art\u00edculo 10 de la Ley 34\/2002, de 11 de julio, de Servicios de la Sociedad&hellip;","rttpg_featured_image_url":null,"rttpg_author":{"display_name":"wowplatform","author_link":"https:\/\/womenworldplatform.com\/it\/author\/brechawow\/"},"rttpg_comment":0,"rttpg_category":null,"rttpg_excerpt":"Pol\u00edtica de Privacidad T\u00e9rminos y condiciones Women of the World presta sus servicios con la marca comercial Plataforma Women of the World bajo los siguientes T\u00e9rminos y Condiciones: PRIMERA. \u2013 En cumplimiento de las obligaciones de informaci\u00f3n contenidas en el art\u00edculo 10 de la Ley 34\/2002, de 11 de julio, de Servicios de la Sociedad&hellip;","_links":{"self":[{"href":"https:\/\/womenworldplatform.com\/it\/wp-json\/wp\/v2\/pages\/1813"}],"collection":[{"href":"https:\/\/womenworldplatform.com\/it\/wp-json\/wp\/v2\/pages"}],"about":[{"href":"https:\/\/womenworldplatform.com\/it\/wp-json\/wp\/v2\/types\/page"}],"author":[{"embeddable":true,"href":"https:\/\/womenworldplatform.com\/it\/wp-json\/wp\/v2\/users\/1"}],"replies":[{"embeddable":true,"href":"https:\/\/womenworldplatform.com\/it\/wp-json\/wp\/v2\/comments?post=1813"}],"version-history":[{"count":4,"href":"https:\/\/womenworldplatform.com\/it\/wp-json\/wp\/v2\/pages\/1813\/revisions"}],"predecessor-version":[{"id":1817,"href":"https:\/\/womenworldplatform.com\/it\/wp-json\/wp\/v2\/pages\/1813\/revisions\/1817"}],"wp:attachment":[{"href":"https:\/\/womenworldplatform.com\/it\/wp-json\/wp\/v2\/media?parent=1813"}],"curies":[{"name":"wp","href":"https:\/\/api.w.org\/{rel}","templated":true}]}}