{"id":2765,"date":"2024-08-13T19:14:06","date_gmt":"2024-08-13T17:14:06","guid":{"rendered":"https:\/\/womenworldplatform.com\/?page_id=2765"},"modified":"2024-09-26T18:42:13","modified_gmt":"2024-09-26T16:42:13","slug":"resources-3","status":"publish","type":"page","link":"https:\/\/womenworldplatform.com\/it\/resources-3\/","title":{"rendered":"risorse-3"},"content":{"rendered":"<div data-elementor-type=\"wp-page\" data-elementor-id=\"2765\" class=\"elementor elementor-2765\">\n\t\t\t\t<div class=\"elementor-element elementor-element-421efb13 e-flex e-con-boxed e-con e-parent\" data-id=\"421efb13\" data-element_type=\"container\" data-e-type=\"container\" data-settings=\"{&quot;background_background&quot;:&quot;classic&quot;}\">\n\t\t\t\t\t<div class=\"e-con-inner\">\n\t\t<div class=\"elementor-element elementor-element-3f7628c2 e-con-full e-flex e-con e-child\" data-id=\"3f7628c2\" data-element_type=\"container\" data-e-type=\"container\">\n\t\t\t\t<div class=\"elementor-element elementor-element-295728b1 elementor-widget elementor-widget-heading\" data-id=\"295728b1\" data-element_type=\"widget\" data-e-type=\"widget\" data-widget_type=\"heading.default\">\n\t\t\t\t<div class=\"elementor-widget-container\">\n\t\t\t\t\t<h1 class=\"elementor-heading-title elementor-size-default\">Risorse<\/h1>\t\t\t\t<\/div>\n\t\t\t\t<\/div>\n\t\t\t\t<\/div>\n\t\t\t\t\t<\/div>\n\t\t\t\t<\/div>\n\t\t<div class=\"elementor-element elementor-element-eff7c0a e-flex e-con-boxed e-con e-parent\" data-id=\"eff7c0a\" data-element_type=\"container\" data-e-type=\"container\" data-settings=\"{&quot;background_background&quot;:&quot;classic&quot;}\">\n\t\t\t\t\t<div class=\"e-con-inner\">\n\t\t<div class=\"elementor-element elementor-element-1c1ff5c3 e-con-full e-flex e-con e-child\" data-id=\"1c1ff5c3\" data-element_type=\"container\" data-e-type=\"container\">\n\t\t<div class=\"elementor-element elementor-element-407bb9e6 e-con-full e-flex e-con e-child\" data-id=\"407bb9e6\" data-element_type=\"container\" data-e-type=\"container\">\n\t\t<div class=\"elementor-element elementor-element-32491cff e-con-full e-flex e-con e-child\" data-id=\"32491cff\" data-element_type=\"container\" data-e-type=\"container\">\n\t\t\t\t<div class=\"elementor-element elementor-element-4034438a elementor-widget elementor-widget-image\" data-id=\"4034438a\" data-element_type=\"widget\" data-e-type=\"widget\" data-widget_type=\"image.default\">\n\t\t\t\t<div class=\"elementor-widget-container\">\n\t\t\t\t\t\t\t\t\t\t\t\t\t\t\t\t<a href=\"https:\/\/womenworldplatform.com\/it\/un_8m_contra_la_explotacion_de_la_mujer\/\">\n\t\t\t\t\t\t\t<img decoding=\"async\" src=\"https:\/\/womenworldplatform.com\/wp-content\/uploads\/2024\/09\/Consenso-de-la-Declaracion-de-Ginebra-2021.jpg\" title=\"\" alt=\"\" loading=\"lazy\" \/>\t\t\t\t\t\t\t\t<\/a>\n\t\t\t\t\t\t\t\t\t\t\t\t\t\t\t<\/div>\n\t\t\t\t<\/div>\n\t\t\t\t<\/div>\n\t\t<div class=\"elementor-element elementor-element-30563ee e-con-full e-flex e-con e-child\" data-id=\"30563ee\" data-element_type=\"container\" data-e-type=\"container\">\n\t\t\t\t<div class=\"elementor-element elementor-element-5cae10a0 elementor-widget elementor-widget-heading\" data-id=\"5cae10a0\" data-element_type=\"widget\" data-e-type=\"widget\" data-widget_type=\"heading.default\">\n\t\t\t\t<div class=\"elementor-widget-container\">\n\t\t\t\t\t<h3 class=\"elementor-heading-title elementor-size-default\">CONSENSO DELLA DICHIARAZIONE DI GINEVRA<\/h3>\t\t\t\t<\/div>\n\t\t\t\t<\/div>\n\t\t\t\t<div class=\"elementor-element elementor-element-27329088 elementor-widget elementor-widget-heading\" data-id=\"27329088\" data-element_type=\"widget\" data-e-type=\"widget\" data-widget_type=\"heading.default\">\n\t\t\t\t<div class=\"elementor-widget-container\">\n\t\t\t\t\t<h5 class=\"elementor-heading-title elementor-size-default\">17 gennaio 2021<\/h5>\t\t\t\t<\/div>\n\t\t\t\t<\/div>\n\t\t\t\t<div class=\"elementor-element elementor-element-617680e9 elementor-widget elementor-widget-text-editor\" data-id=\"617680e9\" data-element_type=\"widget\" data-e-type=\"widget\" data-widget_type=\"text-editor.default\">\n\t\t\t\t<div class=\"elementor-widget-container\">\n\t\t\t\t\t\t\t\t\t<p>Declaraci\u00f3n de Ginebra: Consenso sobre el fomento de la salud de las mujeres y el fortalecimiento de la familia.<\/p>\t\t\t\t\t\t\t\t<\/div>\n\t\t\t\t<\/div>\n\t\t\t\t<div class=\"elementor-element elementor-element-4cc2e420 elementor-widget elementor-widget-text-editor\" data-id=\"4cc2e420\" data-element_type=\"widget\" data-e-type=\"widget\" data-widget_type=\"text-editor.default\">\n\t\t\t\t<div class=\"elementor-widget-container\">\n\t\t\t\t\t\t\t\t\t<p><a href=\"https:\/\/womenworldplatform.com\/it\/consenso-de-la-declaracion-de-ginebra\/\"><i>Consenso de la Declaraci\u00f3n de Ginebra en espa\u00f1ol<\/i><\/a><\/p>\t\t\t\t\t\t\t\t<\/div>\n\t\t\t\t<\/div>\n\t\t\t\t<\/div>\n\t\t\t\t<\/div>\n\t\t\t\t<\/div>\n\t\t\t\t\t<\/div>\n\t\t\t\t<\/div>\n\t\t<div class=\"elementor-element elementor-element-220fce77 e-flex e-con-boxed e-con e-parent\" data-id=\"220fce77\" data-element_type=\"container\" data-e-type=\"container\">\n\t\t\t\t\t<div class=\"e-con-inner\">\n\t\t<div class=\"elementor-element elementor-element-62f1332e e-con-full e-flex e-con e-child\" data-id=\"62f1332e\" data-element_type=\"container\" data-e-type=\"container\">\n\t\t<div class=\"elementor-element elementor-element-758de297 e-con-full e-flex e-con e-child\" data-id=\"758de297\" data-element_type=\"container\" data-e-type=\"container\">\n\t\t<div class=\"elementor-element elementor-element-48cbf4b1 e-con-full e-flex e-con e-child\" data-id=\"48cbf4b1\" data-element_type=\"container\" data-e-type=\"container\">\n\t\t\t\t<div class=\"elementor-element elementor-element-669d57c7 elementor-widget elementor-widget-image\" data-id=\"669d57c7\" data-element_type=\"widget\" data-e-type=\"widget\" data-widget_type=\"image.default\">\n\t\t\t\t<div class=\"elementor-widget-container\">\n\t\t\t\t\t\t\t\t\t\t\t\t\t\t\t\t<a href=\"https:\/\/womenworldplatform.com\/it\/sumate-a-la-declaracion-8m-la-mujer-no-esta-a-la-venta\/\">\n\t\t\t\t\t\t\t<img decoding=\"async\" src=\"https:\/\/womenworldplatform.com\/wp-content\/uploads\/2024\/08\/Mujer-no-a-la-venta-8M-2022.jpg\" title=\"\" alt=\"\" loading=\"lazy\" \/>\t\t\t\t\t\t\t\t<\/a>\n\t\t\t\t\t\t\t\t\t\t\t\t\t\t\t<\/div>\n\t\t\t\t<\/div>\n\t\t\t\t<\/div>\n\t\t<div class=\"elementor-element elementor-element-2ac811b1 e-con-full e-flex e-con e-child\" data-id=\"2ac811b1\" data-element_type=\"container\" data-e-type=\"container\">\n\t\t\t\t<div class=\"elementor-element elementor-element-2a5fea15 elementor-widget elementor-widget-heading\" data-id=\"2a5fea15\" data-element_type=\"widget\" data-e-type=\"widget\" data-widget_type=\"heading.default\">\n\t\t\t\t<div class=\"elementor-widget-container\">\n\t\t\t\t\t<h3 class=\"elementor-heading-title elementor-size-default\">DICHIARAZIONE 8M 2022: LE DONNE NON SONO IN VENDITA<\/h3>\t\t\t\t<\/div>\n\t\t\t\t<\/div>\n\t\t\t\t<div class=\"elementor-element elementor-element-616c6e02 elementor-widget elementor-widget-heading\" data-id=\"616c6e02\" data-element_type=\"widget\" data-e-type=\"widget\" data-widget_type=\"heading.default\">\n\t\t\t\t<div class=\"elementor-widget-container\">\n\t\t\t\t\t<h5 class=\"elementor-heading-title elementor-size-default\">6 marzo 2022<\/h5>\t\t\t\t<\/div>\n\t\t\t\t<\/div>\n\t\t\t\t<div class=\"elementor-element elementor-element-8fbe3d3 elementor-widget elementor-widget-text-editor\" data-id=\"8fbe3d3\" data-element_type=\"widget\" data-e-type=\"widget\" data-widget_type=\"text-editor.default\">\n\t\t\t\t<div class=\"elementor-widget-container\">\n\t\t\t\t\t\t\t\t\t<p>Il grande giorno \u00e8 arrivato! Oggi, 8 marzo, gridiamo: le donne non sono in vendita! Perch\u00e9, a prescindere da chi sia, l'8M non ha senso se la dignit\u00e0 delle donne non \u00e8 al centro delle richieste.<\/p>\t\t\t\t\t\t\t\t<\/div>\n\t\t\t\t<\/div>\n\t\t\t\t<div class=\"elementor-element elementor-element-1a61e9b elementor-widget elementor-widget-text-editor\" data-id=\"1a61e9b\" data-element_type=\"widget\" data-e-type=\"widget\" data-widget_type=\"text-editor.default\">\n\t\t\t\t<div class=\"elementor-widget-container\">\n\t\t\t\t\t\t\t\t\t<p><a href=\"https:\/\/womenworldplatform.com\/it\/sumate-a-la-declaracion-8m-la-mujer-no-esta-a-la-venta\/\"><i>Unisciti alla dichiarazione di 8M: le donne non sono in vendita<\/i><\/a><\/p>\t\t\t\t\t\t\t\t<\/div>\n\t\t\t\t<\/div>\n\t\t\t\t<\/div>\n\t\t\t\t<\/div>\n\t\t\t\t<\/div>\n\t\t\t\t\t<\/div>\n\t\t\t\t<\/div>\n\t\t<div class=\"elementor-element elementor-element-fa864a2 e-flex e-con-boxed e-con e-parent\" data-id=\"fa864a2\" data-element_type=\"container\" data-e-type=\"container\">\n\t\t\t\t\t<div class=\"e-con-inner\">\n\t\t<div class=\"elementor-element elementor-element-2c3f5aec e-con-full e-flex e-con e-child\" data-id=\"2c3f5aec\" data-element_type=\"container\" data-e-type=\"container\">\n\t\t<div class=\"elementor-element elementor-element-e1909c6 e-con-full e-flex e-con e-child\" data-id=\"e1909c6\" data-element_type=\"container\" data-e-type=\"container\">\n\t\t<div class=\"elementor-element elementor-element-3724e12b e-con-full e-flex e-con e-child\" data-id=\"3724e12b\" data-element_type=\"container\" data-e-type=\"container\">\n\t\t\t\t<div class=\"elementor-element elementor-element-475bbb2f elementor-widget elementor-widget-image\" data-id=\"475bbb2f\" data-element_type=\"widget\" data-e-type=\"widget\" data-widget_type=\"image.default\">\n\t\t\t\t<div class=\"elementor-widget-container\">\n\t\t\t\t\t\t\t\t\t\t\t\t\t\t\t\t<a href=\"https:\/\/womenworldplatform.com\/it\/Trata-de-Mujeres-Informe\/\">\n\t\t\t\t\t\t\t<img decoding=\"async\" src=\"https:\/\/womenworldplatform.com\/wp-content\/uploads\/2024\/08\/Trata-de-Mujeres-Informe-2022.jpg\" title=\"\" alt=\"\" loading=\"lazy\" \/>\t\t\t\t\t\t\t\t<\/a>\n\t\t\t\t\t\t\t\t\t\t\t\t\t\t\t<\/div>\n\t\t\t\t<\/div>\n\t\t\t\t<\/div>\n\t\t<div class=\"elementor-element elementor-element-539c2aea e-con-full e-flex e-con e-child\" data-id=\"539c2aea\" data-element_type=\"container\" data-e-type=\"container\">\n\t\t\t\t<div class=\"elementor-element elementor-element-1ca3953d elementor-widget elementor-widget-heading\" data-id=\"1ca3953d\" data-element_type=\"widget\" data-e-type=\"widget\" data-widget_type=\"heading.default\">\n\t\t\t\t<div class=\"elementor-widget-container\">\n\t\t\t\t\t<h3 class=\"elementor-heading-title elementor-size-default\">TRATTA DELLE DONNE: RAPPORTO<\/h3>\t\t\t\t<\/div>\n\t\t\t\t<\/div>\n\t\t\t\t<div class=\"elementor-element elementor-element-2f585f98 elementor-widget elementor-widget-heading\" data-id=\"2f585f98\" data-element_type=\"widget\" data-e-type=\"widget\" data-widget_type=\"heading.default\">\n\t\t\t\t<div class=\"elementor-widget-container\">\n\t\t\t\t\t<h5 class=\"elementor-heading-title elementor-size-default\">Marzo 2022<\/h5>\t\t\t\t<\/div>\n\t\t\t\t<\/div>\n\t\t\t\t<div class=\"elementor-element elementor-element-3591095f elementor-widget elementor-widget-text-editor\" data-id=\"3591095f\" data-element_type=\"widget\" data-e-type=\"widget\" data-widget_type=\"text-editor.default\">\n\t\t\t\t<div class=\"elementor-widget-container\">\n\t\t\t\t\t\t\t\t\t<div class=\"page\" title=\"Pagina 1\"><div class=\"layoutArea\"><div class=\"column\"><p>\u00a0Donne, uomini e bambini di diverse et\u00e0, razze, religioni o condizioni socio-economiche sono vittime di questo business criminale, i cui scopi vanno dalla schiavit\u00f9 lavorativa, alla schiavit\u00f9 riproduttiva, allo sfruttamento sessuale fino al traffico di organi. 75%, sono donne e ragazze.<\/p><\/div><\/div><\/div>\t\t\t\t\t\t\t\t<\/div>\n\t\t\t\t<\/div>\n\t\t\t\t<div class=\"elementor-element elementor-element-283324e8 elementor-widget elementor-widget-text-editor\" data-id=\"283324e8\" data-element_type=\"widget\" data-e-type=\"widget\" data-widget_type=\"text-editor.default\">\n\t\t\t\t<div class=\"elementor-widget-container\">\n\t\t\t\t\t\t\t\t\t<div class=\"page\" title=\"Pagina 1\"><div class=\"layoutArea\"><div class=\"column\"><p><a href=\"https:\/\/womenworldplatform.com\/it\/Trata-de-Mujeres-Informe\/\">30 milioni di donne e ragazze sono vittime della tratta di esseri umani<\/a><\/p><\/div><\/div><\/div>\t\t\t\t\t\t\t\t<\/div>\n\t\t\t\t<\/div>\n\t\t\t\t<\/div>\n\t\t\t\t<\/div>\n\t\t\t\t<\/div>\n\t\t\t\t\t<\/div>\n\t\t\t\t<\/div>\n\t\t<div class=\"elementor-element elementor-element-7689bdb2 e-flex e-con-boxed e-con e-parent\" data-id=\"7689bdb2\" data-element_type=\"container\" data-e-type=\"container\">\n\t\t\t\t\t<div class=\"e-con-inner\">\n\t\t<div class=\"elementor-element elementor-element-40e7afc1 e-con-full e-flex e-con e-child\" data-id=\"40e7afc1\" data-element_type=\"container\" data-e-type=\"container\">\n\t\t<div class=\"elementor-element elementor-element-44c76f01 e-con-full e-flex e-con e-child\" data-id=\"44c76f01\" data-element_type=\"container\" data-e-type=\"container\">\n\t\t<div class=\"elementor-element elementor-element-40e0ef46 e-con-full e-flex e-con e-child\" data-id=\"40e0ef46\" data-element_type=\"container\" data-e-type=\"container\">\n\t\t\t\t<div class=\"elementor-element elementor-element-154f5277 elementor-widget elementor-widget-image\" data-id=\"154f5277\" data-element_type=\"widget\" data-e-type=\"widget\" data-widget_type=\"image.default\">\n\t\t\t\t<div class=\"elementor-widget-container\">\n\t\t\t\t\t\t\t\t\t\t\t\t\t\t\t\t<a href=\"https:\/\/womenworldplatform.com\/it\/un_8m_contra_la_explotacion_de_la_mujer\/\">\n\t\t\t\t\t\t\t<img decoding=\"async\" src=\"https:\/\/womenworldplatform.com\/wp-content\/uploads\/2024\/08\/Ante-la-violencia-contra-la-mujer-2021.jpg\" title=\"\" alt=\"\" loading=\"lazy\" \/>\t\t\t\t\t\t\t\t<\/a>\n\t\t\t\t\t\t\t\t\t\t\t\t\t\t\t<\/div>\n\t\t\t\t<\/div>\n\t\t\t\t<\/div>\n\t\t<div class=\"elementor-element elementor-element-16dee815 e-con-full e-flex e-con e-child\" data-id=\"16dee815\" data-element_type=\"container\" data-e-type=\"container\">\n\t\t\t\t<div class=\"elementor-element elementor-element-5cfab585 elementor-widget elementor-widget-heading\" data-id=\"5cfab585\" data-element_type=\"widget\" data-e-type=\"widget\" data-widget_type=\"heading.default\">\n\t\t\t\t<div class=\"elementor-widget-container\">\n\t\t\t\t\t<h3 class=\"elementor-heading-title elementor-size-default\">DI FRONTE ALLA VIOLENZA CONTRO LE DONNE<\/h3>\t\t\t\t<\/div>\n\t\t\t\t<\/div>\n\t\t\t\t<div class=\"elementor-element elementor-element-5e602905 elementor-widget elementor-widget-heading\" data-id=\"5e602905\" data-element_type=\"widget\" data-e-type=\"widget\" data-widget_type=\"heading.default\">\n\t\t\t\t<div class=\"elementor-widget-container\">\n\t\t\t\t\t<h5 class=\"elementor-heading-title elementor-size-default\">22 novembre 2021<\/h5>\t\t\t\t<\/div>\n\t\t\t\t<\/div>\n\t\t\t\t<div class=\"elementor-element elementor-element-48713c4 elementor-widget elementor-widget-text-editor\" data-id=\"48713c4\" data-element_type=\"widget\" data-e-type=\"widget\" data-widget_type=\"text-editor.default\">\n\t\t\t\t<div class=\"elementor-widget-container\">\n\t\t\t\t\t\t\t\t\t<div class=\"page\" title=\"Pagina 1\"><div class=\"layoutArea\"><div class=\"column\"><p>La violenza \u00e8 tanto pi\u00f9 dolorosa quanto pi\u00f9 stretta \u00e8 la relazione con l'autore del reato, poich\u00e9 si rompono pi\u00f9 legami e si danneggiano la fiducia, la lealt\u00e0 e l'affetto. Si crea risentimento, incomprensione e rabbia. La violenza, quindi, non ha solo un effetto fisico, ma apre anche ferite a livello emotivo e psicologico.<\/p><\/div><\/div><\/div>\t\t\t\t\t\t\t\t<\/div>\n\t\t\t\t<\/div>\n\t\t\t\t<div class=\"elementor-element elementor-element-5abaea91 elementor-widget elementor-widget-text-editor\" data-id=\"5abaea91\" data-element_type=\"widget\" data-e-type=\"widget\" data-widget_type=\"text-editor.default\">\n\t\t\t\t<div class=\"elementor-widget-container\">\n\t\t\t\t\t\t\t\t\t<p><a href=\"https:\/\/womenworldplatform.com\/it\/ante-la-violencia-contra-la-mujer\/\">Di fronte alla violenza contro le donne<\/a><\/p>\t\t\t\t\t\t\t\t<\/div>\n\t\t\t\t<\/div>\n\t\t\t\t<\/div>\n\t\t\t\t<\/div>\n\t\t\t\t<\/div>\n\t\t\t\t\t<\/div>\n\t\t\t\t<\/div>\n\t\t<div class=\"elementor-element elementor-element-5ed82042 e-flex e-con-boxed e-con e-parent\" data-id=\"5ed82042\" data-element_type=\"container\" data-e-type=\"container\">\n\t\t\t\t\t<div class=\"e-con-inner\">\n\t\t<div class=\"elementor-element elementor-element-432c9e6 e-con-full e-flex e-con e-child\" data-id=\"432c9e6\" data-element_type=\"container\" data-e-type=\"container\">\n\t\t<div class=\"elementor-element elementor-element-2d55f060 e-con-full e-flex e-con e-child\" data-id=\"2d55f060\" data-element_type=\"container\" data-e-type=\"container\">\n\t\t<div class=\"elementor-element elementor-element-2cf0ed75 e-con-full e-flex e-con e-child\" data-id=\"2cf0ed75\" data-element_type=\"container\" data-e-type=\"container\">\n\t\t\t\t<div class=\"elementor-element elementor-element-760cd675 elementor-widget elementor-widget-image\" data-id=\"760cd675\" data-element_type=\"widget\" data-e-type=\"widget\" data-widget_type=\"image.default\">\n\t\t\t\t<div class=\"elementor-widget-container\">\n\t\t\t\t\t\t\t\t\t\t\t\t\t\t\t\t<a href=\"https:\/\/womenworldplatform.com\/it\/un_8m_contra_la_explotacion_de_la_mujer\/\">\n\t\t\t\t\t\t\t<img decoding=\"async\" src=\"https:\/\/womenworldplatform.com\/wp-content\/uploads\/2024\/08\/Duelo-muerte-perinatal-Informe-2021.jpg\" title=\"\" alt=\"\" loading=\"lazy\" \/>\t\t\t\t\t\t\t\t<\/a>\n\t\t\t\t\t\t\t\t\t\t\t\t\t\t\t<\/div>\n\t\t\t\t<\/div>\n\t\t\t\t<\/div>\n\t\t<div class=\"elementor-element elementor-element-285c9d36 e-con-full e-flex e-con e-child\" data-id=\"285c9d36\" data-element_type=\"container\" data-e-type=\"container\">\n\t\t\t\t<div class=\"elementor-element elementor-element-6c04d34f elementor-widget elementor-widget-heading\" data-id=\"6c04d34f\" data-element_type=\"widget\" data-e-type=\"widget\" data-widget_type=\"heading.default\">\n\t\t\t\t<div class=\"elementor-widget-container\">\n\t\t\t\t\t<h3 class=\"elementor-heading-title elementor-size-default\">IL LUTTO DOPO LA MORTE PERINATALE: UNA RELAZIONE<\/h3>\t\t\t\t<\/div>\n\t\t\t\t<\/div>\n\t\t\t\t<div class=\"elementor-element elementor-element-4eccbe85 elementor-widget elementor-widget-heading\" data-id=\"4eccbe85\" data-element_type=\"widget\" data-e-type=\"widget\" data-widget_type=\"heading.default\">\n\t\t\t\t<div class=\"elementor-widget-container\">\n\t\t\t\t\t<h5 class=\"elementor-heading-title elementor-size-default\">13 ottobre 2021<\/h5>\t\t\t\t<\/div>\n\t\t\t\t<\/div>\n\t\t\t\t<div class=\"elementor-element elementor-element-98f2ee0 elementor-widget elementor-widget-text-editor\" data-id=\"98f2ee0\" data-element_type=\"widget\" data-e-type=\"widget\" data-widget_type=\"text-editor.default\">\n\t\t\t\t<div class=\"elementor-widget-container\">\n\t\t\t\t\t\t\t\t\t<p>L'obiettivo del seguente documento \u00e8 quello di far conoscere la realt\u00e0 del lutto perinatale e la sua importanza. Inizieremo brevemente con la definizione di lutto comune per poi approfondire le caratteristiche e le esigenze del lutto dovuto alla morte di un nascituro o lutto perinatale.<\/p>\t\t\t\t\t\t\t\t<\/div>\n\t\t\t\t<\/div>\n\t\t\t\t<div class=\"elementor-element elementor-element-610fb8dc elementor-widget elementor-widget-text-editor\" data-id=\"610fb8dc\" data-element_type=\"widget\" data-e-type=\"widget\" data-widget_type=\"text-editor.default\">\n\t\t\t\t<div class=\"elementor-widget-container\">\n\t\t\t\t\t\t\t\t\t<p><a href=\"https:\/\/womenworldplatform.com\/it\/informe-psicologico-muerte-perinatal\/\">Lutto per morte perinatale<\/a><\/p>\t\t\t\t\t\t\t\t<\/div>\n\t\t\t\t<\/div>\n\t\t\t\t<\/div>\n\t\t\t\t<\/div>\n\t\t\t\t<\/div>\n\t\t\t\t\t<\/div>\n\t\t\t\t<\/div>\n\t\t<div class=\"elementor-element elementor-element-49a8d9da e-flex e-con-boxed e-con e-parent\" data-id=\"49a8d9da\" data-element_type=\"container\" data-e-type=\"container\">\n\t\t\t\t\t<div class=\"e-con-inner\">\n\t\t<div class=\"elementor-element elementor-element-8e7998d e-con-full e-flex e-con e-child\" data-id=\"8e7998d\" data-element_type=\"container\" data-e-type=\"container\">\n\t\t\t\t<div class=\"elementor-element elementor-element-7445b24d elementor-align-center elementor-widget elementor-widget-button\" data-id=\"7445b24d\" data-element_type=\"widget\" data-e-type=\"widget\" data-widget_type=\"button.default\">\n\t\t\t\t<div class=\"elementor-widget-container\">\n\t\t\t\t\t\t\t\t\t<div class=\"elementor-button-wrapper\">\n\t\t\t\t\t<a class=\"elementor-button elementor-button-link elementor-size-sm\" href=\"#\">\n\t\t\t\t\t\t<span class=\"elementor-button-content-wrapper\">\n\t\t\t\t\t\t\t\t\t<span class=\"elementor-button-text\">Pi\u00f9 vecchio<\/span>\n\t\t\t\t\t<\/span>\n\t\t\t\t\t<\/a>\n\t\t\t\t<\/div>\n\t\t\t\t\t\t\t\t<\/div>\n\t\t\t\t<\/div>\n\t\t\t\t<\/div>\n\t\t\t\t\t<\/div>\n\t\t\t\t<\/div>\n\t\t\t\t<\/div>","protected":false},"excerpt":{"rendered":"<p>Recursos CONSENSO DE LA DECLARACI\u00d3N DE GINEBRA 17 de enero de 2021 Declaraci\u00f3n de Ginebra: Consenso sobre el fomento de la salud de las mujeres y el fortalecimiento de la familia. Consenso de la Declaraci\u00f3n de Ginebra en espa\u00f1ol DECLARACI\u00d3N 8M 2022: LA MUJER NO EST\u00c1 A LA VENTA 6 de marzo de 2022 \u00a1Ha [&hellip;]<\/p>\n","protected":false},"author":1,"featured_media":0,"parent":0,"menu_order":0,"comment_status":"closed","ping_status":"closed","template":"","meta":{"give_campaign_id":0,"_uag_custom_page_level_css":"","_monsterinsights_skip_tracking":false,"_monsterinsights_sitenote_active":false,"_monsterinsights_sitenote_note":"","_monsterinsights_sitenote_category":0,"_uf_show_specific_survey":0,"_uf_disable_surveys":false,"site-sidebar-layout":"no-sidebar","site-content-layout":"page-builder","ast-site-content-layout":"full-width-container","site-content-style":"default","site-sidebar-style":"default","ast-global-header-display":"","ast-banner-title-visibility":"","ast-main-header-display":"","ast-hfb-above-header-display":"","ast-hfb-below-header-display":"","ast-hfb-mobile-header-display":"","site-post-title":"disabled","ast-breadcrumbs-content":"","ast-featured-img":"disabled","footer-sml-layout":"","ast-disable-related-posts":"","theme-transparent-header-meta":"","adv-header-id-meta":"","stick-header-meta":"","header-above-stick-meta":"","header-main-stick-meta":"","header-below-stick-meta":"","astra-migrate-meta-layouts":"set","ast-page-background-enabled":"default","ast-page-background-meta":{"desktop":{"background-color":"","background-image":"","background-repeat":"repeat","background-position":"center center","background-size":"auto","background-attachment":"scroll","background-type":"","background-media":"","overlay-type":"","overlay-color":"","overlay-opacity":"","overlay-gradient":""},"tablet":{"background-color":"","background-image":"","background-repeat":"repeat","background-position":"center center","background-size":"auto","background-attachment":"scroll","background-type":"","background-media":"","overlay-type":"","overlay-color":"","overlay-opacity":"","overlay-gradient":""},"mobile":{"background-color":"","background-image":"","background-repeat":"repeat","background-position":"center center","background-size":"auto","background-attachment":"scroll","background-type":"","background-media":"","overlay-type":"","overlay-color":"","overlay-opacity":"","overlay-gradient":""}},"ast-content-background-meta":{"desktop":{"background-color":"var(--ast-global-color-5)","background-image":"","background-repeat":"repeat","background-position":"center center","background-size":"auto","background-attachment":"scroll","background-type":"","background-media":"","overlay-type":"","overlay-color":"","overlay-opacity":"","overlay-gradient":""},"tablet":{"background-color":"var(--ast-global-color-5)","background-image":"","background-repeat":"repeat","background-position":"center center","background-size":"auto","background-attachment":"scroll","background-type":"","background-media":"","overlay-type":"","overlay-color":"","overlay-opacity":"","overlay-gradient":""},"mobile":{"background-color":"var(--ast-global-color-5)","background-image":"","background-repeat":"repeat","background-position":"center center","background-size":"auto","background-attachment":"scroll","background-type":"","background-media":"","overlay-type":"","overlay-color":"","overlay-opacity":"","overlay-gradient":""}},"footnotes":""},"class_list":["post-2765","page","type-page","status-publish","hentry"],"aioseo_notices":[],"campaignId":"","uagb_featured_image_src":{"full":false,"thumbnail":false,"medium":false,"medium_large":false,"large":false,"1536x1536":false,"2048x2048":false,"trp-custom-language-flag":false},"uagb_author_info":{"display_name":"wowplatform","author_link":"https:\/\/womenworldplatform.com\/it\/author\/brechawow\/"},"uagb_comment_info":0,"uagb_excerpt":"Recursos CONSENSO DE LA DECLARACI\u00d3N DE GINEBRA 17 de enero de 2021 Declaraci\u00f3n de Ginebra: Consenso sobre el fomento de la salud de las mujeres y el fortalecimiento de la familia. Consenso de la Declaraci\u00f3n de Ginebra en espa\u00f1ol DECLARACI\u00d3N 8M 2022: LA MUJER NO EST\u00c1 A LA VENTA 6 de marzo de 2022 \u00a1Ha&hellip;","rttpg_featured_image_url":null,"rttpg_author":{"display_name":"wowplatform","author_link":"https:\/\/womenworldplatform.com\/it\/author\/brechawow\/"},"rttpg_comment":0,"rttpg_category":null,"rttpg_excerpt":"Recursos CONSENSO DE LA DECLARACI\u00d3N DE GINEBRA 17 de enero de 2021 Declaraci\u00f3n de Ginebra: Consenso sobre el fomento de la salud de las mujeres y el fortalecimiento de la familia. Consenso de la Declaraci\u00f3n de Ginebra en espa\u00f1ol DECLARACI\u00d3N 8M 2022: LA MUJER NO EST\u00c1 A LA VENTA 6 de marzo de 2022 \u00a1Ha&hellip;","_links":{"self":[{"href":"https:\/\/womenworldplatform.com\/it\/wp-json\/wp\/v2\/pages\/2765"}],"collection":[{"href":"https:\/\/womenworldplatform.com\/it\/wp-json\/wp\/v2\/pages"}],"about":[{"href":"https:\/\/womenworldplatform.com\/it\/wp-json\/wp\/v2\/types\/page"}],"author":[{"embeddable":true,"href":"https:\/\/womenworldplatform.com\/it\/wp-json\/wp\/v2\/users\/1"}],"replies":[{"embeddable":true,"href":"https:\/\/womenworldplatform.com\/it\/wp-json\/wp\/v2\/comments?post=2765"}],"version-history":[{"count":17,"href":"https:\/\/womenworldplatform.com\/it\/wp-json\/wp\/v2\/pages\/2765\/revisions"}],"predecessor-version":[{"id":3230,"href":"https:\/\/womenworldplatform.com\/it\/wp-json\/wp\/v2\/pages\/2765\/revisions\/3230"}],"wp:attachment":[{"href":"https:\/\/womenworldplatform.com\/it\/wp-json\/wp\/v2\/media?parent=2765"}],"curies":[{"name":"wp","href":"https:\/\/api.w.org\/{rel}","templated":true}]}}